{"id":78,"date":"2021-11-04T02:10:44","date_gmt":"2021-11-04T07:10:44","guid":{"rendered":"https:\/\/riviana.com\/join-us\/"},"modified":"2023-10-19T01:22:31","modified_gmt":"2023-10-19T06:22:31","slug":"unete","status":"publish","type":"page","link":"https:\/\/riviana.com\/es\/unete\/","title":{"rendered":"\u00danete a nosotros"},"content":{"rendered":"\n<div class=\"wp-block-cover alignfull\" style=\"min-height:700px;aspect-ratio:unset;\"><span aria-hidden=\"true\" class=\"wp-block-cover__background has-background-dim-100 has-background-dim wp-block-cover__gradient-background has-background-gradient\" style=\"background:linear-gradient(290deg,rgba(255,255,255,0) 30%,rgba(255,255,255,0.8) 71%)\"><\/span><img loading=\"lazy\" decoding=\"async\" width=\"1920\" height=\"770\" class=\"wp-block-cover__image-background wp-image-3656\" alt=\"Join Riviana\" src=\"https:\/\/riviana.com\/wp-content\/uploads\/2022\/11\/HERO-join-us-option-2.jpg\" style=\"object-position:50% 50%\" data-object-fit=\"cover\" data-object-position=\"50% 50%\" srcset=\"https:\/\/riviana.com\/wp-content\/uploads\/2022\/11\/HERO-join-us-option-2.jpg 1920w, https:\/\/riviana.com\/wp-content\/uploads\/2022\/11\/HERO-join-us-option-2-300x120.jpg 300w, https:\/\/riviana.com\/wp-content\/uploads\/2022\/11\/HERO-join-us-option-2-1024x411.jpg 1024w, https:\/\/riviana.com\/wp-content\/uploads\/2022\/11\/HERO-join-us-option-2-768x308.jpg 768w, https:\/\/riviana.com\/wp-content\/uploads\/2022\/11\/HERO-join-us-option-2-1536x616.jpg 1536w, https:\/\/riviana.com\/wp-content\/uploads\/2022\/11\/HERO-join-us-option-2-1568x629.jpg 1568w\" sizes=\"auto, (max-width: 1920px) 100vw, 1920px\" \/><div class=\"wp-block-cover__inner-container is-layout-flow wp-block-cover-is-layout-flow\">\n<div class=\"wp-block-columns alignwide are-vertically-aligned-center is-layout-flex wp-container-core-columns-is-layout-9d6595d7 wp-block-columns-is-layout-flex\">\n<div class=\"wp-block-column is-vertically-aligned-center is-layout-flow wp-block-column-is-layout-flow\">\n<h1 class=\"wp-block-heading has-dazzled-blue-color has-text-color\">Encuentra oportunidades laborales con Riviana Foods<\/h1>\n<\/div>\n\n\n\n<div class=\"wp-block-column is-vertically-aligned-center is-layout-flow wp-block-column-is-layout-flow\"><\/div>\n<\/div>\n<\/div><\/div>\n\n\n<div class=\"yoast-breadcrumbs breadcrumbs\"><span><span><a href=\"https:\/\/riviana.com\/es\/\">Home<\/a><\/span> &gt; <span class=\"breadcrumb_last\" aria-current=\"page\">\u00danete a nosotros<\/span><\/span><\/div>\n\n\n<h2 class=\"wp-block-heading\">Ay\u00fadanos a liderar, nosotros te ayudaremos a disfrutarlo<\/h2>\n\n\n\n<p>En Riviana Foods lideramos el sector gracias a la pasi\u00f3n de nuestra gente y al poder de nuestras marcas. Libere su potencial y sea recompensado por su experiencia, creatividad y entusiasmo. Aqu\u00ed encontrar\u00e1s un equipo en\u00e9rgico, \u00e1gil, decidido y audaz, que prospera en un lugar de trabajo donde se fomenta y valora el pensamiento independiente y la iniciativa.<strong> <a href=\"https:\/\/rivianafoods.applicantstack.com\/x\/openings\" target=\"_blank\" rel=\"noreferrer noopener nofollow\">Consulte los puestos vacantes.<\/a><\/strong><a href=\"https:\/\/rivianafoods.applicantstack.com\/x\/openings\">\u00a0<\/a><\/p>\n\n\n\n<pre class=\"wp-block-verse has-text-align-center\"><strong>Riviana Foods se compromete a mantener un lugar de trabajo diverso y los principios de igualdad en las oportunidades de empleo. <\/strong><\/pre>\n\n\n\n<p>Invertimos en cada uno de nuestros empleados y apoyamos su desarrollo continuamente, de modo que, tanto si cuenta con a\u00f1os de experiencia como si busca su primer empleo, le ofrecemos los recursos y las oportunidades que le ayudar\u00e1n a marcar la diferencia al tiempo que consigue una calidad de vida equilibrada.<br><br>\u00bfQuiere saber m\u00e1s? Consulta nuestras vacantes disponibles e inf\u00f3rmese sobre<strong>\u00a0<a href=\"https:\/\/rivianafoods.applicantstack.com\/x\/openings\" target=\"_blank\" rel=\"noreferrer noopener nofollow\">c\u00f3mo solicitarlas<\/a>.<\/strong><\/p>\n\n\n\n<div class=\"wp-block-cover alignfull is-light bg-news\" style=\"padding-top:5vh;padding-right:0vh;padding-bottom:20vh;padding-left:0vh\"><span aria-hidden=\"true\" class=\"wp-block-cover__background has-grayfa-background-color has-background-dim-0 has-background-dim\"><\/span><img loading=\"lazy\" decoding=\"async\" width=\"633\" height=\"372\" class=\"wp-block-cover__image-background wp-image-557\" alt=\"different bowls of rice\" src=\"https:\/\/riviana.com\/wp-content\/uploads\/2021\/11\/iStock-1193713529-arroz-5-e1663670918884.png\" data-object-fit=\"cover\" srcset=\"https:\/\/riviana.com\/wp-content\/uploads\/2021\/11\/iStock-1193713529-arroz-5-e1663670918884.png 633w, https:\/\/riviana.com\/wp-content\/uploads\/2021\/11\/iStock-1193713529-arroz-5-e1663670918884-300x176.png 300w\" sizes=\"auto, (max-width: 633px) 100vw, 633px\" \/><div class=\"wp-block-cover__inner-container is-layout-flow wp-block-cover-is-layout-flow\">\n<div class=\"wp-block-columns alignwide are-vertically-aligned-center is-layout-flex wp-container-core-columns-is-layout-9d6595d7 wp-block-columns-is-layout-flex\">\n<div class=\"wp-block-column is-vertically-aligned-center is-layout-flow wp-block-column-is-layout-flow\">\n<h2 class=\"wp-block-heading has-primary-color has-text-color\">\u00daltimas noticias<\/h2>\n\n\n\n<hr class=\"wp-block-separator has-text-color has-red-color has-alpha-channel-opacity has-red-background-color has-background\"\/>\n<\/div>\n\n\n\n<div class=\"wp-block-column is-vertically-aligned-center is-layout-flow wp-block-column-is-layout-flow\">\n<div class=\"wp-block-buttons is-horizontal is-content-justification-right is-layout-flex wp-container-core-buttons-is-layout-ae2fe186 wp-block-buttons-is-layout-flex\">\n<div class=\"wp-block-button\"><a class=\"wp-block-button__link wp-element-button\" href=\"https:\/\/riviana.com\/es\/amamos-el-arroz\/\">Ver todo<\/a><\/div>\n<\/div>\n<\/div>\n<\/div>\n\n\n\n<div class=\"wp-block-query alignwide is-layout-flow wp-block-query-is-layout-flow\"><ul class=\"is-flex-container columns-3 alignwide info-card wp-block-post-template is-layout-flow wp-block-post-template-is-layout-flow\"><li class=\"wp-block-post post-26478 post type-post status-publish format-standard has-post-thumbnail hentry category-amamos-el-arroz category-notas-de-prensa tag-noticias entry\">\n<figure class=\"alignwide wp-block-post-featured-image\"><a href=\"https:\/\/riviana.com\/es\/notas-de-prensa\/minute-rice-cups-recibe-el-prestigioso-premio-producto-del-ano-usa\/\" target=\"_self\"  ><img loading=\"lazy\" decoding=\"async\" width=\"300\" height=\"236\" src=\"https:\/\/riviana.com\/wp-content\/uploads\/2025\/02\/Riviana_Foods_Inc_2025_Product_of_the_Year_USA_Awards-300x236.jpg\" class=\"attachment-latest-news-thumb size-latest-news-thumb wp-post-image\" alt=\"Minute\u00ae Rice Cups recibe el prestigioso premio Producto del A\u00f1o USA\" style=\"width:100%;height:177.67%;max-width:300px;object-fit:contain;\" \/><\/a><\/figure>\n\n\n<div class=\"wp-block-group\"><div class=\"wp-block-group__inner-container is-layout-flow wp-block-group-is-layout-flow\"><h4 class=\"wp-block-post-title has-text-color has-dazzled-blue-color\"><a href=\"https:\/\/riviana.com\/es\/notas-de-prensa\/minute-rice-cups-recibe-el-prestigioso-premio-producto-del-ano-usa\/\" target=\"_self\" >Minute\u00ae Rice Cups recibe el prestigioso premio Producto del A\u00f1o USA<\/a><\/h4>\n\n<div class=\"taxonomy-post_tag tags-links wp-block-post-terms has-text-color has-red-color\"><a href=\"https:\/\/riviana.com\/es\/tag\/noticias\/\" rel=\"tag\">Noticias<\/a><\/div>\n\n<div class=\"wp-block-post-excerpt has-text-color has-gray-3-color\"><p class=\"wp-block-post-excerpt__excerpt\">El sello de Producto del A\u00f1o es un s\u00edmbolo de calidad e innovaci\u00f3n y es otorgado a aquellos productos referentes en sus respectivos sectores.<\/p><p class=\"wp-block-post-excerpt__more-text\"><a class=\"wp-block-post-excerpt__more-link\" href=\"https:\/\/riviana.com\/es\/notas-de-prensa\/minute-rice-cups-recibe-el-prestigioso-premio-producto-del-ano-usa\/\">CONTINUAR LEYENDO<\/a><\/p><\/div><\/div><\/div>\n\n<\/li><li class=\"wp-block-post post-26471 post type-post status-publish format-standard has-post-thumbnail hentry category-amamos-el-arroz category-notas-de-prensa tag-compromiso-con-la-comunidad entry\">\n<figure class=\"alignwide wp-block-post-featured-image\"><a href=\"https:\/\/riviana.com\/es\/amamos-el-arroz\/el-programa-jars-of-hope-de-riceselect-ayuda-a-combatir-la-inseguridad-alimentaria-en-california\/\" target=\"_self\"  ><img loading=\"lazy\" decoding=\"async\" width=\"366\" height=\"236\" src=\"https:\/\/riviana.com\/wp-content\/uploads\/2025\/02\/Riviana_Rice_Donation_Jars_of_Hope-366x236.jpg\" class=\"attachment-latest-news-thumb size-latest-news-thumb wp-post-image\" alt=\"El programa \u00abJars of Hope\u00bb de RiceSelect\u00ae ayuda a combatir la inseguridad alimentaria en California\" style=\"width:100%;height:133.33%;max-width:600px;object-fit:contain;\" \/><\/a><\/figure>\n\n\n<div class=\"wp-block-group\"><div class=\"wp-block-group__inner-container is-layout-flow wp-block-group-is-layout-flow\"><h4 class=\"wp-block-post-title has-text-color has-dazzled-blue-color\"><a href=\"https:\/\/riviana.com\/es\/amamos-el-arroz\/el-programa-jars-of-hope-de-riceselect-ayuda-a-combatir-la-inseguridad-alimentaria-en-california\/\" target=\"_self\" >El programa \u00abJars of Hope\u00bb de RiceSelect\u00ae ayuda a combatir la inseguridad alimentaria en California<\/a><\/h4>\n\n<div class=\"taxonomy-post_tag tags-links wp-block-post-terms has-text-color has-red-color\"><a href=\"https:\/\/riviana.com\/es\/tag\/compromiso-con-la-comunidad\/\" rel=\"tag\">Compromiso con la Comunidad<\/a><\/div>\n\n<div class=\"wp-block-post-excerpt has-text-color has-gray-3-color\"><p class=\"wp-block-post-excerpt__excerpt\">Riviana Foods entreg\u00f3 un cheque de $25,000 a la Asociaci\u00f3n de Bancos de Alimentos de California y m\u00e1s de 15,000 libras de productos de arroz.<\/p><p class=\"wp-block-post-excerpt__more-text\"><a class=\"wp-block-post-excerpt__more-link\" href=\"https:\/\/riviana.com\/es\/amamos-el-arroz\/el-programa-jars-of-hope-de-riceselect-ayuda-a-combatir-la-inseguridad-alimentaria-en-california\/\">CONTINUAR LEYENDO<\/a><\/p><\/div><\/div><\/div>\n\n<\/li><li class=\"wp-block-post post-22720 post type-post status-publish format-standard has-post-thumbnail hentry category-amamos-el-arroz tag-compromiso-con-la-comunidad tag-noticias entry\">\n<figure class=\"alignwide wp-block-post-featured-image\"><a href=\"https:\/\/riviana.com\/es\/amamos-el-arroz\/riviana-foods-y-la-asociacion-de-bancos-de-alimentos-de-california-unen-fuerzas-para-combatir-el-hambre-a-traves-de-la-iniciativa-jars-of-hope\/\" target=\"_self\"  ><img loading=\"lazy\" decoding=\"async\" width=\"366\" height=\"236\" src=\"https:\/\/riviana.com\/wp-content\/uploads\/2024\/10\/jars-of-hope-366x236.png\" class=\"attachment-latest-news-thumb size-latest-news-thumb wp-post-image\" alt=\"Riviana Foods y la Asociaci\u00f3n de Bancos de Alimentos de California Unen Fuerzas para Combatir el Hambre a Trav\u00e9s de la Iniciativa \u201cJars of Hope\u201d\" style=\"width:100%;height:63.33%;max-width:938px;object-fit:contain;\" \/><\/a><\/figure>\n\n\n<div class=\"wp-block-group\"><div class=\"wp-block-group__inner-container is-layout-flow wp-block-group-is-layout-flow\"><h4 class=\"wp-block-post-title has-text-color has-dazzled-blue-color\"><a href=\"https:\/\/riviana.com\/es\/amamos-el-arroz\/riviana-foods-y-la-asociacion-de-bancos-de-alimentos-de-california-unen-fuerzas-para-combatir-el-hambre-a-traves-de-la-iniciativa-jars-of-hope\/\" target=\"_self\" >Riviana Foods y la Asociaci\u00f3n de Bancos de Alimentos de California Unen Fuerzas para Combatir el Hambre a Trav\u00e9s de la Iniciativa \u201cJars of Hope\u201d<\/a><\/h4>\n\n<div class=\"taxonomy-post_tag tags-links wp-block-post-terms has-text-color has-red-color\"><a href=\"https:\/\/riviana.com\/es\/tag\/compromiso-con-la-comunidad\/\" rel=\"tag\">Compromiso con la Comunidad<\/a><span class=\"wp-block-post-terms__separator\">, <\/span><a href=\"https:\/\/riviana.com\/es\/tag\/noticias\/\" rel=\"tag\">Noticias<\/a><\/div>\n\n<div class=\"wp-block-post-excerpt has-text-color has-gray-3-color\"><p class=\"wp-block-post-excerpt__excerpt\">Los fondos recaudados a trav\u00e9s de la campa\u00f1a se destinar\u00e1n a apoyar el programa Farm to Family de la CAFB y su misi\u00f3n de erradicar el hambre.<\/p><p class=\"wp-block-post-excerpt__more-text\"><a class=\"wp-block-post-excerpt__more-link\" href=\"https:\/\/riviana.com\/es\/amamos-el-arroz\/riviana-foods-y-la-asociacion-de-bancos-de-alimentos-de-california-unen-fuerzas-para-combatir-el-hambre-a-traves-de-la-iniciativa-jars-of-hope\/\">CONTINUAR LEYENDO<\/a><\/p><\/div><\/div><\/div>\n\n<\/li><\/ul><\/div>\n<\/div><\/div>\n","protected":false},"excerpt":{"rendered":"<p>we lead our industry thanks to the passion of our people and the power of our brands. Find job and career opportunities at Riviana Foods.<\/p>\n","protected":false},"author":2,"featured_media":0,"parent":0,"menu_order":9,"comment_status":"closed","ping_status":"closed","template":"","meta":{"_acf_changed":false,"footnotes":""},"class_list":["post-78","page","type-page","status-publish","hentry","entry"],"acf":[],"_links":{"self":[{"href":"https:\/\/riviana.com\/es\/wp-json\/wp\/v2\/pages\/78","targetHints":{"allow":["GET"]}}],"collection":[{"href":"https:\/\/riviana.com\/es\/wp-json\/wp\/v2\/pages"}],"about":[{"href":"https:\/\/riviana.com\/es\/wp-json\/wp\/v2\/types\/page"}],"author":[{"embeddable":true,"href":"https:\/\/riviana.com\/es\/wp-json\/wp\/v2\/users\/2"}],"replies":[{"embeddable":true,"href":"https:\/\/riviana.com\/es\/wp-json\/wp\/v2\/comments?post=78"}],"version-history":[{"count":6,"href":"https:\/\/riviana.com\/es\/wp-json\/wp\/v2\/pages\/78\/revisions"}],"predecessor-version":[{"id":6825,"href":"https:\/\/riviana.com\/es\/wp-json\/wp\/v2\/pages\/78\/revisions\/6825"}],"wp:attachment":[{"href":"https:\/\/riviana.com\/es\/wp-json\/wp\/v2\/media?parent=78"}],"curies":[{"name":"wp","href":"https:\/\/api.w.org\/{rel}","templated":true}]}}