{"id":77,"date":"2021-11-04T02:09:01","date_gmt":"2021-11-04T07:09:01","guid":{"rendered":"https:\/\/riviana.com\/faqs\/"},"modified":"2023-10-19T04:47:57","modified_gmt":"2023-10-19T09:47:57","slug":"faq","status":"publish","type":"page","link":"https:\/\/riviana.com\/es\/faq\/","title":{"rendered":"Preguntas frecuentes"},"content":{"rendered":"\n<div class=\"wp-block-cover alignfull\"><span aria-hidden=\"true\" class=\"wp-block-cover__background has-background-dim-100 has-background-dim wp-block-cover__gradient-background has-background-gradient\" style=\"background:linear-gradient(290deg,rgba(255,255,255,0) 30%,rgba(255,255,255,0.8) 71%)\"><\/span><img loading=\"lazy\" decoding=\"async\" width=\"1080\" height=\"720\" class=\"wp-block-cover__image-background wp-image-2276\" alt=\"seasonal rice pilaf bowls\" src=\"https:\/\/riviana.com\/wp-content\/uploads\/2022\/08\/Seasonal-Pilaf-Bowls_2.rendition.jpg\" data-object-fit=\"cover\" srcset=\"https:\/\/riviana.com\/wp-content\/uploads\/2022\/08\/Seasonal-Pilaf-Bowls_2.rendition.jpg 1080w, https:\/\/riviana.com\/wp-content\/uploads\/2022\/08\/Seasonal-Pilaf-Bowls_2.rendition-300x200.jpg 300w, https:\/\/riviana.com\/wp-content\/uploads\/2022\/08\/Seasonal-Pilaf-Bowls_2.rendition-1024x683.jpg 1024w, https:\/\/riviana.com\/wp-content\/uploads\/2022\/08\/Seasonal-Pilaf-Bowls_2.rendition-768x512.jpg 768w\" sizes=\"auto, (max-width: 1080px) 100vw, 1080px\" \/><div class=\"wp-block-cover__inner-container is-layout-flow wp-block-cover-is-layout-flow\">\n<div class=\"wp-block-columns alignwide are-vertically-aligned-center is-layout-flex wp-container-core-columns-is-layout-9d6595d7 wp-block-columns-is-layout-flex\">\n<div class=\"wp-block-column is-vertically-aligned-center is-layout-flow wp-block-column-is-layout-flow\">\n<h1 class=\"wp-block-heading has-dazzled-blue-color has-text-color\">Preguntas frecuentes<br><\/h1>\n\n\n\n<p class=\"has-gray-1-color has-text-color\" style=\"font-size:19px\">Encuentre aqu\u00ed las respuestas a las preguntas m\u00e1s habituales.<\/p>\n<\/div>\n\n\n\n<div class=\"wp-block-column is-vertically-aligned-center is-layout-flow wp-block-column-is-layout-flow\"><\/div>\n<\/div>\n<\/div><\/div>\n\n\n<div class=\"yoast-breadcrumbs breadcrumbs\"><span><span><a href=\"https:\/\/riviana.com\/es\/\">Home<\/a><\/span> &gt; <span class=\"breadcrumb_last\" aria-current=\"page\">Preguntas frecuentes<\/span><\/span><\/div>\n\n\n<div class=\"wp-block-group alignwide\"><div class=\"wp-block-group__inner-container is-layout-flow wp-block-group-is-layout-flow\">\n<h2 class=\"wp-block-heading alignwide has-text-align-center\" id=\"general\">Preguntas sobre asuntos corporativos de Riviana<\/h2>\n\n\n\n<div class=\"wp-block-columns alignwide is-layout-flex wp-container-core-columns-is-layout-9d6595d7 wp-block-columns-is-layout-flex\">\n<div class=\"wp-block-column is-layout-flow wp-block-column-is-layout-flow\">\n<div class=\"wp-block-pb-accordion-item c-accordion__item js-accordion-item no-js\" data-initially-open=\"false\" data-click-to-close=\"true\" data-auto-close=\"true\" data-scroll=\"false\" data-scroll-offset=\"0\"><h4 id=\"at-770\" class=\"c-accordion__title js-accordion-controller\" role=\"button\">\u00bfC\u00f3mo puedo solicitar ayuda?<\/h4><div id=\"ac-770\" class=\"c-accordion__content\">\n<p>Ponte en contacto con nosotros a trav\u00e9s de nuestra&nbsp;<a href=\"https:\/\/riviana.com\/es\/contacto\/\" target=\"_blank\" rel=\"noreferrer noopener\">p\u00e1gina de contacto<\/a>. Nuestro equipo de expertos le guiar\u00e1 a lo largo del proceso y le ayudar\u00e1 a encontrar la soluci\u00f3n que su empresa necesita.<\/p>\n<\/div><\/div>\n\n\n\n<div class=\"wp-block-pb-accordion-item c-accordion__item js-accordion-item no-js\" data-initially-open=\"false\" data-click-to-close=\"true\" data-auto-close=\"true\" data-scroll=\"false\" data-scroll-offset=\"0\"><h4 id=\"at-771\" class=\"c-accordion__title js-accordion-controller\" role=\"button\">\u00bfQu\u00e9 envases ofrecen para Private Label?<\/h4><div id=\"ac-771\" class=\"c-accordion__content\">\n<p>La flexibilidad de nuestros envases incluye una amplia gama de tama\u00f1os y diferentes tipos de materiales. Adapt\u00e1ndose a sus necesidades, cuando realice un pedido, nuestro equipo especializado trabajar\u00e1 con usted para encontrar la soluci\u00f3n perfecta. <\/p>\n<\/div><\/div>\n\n\n\n<div class=\"wp-block-pb-accordion-item c-accordion__item js-accordion-item no-js\" data-initially-open=\"false\" data-click-to-close=\"true\" data-auto-close=\"true\" data-scroll=\"false\" data-scroll-offset=\"0\"><h4 id=\"at-772\" class=\"c-accordion__title js-accordion-controller\" role=\"button\">\u00bfQu\u00e9 es IQF?<\/h4><div id=\"ac-772\" class=\"c-accordion__content\">\n<p>La tecnolog\u00eda IQF (Individual quick frozen) est\u00e1 ganando popularidad continuamente, ya que permite a la industria alimenticia satisfacer las demandas actuales de los consumidores, logrando adem\u00e1s que se desperdicien menos alimentos. <\/p>\n<\/div><\/div>\n<\/div>\n\n\n\n<div class=\"wp-block-column is-layout-flow wp-block-column-is-layout-flow\">\n<div class=\"wp-block-pb-accordion-item c-accordion__item js-accordion-item no-js\" data-initially-open=\"false\" data-click-to-close=\"true\" data-auto-close=\"true\" data-scroll=\"false\" data-scroll-offset=\"0\"><h4 id=\"at-773\" class=\"c-accordion__title js-accordion-controller\" role=\"button\">\u00bfD\u00f3nde est\u00e1n ubicados sus centros de fabricaci\u00f3n industrial?<\/h4><div id=\"ac-773\" class=\"c-accordion__content\">\n<p>Riviana cuenta con una red estrat\u00e9gica de centros de fabricaci\u00f3n situados en Estados Unidos y Canad\u00e1. Nuestra presencia en todo el pa\u00eds garantiza una producci\u00f3n de calidad. Consulte todas nuestras ubicaciones espec\u00edficas en nuestra p\u00e1gina de <a href=\"https:\/\/riviana.com\/es\/sedes-instalaciones\/\" target=\"_blank\" rel=\"noreferrer noopener\">ubicaciones e instalaciones<\/a>. <\/p>\n<\/div><\/div>\n\n\n\n<div class=\"wp-block-pb-accordion-item c-accordion__item js-accordion-item no-js\" data-initially-open=\"false\" data-click-to-close=\"true\" data-auto-close=\"true\" data-scroll=\"false\" data-scroll-offset=\"0\"><h4 id=\"at-774\" class=\"c-accordion__title js-accordion-controller\" role=\"button\">\u00bfDe d\u00f3nde procede su arroz?<\/h4><div id=\"ac-774\" class=\"c-accordion__content\">\n<p>Desde el campo hasta su marca, Riviana se compromete a producir los productos de arroz m\u00e1s limpios y saludables del mercado. Trabajamos en estrecha colaboraci\u00f3n con agricultores de Estados Unidos y, como parte del Grupo EBRO, tenemos acceso a una red mundial de abastecimiento de materias primas para satisfacer todas sus necesidades.<\/p>\n<\/div><\/div>\n\n\n\n<div class=\"wp-block-pb-accordion-item c-accordion__item js-accordion-item no-js\" data-initially-open=\"false\" data-click-to-close=\"true\" data-auto-close=\"true\" data-scroll=\"false\" data-scroll-offset=\"0\"><h4 id=\"at-775\" class=\"c-accordion__title js-accordion-controller\" role=\"button\">\u00bfD\u00f3nde se exportan los productos?<\/h4><div id=\"ac-775\" class=\"c-accordion__content\">\n<p>Ofrecemos productos en todo el mundo y exportamos a Norteam\u00e9rica, \u00c1frica, Europa y Asia. <\/p>\n<\/div><\/div>\n<\/div>\n<\/div>\n<\/div><\/div>\n\n\n\n<div style=\"height:10vh\" aria-hidden=\"true\" class=\"wp-block-spacer\"><\/div>\n\n\n\n<div class=\"wp-block-group alignwide\"><div class=\"wp-block-group__inner-container is-layout-flow wp-block-group-is-layout-flow\">\n<h2 class=\"wp-block-heading alignwide has-text-align-center\" id=\"rice\">Preguntas generales<\/h2>\n\n\n\n<div class=\"wp-block-columns alignwide is-layout-flex wp-container-core-columns-is-layout-9d6595d7 wp-block-columns-is-layout-flex\">\n<div class=\"wp-block-column is-layout-flow wp-block-column-is-layout-flow\">\n<div class=\"wp-block-pb-accordion-item c-accordion__item js-accordion-item no-js\" data-initially-open=\"false\" data-click-to-close=\"true\" data-auto-close=\"true\" data-scroll=\"false\" data-scroll-offset=\"0\"><h4 id=\"at-776\" class=\"c-accordion__title js-accordion-controller\" role=\"button\">\u00bfTodo el arroz est\u00e1 enriquecido?<\/h4><div id=\"ac-776\" class=\"c-accordion__content\">\n<p>Bajo pedido. El arroz blanco puede enriquecerse recubriendo el grano con las vitaminas y nutrientes que se pierden despu\u00e9s de moler el grano y eliminar la c\u00e1scara, el salvado y el germen.<\/p>\n<\/div><\/div>\n\n\n\n<div class=\"wp-block-pb-accordion-item c-accordion__item js-accordion-item no-js\" data-initially-open=\"false\" data-click-to-close=\"true\" data-auto-close=\"true\" data-scroll=\"false\" data-scroll-offset=\"0\"><h4 id=\"at-777\" class=\"c-accordion__title js-accordion-controller\" role=\"button\">\u00bfCu\u00e1l es la diferencia entre el arroz instant\u00e1neo y el arroz tradicional?<\/h4><div id=\"ac-777\" class=\"c-accordion__content\">\n<p>Ambos son arroces 100% naturales. La principal diferencia radica en el tiempo de cocci\u00f3n. El arroz instant\u00e1neo est\u00e1 precocido para tiempos de cocci\u00f3n o rehidrataci\u00f3n de 3 a 10 minutos. Mientras que el arroz tradicional, o de cocci\u00f3n larga, debe hervirse durante m\u00e1s tiempo, dependiendo del tipo de grano.<\/p>\n<\/div><\/div>\n<\/div>\n\n\n\n<div class=\"wp-block-column is-layout-flow wp-block-column-is-layout-flow\">\n<div class=\"wp-block-pb-accordion-item c-accordion__item js-accordion-item no-js\" data-initially-open=\"false\" data-click-to-close=\"true\" data-auto-close=\"true\" data-scroll=\"false\" data-scroll-offset=\"0\"><h4 id=\"at-778\" class=\"c-accordion__title js-accordion-controller\" role=\"button\">\u00bfEl arroz instant\u00e1neo es arroz natural?&nbsp;&nbsp;<\/h4><div id=\"ac-778\" class=\"c-accordion__content\">\n<p>S\u00ed. Nuestro arroz instant\u00e1neo es 100% natural, precocido y secado sin conservantes a\u00f1adidos. Este proceso reduce el tiempo de cocci\u00f3n al tiempo que proporciona una calidad de cocci\u00f3n uniforme. El arroz instant\u00e1neo tambi\u00e9n tiene una vida \u00fatil m\u00e1s larga.<\/p>\n<\/div><\/div>\n\n\n\n<div class=\"wp-block-pb-accordion-item c-accordion__item js-accordion-item no-js\" data-initially-open=\"false\" data-click-to-close=\"true\" data-auto-close=\"true\" data-scroll=\"false\" data-scroll-offset=\"0\"><h4 id=\"at-779\" class=\"c-accordion__title js-accordion-controller\" role=\"button\">\u00bfQu\u00e9 es el arroz salvaje?<\/h4><div id=\"ac-779\" class=\"c-accordion__content\">\n<p>T\u00e9cnicamente no se considera una variedad de arroz, pero el arroz salvaje es la semilla del tallo a\u00e9reo de una hierba acu\u00e1tica y el \u00fanico grano procedente de Norteam\u00e9rica. Se encuentra principalmente en Minnesota, California y Canad\u00e1. Con un atractivo sabor ahumado y a nuez y una textura masticable caracter\u00edstica, el arroz salvaje es desde hace tiempo uno de los favoritos de los chefs gourmet y los amantes de la cocina. Esta semilla suele combinarse con otros tipos de arroz o granos.<\/p>\n<\/div><\/div>\n\n\n\n<div class=\"wp-block-pb-accordion-item c-accordion__item js-accordion-item no-js\" data-initially-open=\"false\" data-click-to-close=\"true\" data-auto-close=\"true\" data-scroll=\"false\" data-scroll-offset=\"0\"><h4 id=\"at-7710\" class=\"c-accordion__title js-accordion-controller\" role=\"button\">\u00bfCu\u00e1l es la diferencia entre el arroz blanco y el arroz integral?<\/h4><div id=\"ac-7710\" class=\"c-accordion__content\">\n<p>El arroz integral y el arroz blanco proceden de la misma planta; la diferencia est\u00e1 en el proceso de molido. Mientras que el arroz integral contiene las tres partes del grano (salvado, capa y endospermo), el arroz blanco se muele hasta eliminar el salvado y el germen.<br>Una vez cosechados, los granos de arroz se env\u00edan al molino, donde se elimina el exceso de humedad mediante un secador masivo y luego se limpian, para separar los granos enteros de la paja y los granos partidos. A continuaci\u00f3n, se descascarillan las c\u00e1scaras de arroz \u00e1spero para revelar el grano de arroz y expulsar las c\u00e1scaras, con lo que se obtiene el arroz integral de grano entero. Si se desea arroz blanco, el arroz integral se muele eliminando el salvado, con lo que se obtiene arroz blanco pulido.<\/p>\n<\/div><\/div>\n<\/div>\n<\/div>\n<\/div><\/div>\n\n\n\n<div style=\"height:10vh\" aria-hidden=\"true\" class=\"wp-block-spacer\"><\/div>\n\n\n\n<div class=\"wp-block-cover alignfull is-light bg-news\" style=\"padding-top:5vh;padding-right:0vh;padding-bottom:20vh;padding-left:0vh\"><span aria-hidden=\"true\" class=\"wp-block-cover__background has-grayfa-background-color has-background-dim-0 has-background-dim\"><\/span><img loading=\"lazy\" decoding=\"async\" width=\"633\" height=\"372\" class=\"wp-block-cover__image-background wp-image-557\" alt=\"different bowls of rice\" src=\"https:\/\/riviana.com\/wp-content\/uploads\/2021\/11\/iStock-1193713529-arroz-5-e1663670918884.png\" data-object-fit=\"cover\" srcset=\"https:\/\/riviana.com\/wp-content\/uploads\/2021\/11\/iStock-1193713529-arroz-5-e1663670918884.png 633w, https:\/\/riviana.com\/wp-content\/uploads\/2021\/11\/iStock-1193713529-arroz-5-e1663670918884-300x176.png 300w\" sizes=\"auto, (max-width: 633px) 100vw, 633px\" \/><div class=\"wp-block-cover__inner-container is-layout-flow wp-block-cover-is-layout-flow\">\n<div class=\"wp-block-columns alignwide are-vertically-aligned-center is-layout-flex wp-container-core-columns-is-layout-9d6595d7 wp-block-columns-is-layout-flex\">\n<div class=\"wp-block-column is-vertically-aligned-center is-layout-flow wp-block-column-is-layout-flow\">\n<h2 class=\"wp-block-heading has-primary-color has-text-color\">\u00daltimas noticias<\/h2>\n\n\n\n<hr class=\"wp-block-separator has-text-color has-red-color has-alpha-channel-opacity has-red-background-color has-background\"\/>\n<\/div>\n\n\n\n<div class=\"wp-block-column is-vertically-aligned-center is-layout-flow wp-block-column-is-layout-flow\">\n<div class=\"wp-block-buttons is-horizontal is-content-justification-right is-layout-flex wp-container-core-buttons-is-layout-ae2fe186 wp-block-buttons-is-layout-flex\">\n<div class=\"wp-block-button\"><a class=\"wp-block-button__link wp-element-button\" href=\"https:\/\/riviana.com\/es\/amamos-el-arroz\/\">Ver todo<\/a><\/div>\n<\/div>\n<\/div>\n<\/div>\n\n\n\n<div class=\"wp-block-query alignwide is-layout-flow wp-block-query-is-layout-flow\"><ul class=\"is-flex-container columns-3 alignwide info-card wp-block-post-template is-layout-flow wp-block-post-template-is-layout-flow\"><li class=\"wp-block-post post-26478 post type-post status-publish format-standard has-post-thumbnail hentry category-amamos-el-arroz category-notas-de-prensa tag-noticias entry\">\n<figure class=\"alignwide wp-block-post-featured-image\"><a href=\"https:\/\/riviana.com\/es\/notas-de-prensa\/minute-rice-cups-recibe-el-prestigioso-premio-producto-del-ano-usa\/\" target=\"_self\"  ><img loading=\"lazy\" decoding=\"async\" width=\"300\" height=\"236\" src=\"https:\/\/riviana.com\/wp-content\/uploads\/2025\/02\/Riviana_Foods_Inc_2025_Product_of_the_Year_USA_Awards-300x236.jpg\" class=\"attachment-latest-news-thumb size-latest-news-thumb wp-post-image\" alt=\"Minute\u00ae Rice Cups recibe el prestigioso premio Producto del A\u00f1o USA\" style=\"width:100%;height:177.67%;max-width:300px;object-fit:contain;\" \/><\/a><\/figure>\n\n\n<div class=\"wp-block-group\"><div class=\"wp-block-group__inner-container is-layout-flow wp-block-group-is-layout-flow\"><h4 class=\"wp-block-post-title has-text-color has-dazzled-blue-color\"><a href=\"https:\/\/riviana.com\/es\/notas-de-prensa\/minute-rice-cups-recibe-el-prestigioso-premio-producto-del-ano-usa\/\" target=\"_self\" >Minute\u00ae Rice Cups recibe el prestigioso premio Producto del A\u00f1o USA<\/a><\/h4>\n\n<div class=\"taxonomy-post_tag tags-links wp-block-post-terms has-text-color has-red-color\"><a href=\"https:\/\/riviana.com\/es\/tag\/noticias\/\" rel=\"tag\">Noticias<\/a><\/div>\n\n<div class=\"wp-block-post-excerpt has-text-color has-gray-3-color\"><p class=\"wp-block-post-excerpt__excerpt\">El sello de Producto del A\u00f1o es un s\u00edmbolo de calidad e innovaci\u00f3n y es otorgado a aquellos productos referentes en sus respectivos sectores.<\/p><p class=\"wp-block-post-excerpt__more-text\"><a class=\"wp-block-post-excerpt__more-link\" href=\"https:\/\/riviana.com\/es\/notas-de-prensa\/minute-rice-cups-recibe-el-prestigioso-premio-producto-del-ano-usa\/\">CONTINUAR LEYENDO<\/a><\/p><\/div><\/div><\/div>\n\n<\/li><li class=\"wp-block-post post-26471 post type-post status-publish format-standard has-post-thumbnail hentry category-amamos-el-arroz category-notas-de-prensa tag-compromiso-con-la-comunidad entry\">\n<figure class=\"alignwide wp-block-post-featured-image\"><a href=\"https:\/\/riviana.com\/es\/amamos-el-arroz\/el-programa-jars-of-hope-de-riceselect-ayuda-a-combatir-la-inseguridad-alimentaria-en-california\/\" target=\"_self\"  ><img loading=\"lazy\" decoding=\"async\" width=\"366\" height=\"236\" src=\"https:\/\/riviana.com\/wp-content\/uploads\/2025\/02\/Riviana_Rice_Donation_Jars_of_Hope-366x236.jpg\" class=\"attachment-latest-news-thumb size-latest-news-thumb wp-post-image\" alt=\"El programa \u00abJars of Hope\u00bb de RiceSelect\u00ae ayuda a combatir la inseguridad alimentaria en California\" style=\"width:100%;height:133.33%;max-width:600px;object-fit:contain;\" \/><\/a><\/figure>\n\n\n<div class=\"wp-block-group\"><div class=\"wp-block-group__inner-container is-layout-flow wp-block-group-is-layout-flow\"><h4 class=\"wp-block-post-title has-text-color has-dazzled-blue-color\"><a href=\"https:\/\/riviana.com\/es\/amamos-el-arroz\/el-programa-jars-of-hope-de-riceselect-ayuda-a-combatir-la-inseguridad-alimentaria-en-california\/\" target=\"_self\" >El programa \u00abJars of Hope\u00bb de RiceSelect\u00ae ayuda a combatir la inseguridad alimentaria en California<\/a><\/h4>\n\n<div class=\"taxonomy-post_tag tags-links wp-block-post-terms has-text-color has-red-color\"><a href=\"https:\/\/riviana.com\/es\/tag\/compromiso-con-la-comunidad\/\" rel=\"tag\">Compromiso con la Comunidad<\/a><\/div>\n\n<div class=\"wp-block-post-excerpt has-text-color has-gray-3-color\"><p class=\"wp-block-post-excerpt__excerpt\">Riviana Foods entreg\u00f3 un cheque de $25,000 a la Asociaci\u00f3n de Bancos de Alimentos de California y m\u00e1s de 15,000 libras de productos de arroz.<\/p><p class=\"wp-block-post-excerpt__more-text\"><a class=\"wp-block-post-excerpt__more-link\" href=\"https:\/\/riviana.com\/es\/amamos-el-arroz\/el-programa-jars-of-hope-de-riceselect-ayuda-a-combatir-la-inseguridad-alimentaria-en-california\/\">CONTINUAR LEYENDO<\/a><\/p><\/div><\/div><\/div>\n\n<\/li><li class=\"wp-block-post post-22720 post type-post status-publish format-standard has-post-thumbnail hentry category-amamos-el-arroz tag-compromiso-con-la-comunidad tag-noticias entry\">\n<figure class=\"alignwide wp-block-post-featured-image\"><a href=\"https:\/\/riviana.com\/es\/amamos-el-arroz\/riviana-foods-y-la-asociacion-de-bancos-de-alimentos-de-california-unen-fuerzas-para-combatir-el-hambre-a-traves-de-la-iniciativa-jars-of-hope\/\" target=\"_self\"  ><img loading=\"lazy\" decoding=\"async\" width=\"366\" height=\"236\" src=\"https:\/\/riviana.com\/wp-content\/uploads\/2024\/10\/jars-of-hope-366x236.png\" class=\"attachment-latest-news-thumb size-latest-news-thumb wp-post-image\" alt=\"Riviana Foods y la Asociaci\u00f3n de Bancos de Alimentos de California Unen Fuerzas para Combatir el Hambre a Trav\u00e9s de la Iniciativa \u201cJars of Hope\u201d\" style=\"width:100%;height:63.33%;max-width:938px;object-fit:contain;\" \/><\/a><\/figure>\n\n\n<div class=\"wp-block-group\"><div class=\"wp-block-group__inner-container is-layout-flow wp-block-group-is-layout-flow\"><h4 class=\"wp-block-post-title has-text-color has-dazzled-blue-color\"><a href=\"https:\/\/riviana.com\/es\/amamos-el-arroz\/riviana-foods-y-la-asociacion-de-bancos-de-alimentos-de-california-unen-fuerzas-para-combatir-el-hambre-a-traves-de-la-iniciativa-jars-of-hope\/\" target=\"_self\" >Riviana Foods y la Asociaci\u00f3n de Bancos de Alimentos de California Unen Fuerzas para Combatir el Hambre a Trav\u00e9s de la Iniciativa \u201cJars of Hope\u201d<\/a><\/h4>\n\n<div class=\"taxonomy-post_tag tags-links wp-block-post-terms has-text-color has-red-color\"><a href=\"https:\/\/riviana.com\/es\/tag\/compromiso-con-la-comunidad\/\" rel=\"tag\">Compromiso con la Comunidad<\/a><span class=\"wp-block-post-terms__separator\">, <\/span><a href=\"https:\/\/riviana.com\/es\/tag\/noticias\/\" rel=\"tag\">Noticias<\/a><\/div>\n\n<div class=\"wp-block-post-excerpt has-text-color has-gray-3-color\"><p class=\"wp-block-post-excerpt__excerpt\">Los fondos recaudados a trav\u00e9s de la campa\u00f1a se destinar\u00e1n a apoyar el programa Farm to Family de la CAFB y su misi\u00f3n de erradicar el hambre.<\/p><p class=\"wp-block-post-excerpt__more-text\"><a class=\"wp-block-post-excerpt__more-link\" href=\"https:\/\/riviana.com\/es\/amamos-el-arroz\/riviana-foods-y-la-asociacion-de-bancos-de-alimentos-de-california-unen-fuerzas-para-combatir-el-hambre-a-traves-de-la-iniciativa-jars-of-hope\/\">CONTINUAR LEYENDO<\/a><\/p><\/div><\/div><\/div>\n\n<\/li><\/ul><\/div>\n<\/div><\/div>\n","protected":false},"excerpt":{"rendered":"<p>Preguntas sobre asuntos corporativos de Riviana Preguntas generales<\/p>\n","protected":false},"author":101,"featured_media":0,"parent":0,"menu_order":50,"comment_status":"closed","ping_status":"closed","template":"","meta":{"_acf_changed":false,"footnotes":""},"class_list":["post-77","page","type-page","status-publish","hentry","entry"],"acf":[],"_links":{"self":[{"href":"https:\/\/riviana.com\/es\/wp-json\/wp\/v2\/pages\/77","targetHints":{"allow":["GET"]}}],"collection":[{"href":"https:\/\/riviana.com\/es\/wp-json\/wp\/v2\/pages"}],"about":[{"href":"https:\/\/riviana.com\/es\/wp-json\/wp\/v2\/types\/page"}],"author":[{"embeddable":true,"href":"https:\/\/riviana.com\/es\/wp-json\/wp\/v2\/users\/101"}],"replies":[{"embeddable":true,"href":"https:\/\/riviana.com\/es\/wp-json\/wp\/v2\/comments?post=77"}],"version-history":[{"count":7,"href":"https:\/\/riviana.com\/es\/wp-json\/wp\/v2\/pages\/77\/revisions"}],"predecessor-version":[{"id":12034,"href":"https:\/\/riviana.com\/es\/wp-json\/wp\/v2\/pages\/77\/revisions\/12034"}],"wp:attachment":[{"href":"https:\/\/riviana.com\/es\/wp-json\/wp\/v2\/media?parent=77"}],"curies":[{"name":"wp","href":"https:\/\/api.w.org\/{rel}","templated":true}]}}