{"id":75,"date":"2021-11-04T02:07:02","date_gmt":"2021-11-04T07:07:02","guid":{"rendered":"https:\/\/riviana.com\/contact-us\/"},"modified":"2023-10-23T12:25:56","modified_gmt":"2023-10-23T17:25:56","slug":"contacto","status":"publish","type":"page","link":"https:\/\/riviana.com\/es\/contacto\/","title":{"rendered":"Cont\u00e1ctanos"},"content":{"rendered":"\n<div class=\"wp-block-group alignfull\"><div class=\"wp-block-group__inner-container is-layout-flow wp-block-group-is-layout-flow\">\n<div class=\"wp-block-columns is-layout-flex wp-container-core-columns-is-layout-9d6595d7 wp-block-columns-is-layout-flex\">\n<div class=\"wp-block-column is-layout-flow wp-block-column-is-layout-flow\" style=\"padding-top:vh;padding-right:vh;padding-bottom:5vh;padding-left:vh\">\n<h1 class=\"wp-block-heading has-text-align-center\">Escr\u00edbenos, nos encantar\u00eda saber tus comentarios<\/h1>\n\n\n\n<hr class=\"wp-block-separator has-text-color has-red-color has-alpha-channel-opacity has-red-background-color has-background aligncenter\"\/>\n<\/div>\n<\/div>\n\n\n\n<div class=\"wp-block-columns alignwide is-layout-flex wp-container-core-columns-is-layout-9d6595d7 wp-block-columns-is-layout-flex\">\n<div class=\"wp-block-column is-layout-flow wp-block-column-is-layout-flow\">\n<div class=\"wpcf7 no-js\" id=\"wpcf7-f6062-o1\" lang=\"es-ES\" dir=\"ltr\" data-wpcf7-id=\"6062\">\n<div class=\"screen-reader-response\"><p role=\"status\" aria-live=\"polite\" aria-atomic=\"true\"><\/p> <ul><\/ul><\/div>\n<form action=\"\/es\/wp-json\/wp\/v2\/pages\/75#wpcf7-f6062-o1\" method=\"post\" class=\"wpcf7-form init\" aria-label=\"Formulario de contacto\" novalidate=\"novalidate\" data-status=\"init\">\n<fieldset class=\"hidden-fields-container\"><input type=\"hidden\" name=\"_wpcf7\" value=\"6062\" \/><input type=\"hidden\" name=\"_wpcf7_version\" value=\"6.1.5\" \/><input type=\"hidden\" name=\"_wpcf7_locale\" value=\"es_ES\" \/><input type=\"hidden\" name=\"_wpcf7_unit_tag\" value=\"wpcf7-f6062-o1\" \/><input type=\"hidden\" name=\"_wpcf7_container_post\" value=\"0\" \/><input type=\"hidden\" name=\"_wpcf7_posted_data_hash\" value=\"\" \/>\n<\/fieldset>\n<div class=\"wp-block-columns alignwide is-style-default\">\n\t<div class=\"wp-block-column radio-toolbar\">\n\t\t<p><label>\u00bfQu\u00e9 quieres consultar?<\/label>\n\t\t<\/p>\n\t\t<p><span class=\"wpcf7-form-control-wrap\" data-name=\"your-subject\"><span class=\"wpcf7-form-control wpcf7-radio\" id=\"selectradio\"><span class=\"wpcf7-list-item first\"><label><input type=\"radio\" name=\"your-subject\" value=\"General\" checked=\"checked\" \/><span class=\"wpcf7-list-item-label\">General<\/span><\/label><\/span><span class=\"wpcf7-list-item\"><label><input type=\"radio\" name=\"your-subject\" value=\"Servicio al Cliente\" \/><span class=\"wpcf7-list-item-label\">Servicio al Cliente<\/span><\/label><\/span><span class=\"wpcf7-list-item\"><label><input type=\"radio\" name=\"your-subject\" value=\"Empleo\" \/><span class=\"wpcf7-list-item-label\">Empleo<\/span><\/label><\/span><span class=\"wpcf7-list-item\"><label><input type=\"radio\" name=\"your-subject\" value=\"Exportaciones\" \/><span class=\"wpcf7-list-item-label\">Exportaciones<\/span><\/label><\/span><span class=\"wpcf7-list-item\"><label><input type=\"radio\" name=\"your-subject\" value=\"Importaciones\" \/><span class=\"wpcf7-list-item-label\">Importaciones<\/span><\/label><\/span><span class=\"wpcf7-list-item\"><label><input type=\"radio\" name=\"your-subject\" value=\"Compras\" \/><span class=\"wpcf7-list-item-label\">Compras<\/span><\/label><\/span><span class=\"wpcf7-list-item\"><label><input type=\"radio\" name=\"your-subject\" value=\"Food Service\" \/><span class=\"wpcf7-list-item-label\">Food Service<\/span><\/label><\/span><span class=\"wpcf7-list-item\"><label><input type=\"radio\" name=\"your-subject\" value=\"Industrial\" \/><span class=\"wpcf7-list-item-label\">Industrial<\/span><\/label><\/span><span class=\"wpcf7-list-item\"><label><input type=\"radio\" name=\"your-subject\" value=\"Private Label\" \/><span class=\"wpcf7-list-item-label\">Private Label<\/span><\/label><\/span><span class=\"wpcf7-list-item\"><label><input type=\"radio\" name=\"your-subject\" value=\"Prensa\" \/><span class=\"wpcf7-list-item-label\">Prensa<\/span><\/label><\/span><span class=\"wpcf7-list-item\"><label><input type=\"radio\" name=\"your-subject\" value=\"L\u00ednea de Cumplimiento\" \/><span class=\"wpcf7-list-item-label\">L\u00ednea de Cumplimiento<\/span><\/label><\/span><span class=\"wpcf7-list-item last\"><label><input type=\"radio\" name=\"your-subject\" value=\"Canal Corporativo de Denuncias del Grupo Ebro Foods\" \/><span class=\"wpcf7-list-item-label\">Canal Corporativo de Denuncias del Grupo Ebro Foods<\/span><\/label><\/span><\/span><\/span>\n\t\t<\/p>\n\t<\/div>\n<\/div>\n<div id=\"idTexto\" class=\"wp-block-columns is-style-default\">\n\t<div class=\"wp-block-column\">\n\t\t<p>Riviana Foods y nuestra empresa matriz, Ebro Foods, est\u00e1n comprometidos con el cumplimiento legal y \u00e9tico, y con proporcionar un entorno de trabajo seguro y profesional para nuestros empleados.\n\t\t<\/p>\n\t\t<p>Si usted tiene cualquier duda sobre dicho cumplimiento, le animamos a que se ponga en contacto con la Direcci\u00f3n de la Empresa para que pueda ser investigada y actuar en consecuencia. Si desea informar de alg\u00fan problema, puede ponerse en contacto con la L\u00ednea Directa de Cumplimiento de Riviana Foods en el (713) 942-1816 o utilizar este enlace de <a href=\"https:\/\/ebrofoods.integrityline.com\">Acceso al Canal Corporativo de Denuncias del Grupo Ebro Foods<\/a>.\n\t\t<\/p>\n\t<\/div>\n<\/div>\n<div id=\"idTexto2\" class=\"wp-block-columns is-style-default\">\n\t<div class=\"wp-block-column\">\n\t\t<p>Utiliza este enlace <a href=\"https:\/\/ebrofoods.integrityline.com\" target=\"_blank\">Acceso al Canal de Denuncias Corporativo de Ebro Foods.<\/a>\n\t\t<\/p>\n\t<\/div>\n<\/div>\n<div id=\"idForm\">\n\t<div class=\"wp-block-columns alignwide is-style-default\">\n\t\t<div class=\"wp-block-column\">\n\t\t\t<p><label> <span class=\"wpcf7-form-control-wrap\" data-name=\"your-name\"><input size=\"40\" maxlength=\"400\" class=\"wpcf7-form-control wpcf7-text wpcf7-validates-as-required\" aria-required=\"true\" aria-invalid=\"false\" placeholder=\"Nombre *\" value=\"\" type=\"text\" name=\"your-name\" \/><\/span> <\/label>\n\t\t\t<\/p>\n\t\t<\/div>\n\t\t<div class=\"wp-block-column\">\n\t\t\t<p><label> <span class=\"wpcf7-form-control-wrap\" data-name=\"your-email\"><input size=\"40\" maxlength=\"400\" class=\"wpcf7-form-control wpcf7-email wpcf7-validates-as-required wpcf7-text wpcf7-validates-as-email\" aria-required=\"true\" aria-invalid=\"false\" placeholder=\"Email *\" value=\"\" type=\"email\" name=\"your-email\" \/><\/span> <\/label>\n\t\t\t<\/p>\n\t\t<\/div>\n\t<\/div>\n\t<div class=\"wp-block-columns alignwide is-style-default\">\n\t\t<div class=\"wp-block-column\">\n\t\t\t<p><label> <span class=\"wpcf7-form-control-wrap\" data-name=\"your-company\"><input size=\"40\" maxlength=\"400\" class=\"wpcf7-form-control wpcf7-text\" aria-invalid=\"false\" placeholder=\"Empresa\" value=\"\" type=\"text\" name=\"your-company\" \/><\/span> <\/label>\n\t\t\t<\/p>\n\t\t<\/div>\n\t\t<div class=\"wp-block-column\">\n\t\t\t<p><label> <span class=\"wpcf7-form-control-wrap\" data-name=\"your-tel\"><input size=\"40\" maxlength=\"400\" class=\"wpcf7-form-control wpcf7-tel wpcf7-text wpcf7-validates-as-tel\" aria-invalid=\"false\" placeholder=\"Tel\u00e9fono\" value=\"\" type=\"tel\" name=\"your-tel\" \/><\/span> <\/label>\n\t\t\t<\/p>\n\t\t<\/div>\n\t<\/div>\n\t<div class=\"wp-block-columns alignwide is-style-default\">\n\t\t<div class=\"wp-block-column\">\n\t\t\t<p><label> <span class=\"wpcf7-form-control-wrap\" data-name=\"your-message\"><textarea cols=\"40\" rows=\"10\" maxlength=\"2000\" class=\"wpcf7-form-control wpcf7-textarea wpcf7-validates-as-required\" aria-required=\"true\" aria-invalid=\"false\" placeholder=\"Comentarios *\" name=\"your-message\"><\/textarea><\/span> <\/label><br \/>\n<span class=\"wpcf7-form-control-wrap\" data-name=\"the-acceptance\"><span class=\"wpcf7-form-control wpcf7-acceptance\"><span class=\"wpcf7-list-item\"><label><input type=\"checkbox\" name=\"the-acceptance\" value=\"1\" aria-invalid=\"false\" \/><span class=\"wpcf7-list-item-label\">Al utilizar este formulario, acepto que este sitio web almacene y trate mis datos de acuerdo con la <a href=\"\/privacy-policy\/\" target=\"_blank\">Pol\u00edtica de Privacidad<\/a>.<\/span><\/label><\/span><\/span><\/span>\n\t\t\t<\/p>\n\t\t<\/div>\n\t<\/div>\n\t<p><span id=\"wpcf7-69e0f6055d35d-wrapper\" class=\"wpcf7-form-control-wrap website-pl-52-wrap\" ><input type=\"hidden\" name=\"website-pl-52-time-start\" value=\"1776350725\"><input type=\"hidden\" name=\"website-pl-52-time-check\" value=\"4\"><label for=\"website-pl-52\" class=\"hp-message\">Por favor, deja este campo vac\u00edo.<\/label><input id=\"website-pl-52\"  class=\"wpcf7-form-control wpcf7-text\" type=\"text\" name=\"website-pl-52\" value=\"\" size=\"40\" tabindex=\"-1\" autocomplete=\"new-password\" \/><\/span><br \/>\n<span id=\"wpcf7-69e0f6055d3d5-wrapper\" class=\"wpcf7-form-control-wrap rivpl-email-52-wrap\" ><input type=\"hidden\" name=\"rivpl-email-52-time-start\" value=\"1776350725\"><input type=\"hidden\" name=\"rivpl-email-52-time-check\" value=\"4\"><label for=\"rivpl-email-52\" class=\"hp-message\">Por favor, deja este campo vac\u00edo.<\/label><input id=\"rivpl-email-52\"  placeholder=\"Contact email\"  class=\"wpcf7-form-control wpcf7-text\" type=\"text\" name=\"rivpl-email-52\" value=\"\" size=\"40\" tabindex=\"-1\" autocomplete=\"new-password\" \/><\/span>\n\t<\/p>\n\t<p><input class=\"wpcf7-form-control wpcf7-submit has-spinner\" type=\"submit\" value=\"Submit\" \/>\n\t<\/p>\n<\/div>\n<p><script>\ndocument.getElementById('idTexto').style.display = 'none';\ndocument.getElementById('idTexto2').style.display = 'none';\ndocument.getElementById('selectradio').addEventListener('click', displayTextField);\nfunction displayTextField() {\n var radioText = document.querySelector('input[name=\"your-subject\"]:checked').value;\n if (radioText == 'Canal Corporativo de Denuncias del Grupo Ebro Foods') {\n document.getElementById('idTexto').style.display = 'none';\n document.getElementById('idTexto2').style.display = 'block';\n document.getElementById('idForm').style.display = 'none';\n }\n else if (radioText == 'L\u00ednea de Cumplimiento') {\n document.getElementById('idTexto').style.display = 'block';\n document.getElementById('idTexto2').style.display = 'none';\n document.getElementById('idForm').style.display = 'none';\n } else {\n document.getElementById('idTexto2').style.display = 'none';\n document.getElementById('idTexto').style.display = 'none';\n document.getElementById('idForm').style.display = 'block';\n }\n}\n<\/script>\n<\/p><div class=\"wpcf7-response-output\" aria-hidden=\"true\"><\/div>\n<\/form>\n<\/div>\n\n<\/div>\n<\/div>\n<\/div><\/div>\n\n\n\n<div class=\"wp-block-group alignfull\" style=\"padding-top:5vh;padding-bottom:5vh\"><div class=\"wp-block-group__inner-container is-layout-flow wp-block-group-is-layout-flow\">\n<div class=\"wp-block-columns is-layout-flex wp-container-core-columns-is-layout-9d6595d7 wp-block-columns-is-layout-flex\">\n<div class=\"wp-block-column is-layout-flow wp-block-column-is-layout-flow\" style=\"padding-top:vh;padding-right:vh;padding-bottom:5vh;padding-left:vh\">\n<h2 class=\"wp-block-heading has-text-align-center\">\u00bfNecesitas m\u00e1s informaci\u00f3n?<\/h2>\n\n\n\n<h3 class=\"wp-block-heading has-text-align-center\">Estamos aqu\u00ed para ayudarte<\/h3>\n\n\n\n<hr class=\"wp-block-separator has-text-color has-red-color has-alpha-channel-opacity has-red-background-color has-background aligncenter\"\/>\n<\/div>\n<\/div>\n\n\n\n<div class=\"wp-block-columns alignwide is-layout-flex wp-container-core-columns-is-layout-9d6595d7 wp-block-columns-is-layout-flex\">\n<div class=\"wp-block-column is-layout-flow wp-block-column-is-layout-flow\">\n<p class=\"has-text-align-left\"><strong>Si necesitas ayuda con alguno de nuestros productos, por favor llama al centro de servicio al cliente en el tel\u00e9fono &nbsp;1.800.226.9522<\/strong><\/p>\n<\/div>\n\n\n\n<div class=\"wp-block-column card has-white-background-color has-background is-layout-flow wp-block-column-is-layout-flow\" style=\"padding-top:25px;padding-right:25px;padding-bottom:25px;padding-left:25px\">\n<p><strong>Escr\u00edbenos una carta a esta direcci\u00f3n:<\/strong><br>P.O. Box 2636 Houston, TX 77252<\/p>\n<\/div>\n<\/div>\n<\/div><\/div>\n","protected":false},"excerpt":{"rendered":"<p>Here are the most convenient ways that you can get in contact with us at Riviana Foods and have your questions answered. <\/p>\n","protected":false},"author":2,"featured_media":0,"parent":0,"menu_order":21,"comment_status":"closed","ping_status":"closed","template":"","meta":{"_acf_changed":false,"footnotes":""},"class_list":["post-75","page","type-page","status-publish","hentry","entry"],"acf":[],"_links":{"self":[{"href":"https:\/\/riviana.com\/es\/wp-json\/wp\/v2\/pages\/75","targetHints":{"allow":["GET"]}}],"collection":[{"href":"https:\/\/riviana.com\/es\/wp-json\/wp\/v2\/pages"}],"about":[{"href":"https:\/\/riviana.com\/es\/wp-json\/wp\/v2\/types\/page"}],"author":[{"embeddable":true,"href":"https:\/\/riviana.com\/es\/wp-json\/wp\/v2\/users\/2"}],"replies":[{"embeddable":true,"href":"https:\/\/riviana.com\/es\/wp-json\/wp\/v2\/comments?post=75"}],"version-history":[{"count":11,"href":"https:\/\/riviana.com\/es\/wp-json\/wp\/v2\/pages\/75\/revisions"}],"predecessor-version":[{"id":12224,"href":"https:\/\/riviana.com\/es\/wp-json\/wp\/v2\/pages\/75\/revisions\/12224"}],"wp:attachment":[{"href":"https:\/\/riviana.com\/es\/wp-json\/wp\/v2\/media?parent=75"}],"curies":[{"name":"wp","href":"https:\/\/api.w.org\/{rel}","templated":true}]}}