{"id":6898,"date":"2021-12-01T06:21:02","date_gmt":"2021-12-01T12:21:02","guid":{"rendered":"https:\/\/riviana.com\/codes-policies\/"},"modified":"2023-10-19T01:25:20","modified_gmt":"2023-10-19T06:25:20","slug":"codigos-politicas","status":"publish","type":"page","link":"https:\/\/riviana.com\/es\/codigos-politicas\/","title":{"rendered":"C\u00f3digos y Pol\u00edticas"},"content":{"rendered":"\n<div class=\"wp-block-cover alignfull\"><span aria-hidden=\"true\" class=\"wp-block-cover__background has-background-dim-100 has-background-dim wp-block-cover__gradient-background has-background-gradient\" style=\"background:linear-gradient(290deg,rgba(255,255,255,0) 30%,rgba(255,255,255,0.8) 71%)\"><\/span><img loading=\"lazy\" decoding=\"async\" width=\"1920\" height=\"1440\" class=\"wp-block-cover__image-background wp-image-4847\" alt=\"\" src=\"https:\/\/riviana.com\/wp-content\/uploads\/2023\/05\/codes_and_policies.jpg\" data-object-fit=\"cover\" srcset=\"https:\/\/riviana.com\/wp-content\/uploads\/2023\/05\/codes_and_policies.jpg 1920w, https:\/\/riviana.com\/wp-content\/uploads\/2023\/05\/codes_and_policies-300x225.jpg 300w, https:\/\/riviana.com\/wp-content\/uploads\/2023\/05\/codes_and_policies-1024x768.jpg 1024w, https:\/\/riviana.com\/wp-content\/uploads\/2023\/05\/codes_and_policies-768x576.jpg 768w, https:\/\/riviana.com\/wp-content\/uploads\/2023\/05\/codes_and_policies-1536x1152.jpg 1536w, https:\/\/riviana.com\/wp-content\/uploads\/2023\/05\/codes_and_policies-133x100.jpg 133w, https:\/\/riviana.com\/wp-content\/uploads\/2023\/05\/codes_and_policies-1568x1176.jpg 1568w\" sizes=\"auto, (max-width: 1920px) 100vw, 1920px\" \/><div class=\"wp-block-cover__inner-container is-layout-flow wp-block-cover-is-layout-flow\">\n<div class=\"wp-block-columns alignwide are-vertically-aligned-center is-layout-flex wp-container-core-columns-is-layout-9d6595d7 wp-block-columns-is-layout-flex\">\n<div class=\"wp-block-column is-vertically-aligned-center is-layout-flow wp-block-column-is-layout-flow\">\n<p class=\"hero-subtitle has-usafa-blue-color has-text-color has-extra-small-font-size\"><strong><strong>COMPANY<\/strong><\/strong><\/p>\n\n\n\n<h1 class=\"wp-block-heading has-dazzled-blue-color has-text-color\">C\u00f3digos y Pol\u00edticas<\/h1>\n\n\n\n<p class=\"has-gray-1-color has-text-color\" style=\"font-size:19px\">El desempe\u00f1o sobresaliente en salud, seguridad y medio ambiente se encuentra entre nuestros valores fundamentales y m\u00e1s importantes.<\/p>\n<\/div>\n\n\n\n<div class=\"wp-block-column is-vertically-aligned-center is-layout-flow wp-block-column-is-layout-flow\"><\/div>\n<\/div>\n<\/div><\/div>\n\n\n<div class=\"yoast-breadcrumbs breadcrumbs\"><span><span><a href=\"https:\/\/riviana.com\/es\/\">Home<\/a><\/span> &gt; <span class=\"breadcrumb_last\" aria-current=\"page\">C\u00f3digos y Pol\u00edticas<\/span><\/span><\/div>\n\n\n<div class=\"wp-block-group alignwide\"><div class=\"wp-block-group__inner-container is-layout-flow wp-block-group-is-layout-flow\">\n<div class=\"wp-block-columns alignwide is-layout-flex wp-container-core-columns-is-layout-9d6595d7 wp-block-columns-is-layout-flex\">\n<div class=\"wp-block-column is-layout-flow wp-block-column-is-layout-flow\">\n<div class=\"wp-block-cover\"><span aria-hidden=\"true\" class=\"wp-block-cover__background has-background-dim-0 has-background-dim\"><\/span><img loading=\"lazy\" decoding=\"async\" width=\"1266\" height=\"828\" class=\"wp-block-cover__image-background wp-image-3327\" alt=\"Riviana Truck\" src=\"https:\/\/riviana.com\/wp-content\/uploads\/2022\/11\/truck-for-vendor-resp-FINAL.jpg\" style=\"object-position:0% 50%\" data-object-fit=\"cover\" data-object-position=\"0% 50%\" srcset=\"https:\/\/riviana.com\/wp-content\/uploads\/2022\/11\/truck-for-vendor-resp-FINAL.jpg 1266w, https:\/\/riviana.com\/wp-content\/uploads\/2022\/11\/truck-for-vendor-resp-FINAL-300x196.jpg 300w, https:\/\/riviana.com\/wp-content\/uploads\/2022\/11\/truck-for-vendor-resp-FINAL-1024x670.jpg 1024w, https:\/\/riviana.com\/wp-content\/uploads\/2022\/11\/truck-for-vendor-resp-FINAL-768x502.jpg 768w\" sizes=\"auto, (max-width: 1266px) 100vw, 1266px\" \/><div class=\"wp-block-cover__inner-container is-layout-flow wp-block-cover-is-layout-flow\">\n<p class=\"has-text-align-center has-large-font-size\"><\/p>\n<\/div><\/div>\n<\/div>\n\n\n\n<div class=\"wp-block-column is-layout-flow wp-block-column-is-layout-flow\">\n<h2 class=\"wp-block-heading\">Declaraci\u00f3n sobre el cumplimiento de la Ley de Transparencia en las Cadenas de Suministro de California<\/h2>\n\n\n\n<p>Riviana Foods, Inc. requiere que todos los proveedores directos certifiquen que las materias primas incorporadas al producto cumplen con las leyes sobre esclavitud y trata de personas en el pa\u00eds o pa\u00edses en los que est\u00e1n haciendo negocios.<\/p>\n\n\n\n<p>Nuestra empresa cuenta con un programa integral de auditor\u00eda de la cadena de suministro que aborda los riesgos de la trata de personas y la esclavitud. Nuestras auditor\u00edas generalmente se realizan internamente y, en ocasiones, pueden ser realizadas por un tercero. Es posible que se requiera la verificaci\u00f3n de terceros de nuestros proveedores si se determina que es necesario por una autoevaluaci\u00f3n, industria y ubicaci\u00f3n geogr\u00e1fica.<\/p>\n<\/div>\n<\/div>\n<\/div><\/div>\n\n\n\n<div class=\"wp-block-group alignwide\"><div class=\"wp-block-group__inner-container is-layout-flow wp-block-group-is-layout-flow\">\n<div class=\"wp-block-columns alignwide is-layout-flex wp-container-core-columns-is-layout-9d6595d7 wp-block-columns-is-layout-flex\">\n<div class=\"wp-block-column is-layout-flow wp-block-column-is-layout-flow\" style=\"flex-basis:50%\">\n<p class=\"has-text-align-left has-black-color has-text-color\">Adem\u00e1s, nos reservamos el derecho de realizar auditor\u00edas independientes y sin previo aviso para proveedores considerados de \u00abalto riesgo\u00bb. Estas auditor\u00edas se llevan a cabo para evaluar el cumplimiento de los requisitos de conducta de nuestros proveedores, as\u00ed como las leyes y reglamentaciones laborales aplicables. Si se encuentra una no conformidad, tenemos un proceso de acciones correctivas para resolver la no conformidad.<\/p>\n<\/div>\n\n\n\n<div class=\"wp-block-column is-layout-flow wp-block-column-is-layout-flow\" style=\"flex-basis:50%\">\n<p>Si la(s) no conformidad(es) persisten, nuestra empresa puede dejar de hacer negocios con el proveedor. Todos los miembros de nuestro equipo de gesti\u00f3n de la cadena de suministro han recibido capacitaci\u00f3n sobre c\u00f3mo mitigar los riesgos de la trata de personas y la esclavitud dentro de nuestra cadena de suministro.<\/p>\n<\/div>\n<\/div>\n<\/div><\/div>\n\n\n\n<div class=\"wp-block-group alignwide\"><div class=\"wp-block-group__inner-container is-layout-flow wp-block-group-is-layout-flow\">\n<div class=\"wp-block-media-text alignwide has-media-on-the-right is-stacked-on-mobile\"><div class=\"wp-block-media-text__content\">\n<h2 class=\"wp-block-heading\">Responsabilidad Corporativa<\/h2>\n\n\n\n<h3 class=\"wp-block-heading\">Ser respetado y valorado<\/h3>\n\n\n\n<p>Estamos orgullosos de nuestra larga tradici\u00f3n de conducta y negocios \u00e9ticos y de nuestro compromiso inquebrantable con la protecci\u00f3n del medio ambiente, la salud y seguridad de nuestros empleados, as\u00ed como las comunidades en las que trabajamos.<\/p>\n<\/div><figure class=\"wp-block-media-text__media\"><img loading=\"lazy\" decoding=\"async\" width=\"1024\" height=\"683\" src=\"https:\/\/riviana.com\/wp-content\/uploads\/2022\/11\/corp-resp-FINAL-1024x683.jpg\" alt=\"\" class=\"wp-image-3335 size-full\" srcset=\"https:\/\/riviana.com\/wp-content\/uploads\/2022\/11\/corp-resp-FINAL-1024x683.jpg 1024w, https:\/\/riviana.com\/wp-content\/uploads\/2022\/11\/corp-resp-FINAL-300x200.jpg 300w, https:\/\/riviana.com\/wp-content\/uploads\/2022\/11\/corp-resp-FINAL-768x513.jpg 768w, https:\/\/riviana.com\/wp-content\/uploads\/2022\/11\/corp-resp-FINAL.jpg 1254w\" sizes=\"auto, (max-width: 1024px) 100vw, 1024px\" \/><\/figure><\/div>\n<\/div><\/div>\n\n\n\n<div class=\"wp-block-group alignwide\" style=\"padding-top:5vh;padding-bottom:5vh\"><div class=\"wp-block-group__inner-container is-layout-flow wp-block-group-is-layout-flow\">\n<h2 class=\"wp-block-heading has-text-align-center\">Riviana Foods se compromete a mantener un lugar de trabajo diverso y los principios de igualdad de oportunidades laborales<\/h2>\n\n\n\n<hr class=\"wp-block-separator has-text-color has-red-color has-alpha-channel-opacity has-red-background-color has-background aligncenter\"\/>\n\n\n\n<div class=\"wp-block-columns is-layout-flex wp-container-core-columns-is-layout-9d6595d7 wp-block-columns-is-layout-flex\">\n<div class=\"wp-block-column is-layout-flow wp-block-column-is-layout-flow\" style=\"flex-basis:100%\">\n<div class=\"wp-block-columns is-layout-flex wp-container-core-columns-is-layout-9d6595d7 wp-block-columns-is-layout-flex\">\n<div class=\"wp-block-column is-layout-flow wp-block-column-is-layout-flow\" style=\"flex-basis:50%\">\n<p>De acuerdo con este compromiso, Riviana Foods no tolera la discriminaci\u00f3n o el acoso por motivos de raza, color, edad, sexo, religi\u00f3n, etnia, origen nacional, discapacidad, estado militar pasado o presente, orientaci\u00f3n sexual o cualquier otra categor\u00eda protegida por leyes federales, estatales o locales aplicables.<\/p>\n<\/div>\n\n\n\n<div class=\"wp-block-column is-layout-flow wp-block-column-is-layout-flow\" style=\"flex-basis:50%\">\n<p>Riviana Foods brinda igualdad de oportunidades de empleo en todos los aspectos del empleo y las relaciones con los empleados, incluido el reclutamiento, el empleo, la compensaci\u00f3n, la capacitaci\u00f3n y el desarrollo, las promociones, los beneficios y todos los dem\u00e1s t\u00e9rminos, condiciones y privilegios de empleo<\/p>\n<\/div>\n<\/div>\n<\/div>\n<\/div>\n\n\n\n<p>En Riviana Foods, los postulantes y empleados son evaluados \u00fanicamente por su aptitud, capacitaci\u00f3n, habilidades y desempe\u00f1o relacionados con el trabajo.<\/p>\n<\/div><\/div>\n\n\n\n<div class=\"wp-block-group\"><div class=\"wp-block-group__inner-container is-layout-flow wp-block-group-is-layout-flow\">\n<div class=\"wp-block-columns is-layout-flex wp-container-core-columns-is-layout-9d6595d7 wp-block-columns-is-layout-flex\">\n<div class=\"wp-block-column is-layout-flow wp-block-column-is-layout-flow\" style=\"padding-top:vh;padding-right:vh;padding-bottom:5vh;padding-left:vh\">\n<h2 class=\"wp-block-heading has-text-align-center\">Regla de Transparencia en la Cobertura<\/h2>\n\n\n\n<hr class=\"wp-block-separator has-text-color has-red-color has-alpha-channel-opacity has-red-background-color has-background aligncenter\"\/>\n\n\n\n<p>Las Reglas Finales de Transparencia en la Cobertura (The TiC final rules) exigen que los planes de salud grupales sin derechos adquiridos y los emisores de seguros de salud que brindan cobertura sin derechos adquiridos en los mercados grupales e individuales divulguen informaci\u00f3n sobre las tarifas dentro de la red para art\u00edculos y servicios cubiertos, montos permitidos fuera de la red y cargos facturados por art\u00edculos y servicios cubiertos, as\u00ed como tarifas negociadas y precios netos hist\u00f3ricos para medicamentos recetados cubiertos en un sitio web p\u00fablico.<\/p>\n\n\n\n<p>Los requisitos de archivo legible por m\u00e1quina de las Regulaciones finales de TiC son aplicables a los a\u00f1os del plan (o a\u00f1os de la p\u00f3liza en el mercado individual) que comiencen a partir del 1 de enero de 2022.<\/p>\n\n\n\n<p>Visite <a href=\"https:\/\/www.cigna.com\/legal\/compliance\/machine-readable-files\" target=\"_blank\" rel=\"noreferrer noopener nofollow\">Federal Transparency Coverage Rule<\/a> o <a href=\"https:\/\/my.cigna.com\/\" target=\"_blank\" rel=\"noreferrer noopener nofollow\">mycigna.com<\/a> para obtener informaci\u00f3n m\u00e1s detallada. <\/p>\n<\/div>\n<\/div>\n<\/div><\/div>\n","protected":false},"excerpt":{"rendered":"<p>Learn about the codes and policies for Riviana, Foods, inc. <\/p>\n","protected":false},"author":2,"featured_media":0,"parent":0,"menu_order":6,"comment_status":"closed","ping_status":"closed","template":"","meta":{"_acf_changed":false,"footnotes":""},"class_list":["post-6898","page","type-page","status-publish","hentry","entry"],"acf":[],"_links":{"self":[{"href":"https:\/\/riviana.com\/es\/wp-json\/wp\/v2\/pages\/6898","targetHints":{"allow":["GET"]}}],"collection":[{"href":"https:\/\/riviana.com\/es\/wp-json\/wp\/v2\/pages"}],"about":[{"href":"https:\/\/riviana.com\/es\/wp-json\/wp\/v2\/types\/page"}],"author":[{"embeddable":true,"href":"https:\/\/riviana.com\/es\/wp-json\/wp\/v2\/users\/2"}],"replies":[{"embeddable":true,"href":"https:\/\/riviana.com\/es\/wp-json\/wp\/v2\/comments?post=6898"}],"version-history":[{"count":2,"href":"https:\/\/riviana.com\/es\/wp-json\/wp\/v2\/pages\/6898\/revisions"}],"predecessor-version":[{"id":12016,"href":"https:\/\/riviana.com\/es\/wp-json\/wp\/v2\/pages\/6898\/revisions\/12016"}],"wp:attachment":[{"href":"https:\/\/riviana.com\/es\/wp-json\/wp\/v2\/media?parent=6898"}],"curies":[{"name":"wp","href":"https:\/\/api.w.org\/{rel}","templated":true}]}}