{"id":5518,"date":"2021-12-01T06:20:31","date_gmt":"2021-12-01T12:20:31","guid":{"rendered":"https:\/\/riviana.com\/r-d\/"},"modified":"2024-05-15T01:19:16","modified_gmt":"2024-05-15T06:19:16","slug":"r-d","status":"publish","type":"page","link":"https:\/\/riviana.com\/es\/r-d\/","title":{"rendered":"Investigaci\u00f3n y desarrollo"},"content":{"rendered":"\n<div class=\"wp-block-cover alignfull\"><span aria-hidden=\"true\" class=\"wp-block-cover__background has-background-dim-100 has-background-dim wp-block-cover__gradient-background has-background-gradient\" style=\"background:linear-gradient(290deg,rgba(255,255,255,0) 30%,rgba(255,255,255,0.8) 71%)\"><\/span><img loading=\"lazy\" decoding=\"async\" width=\"1920\" height=\"1042\" class=\"wp-block-cover__image-background wp-image-4858\" alt=\"\" src=\"https:\/\/riviana.com\/wp-content\/uploads\/2023\/05\/research_and_development.jpg\" style=\"object-position:50% 80%\" data-object-fit=\"cover\" data-object-position=\"50% 80%\" srcset=\"https:\/\/riviana.com\/wp-content\/uploads\/2023\/05\/research_and_development.jpg 1920w, https:\/\/riviana.com\/wp-content\/uploads\/2023\/05\/research_and_development-300x163.jpg 300w, https:\/\/riviana.com\/wp-content\/uploads\/2023\/05\/research_and_development-1024x556.jpg 1024w, https:\/\/riviana.com\/wp-content\/uploads\/2023\/05\/research_and_development-768x417.jpg 768w, https:\/\/riviana.com\/wp-content\/uploads\/2023\/05\/research_and_development-1536x834.jpg 1536w, https:\/\/riviana.com\/wp-content\/uploads\/2023\/05\/research_and_development-1568x851.jpg 1568w\" sizes=\"auto, (max-width: 1920px) 100vw, 1920px\" \/><div class=\"wp-block-cover__inner-container is-layout-flow wp-block-cover-is-layout-flow\">\n<div class=\"wp-block-columns alignwide are-vertically-aligned-center is-layout-flex wp-container-core-columns-is-layout-9d6595d7 wp-block-columns-is-layout-flex\">\n<div class=\"wp-block-column is-vertically-aligned-center is-layout-flow wp-block-column-is-layout-flow\">\n<p class=\"hero-subtitle has-usafa-blue-color has-text-color has-extra-small-font-size\"><strong><strong>EMPRESA<\/strong><\/strong><\/p>\n\n\n\n<h1 class=\"wp-block-heading has-dazzled-blue-color has-text-color\">Investigaci\u00f3n y desarrollo<\/h1>\n\n\n\n<p class=\"has-gray-1-color has-text-color\" style=\"font-size:19px\">Mant\u00e9ngase al d\u00eda de las \u00faltimas novedades en I+D de Riviana Foods, Inc.<\/p>\n<\/div>\n\n\n\n<div class=\"wp-block-column is-vertically-aligned-center is-layout-flow wp-block-column-is-layout-flow\"><\/div>\n<\/div>\n<\/div><\/div>\n\n\n<div class=\"yoast-breadcrumbs breadcrumbs\"><span><span><a href=\"https:\/\/riviana.com\/es\/\">Home<\/a><\/span> &gt; <span class=\"breadcrumb_last\" aria-current=\"page\">Investigaci\u00f3n y desarrollo<\/span><\/span><\/div>\n\n\n<div class=\"wp-block-media-text alignwide has-media-on-the-right is-stacked-on-mobile\"><div class=\"wp-block-media-text__content\">\n<h3 class=\"wp-block-heading has-large-font-size\">Del campo a los congelados: protegiendo tu econom\u00eda y al medio ambiente<\/h3>\n\n\n\n<p><em>White Paper, ingl\u00e9s&nbsp;<\/em>&#8211; AFFI, el Instituto Americano de Alimentos Congelados, ha publicado un informe reciente en el que afirma que los alimentos congelados generan menos residuos que los no congelados. Seg\u00fan datos publicados por el Nutrition Journal, el coste anual de los alimentos desperdiciados se estima en m\u00e1s de 1.000 d\u00f3lares per c\u00e1pita. En los esfuerzos por abordar el impacto medioambiental, buscar flexibilidad financiera y minimizar los efectos de los h\u00e1bitos de consumo de los consumidores, los alimentos congelados presentan una oportunidad.<\/p>\n\n\n\n<div class=\"wp-block-buttons is-layout-flex wp-block-buttons-is-layout-flex\">\n<div class=\"wp-block-button\"><a class=\"wp-block-button__link wp-element-button\" href=\"https:\/\/rivianaindustrial.com\/wp-content\/uploads\/2024\/05\/White_Papers_Riviana_IQF_From_Field_to_Frozen_compressed.pdf\" target=\"_blank\" rel=\"noreferrer noopener nofollow\">Ver m\u00e1s<\/a><\/div>\n<\/div>\n<\/div><figure class=\"wp-block-media-text__media\"><img loading=\"lazy\" decoding=\"async\" width=\"1024\" height=\"678\" src=\"https:\/\/riviana.com\/wp-content\/uploads\/2022\/08\/EFNA-lentils-salad-1024x678.jpg\" alt=\"green lentils carrots celery salad\" class=\"wp-image-2279 size-full\" srcset=\"https:\/\/riviana.com\/wp-content\/uploads\/2022\/08\/EFNA-lentils-salad-1024x678.jpg 1024w, https:\/\/riviana.com\/wp-content\/uploads\/2022\/08\/EFNA-lentils-salad-300x199.jpg 300w, https:\/\/riviana.com\/wp-content\/uploads\/2022\/08\/EFNA-lentils-salad-768x509.jpg 768w, https:\/\/riviana.com\/wp-content\/uploads\/2022\/08\/EFNA-lentils-salad-1536x1018.jpg 1536w, https:\/\/riviana.com\/wp-content\/uploads\/2022\/08\/EFNA-lentils-salad-1568x1039.jpg 1568w, https:\/\/riviana.com\/wp-content\/uploads\/2022\/08\/EFNA-lentils-salad.jpg 1920w\" sizes=\"auto, (max-width: 1024px) 100vw, 1024px\" \/><\/figure><\/div>\n\n\n\n<div class=\"wp-block-media-text alignwide is-stacked-on-mobile\"><figure class=\"wp-block-media-text__media\"><img loading=\"lazy\" decoding=\"async\" width=\"1024\" height=\"729\" src=\"https:\/\/riviana.com\/wp-content\/uploads\/2022\/03\/EFNA-falafel-salad-1024x729.jpg\" alt=\"IQF grains in a falafel salad bowl\" class=\"wp-image-2386 size-full\" srcset=\"https:\/\/riviana.com\/wp-content\/uploads\/2022\/03\/EFNA-falafel-salad-1024x729.jpg 1024w, https:\/\/riviana.com\/wp-content\/uploads\/2022\/03\/EFNA-falafel-salad-300x214.jpg 300w, https:\/\/riviana.com\/wp-content\/uploads\/2022\/03\/EFNA-falafel-salad-768x547.jpg 768w, https:\/\/riviana.com\/wp-content\/uploads\/2022\/03\/EFNA-falafel-salad-1536x1094.jpg 1536w, https:\/\/riviana.com\/wp-content\/uploads\/2022\/03\/EFNA-falafel-salad-1568x1116.jpg 1568w, https:\/\/riviana.com\/wp-content\/uploads\/2022\/03\/EFNA-falafel-salad.jpg 1920w\" sizes=\"auto, (max-width: 1024px) 100vw, 1024px\" \/><\/figure><div class=\"wp-block-media-text__content\">\n<h3 class=\"wp-block-heading has-large-font-size\">Calidad e innovaci\u00f3n: los granos congelados IQF satisfacen la demanda de los consumidores<\/h3>\n\n\n\n<p><em>White Paper, ingl\u00e9s&nbsp;<\/em>\u2013 Con un consumo mejorado debido al ajetreado estilo de vida de los consumidores, est\u00e1n surgiendo nuevas tendencias y h\u00e1bitos alimenticios. Como consecuencia de ello, el concepto tradicional de comida congelada est\u00e1 experimentando un cambio.<\/p>\n\n\n\n<div class=\"wp-block-buttons is-layout-flex wp-block-buttons-is-layout-flex\">\n<div class=\"wp-block-button\"><a class=\"wp-block-button__link wp-element-button\" href=\"https:\/\/rivianaindustrial.com\/wp-content\/uploads\/2024\/05\/White_Papers_Riviana_IQF_Grains_Meet_Consumers_Demand_compressed.pdf\" target=\"_blank\" rel=\"noreferrer noopener nofollow\">Ver m\u00e1s <\/a><\/div>\n<\/div>\n<\/div><\/div>\n\n\n\n<div class=\"wp-block-media-text alignwide has-media-on-the-right is-stacked-on-mobile\"><div class=\"wp-block-media-text__content\">\n<h3 class=\"wp-block-heading has-large-font-size\">Mejora de los alimentos y snacks para mascotas con Rice Gel\u00ae<\/h3>\n\n\n\n<p><em>White Paper, ingl\u00e9s&nbsp;<\/em>&#8211; Hoy en d\u00eda, los consumidores buscan alimentos de mayor calidad para los perros y gatos de la familia. Descubra por qu\u00e9 los almidones Rice Gel\u00ae son ideales para su uso en golosinas y alimentos.<\/p>\n\n\n\n<div class=\"wp-block-buttons is-layout-flex wp-block-buttons-is-layout-flex\">\n<div class=\"wp-block-button\"><a class=\"wp-block-button__link wp-element-button\" href=\"https:\/\/rivland.com\/wp-content\/themes\/rivland-theme\/static\/pdf\/white_paper_eng_rivland_rice_gel_pet_food_and_treats_oct15-2021.pdf\" target=\"_blank\" rel=\"noreferrer noopener nofollow\">Ver m\u00e1s<\/a><\/div>\n<\/div>\n<\/div><figure class=\"wp-block-media-text__media\"><img loading=\"lazy\" decoding=\"async\" width=\"1024\" height=\"819\" src=\"https:\/\/riviana.com\/wp-content\/uploads\/2022\/03\/side-view-of-person-holding-dog-s-paw-1024x819.jpg\" alt=\"side-view-of-person-holding-dog-s-paw\" class=\"wp-image-2391 size-full\" srcset=\"https:\/\/riviana.com\/wp-content\/uploads\/2022\/03\/side-view-of-person-holding-dog-s-paw-1024x819.jpg 1024w, https:\/\/riviana.com\/wp-content\/uploads\/2022\/03\/side-view-of-person-holding-dog-s-paw-300x240.jpg 300w, https:\/\/riviana.com\/wp-content\/uploads\/2022\/03\/side-view-of-person-holding-dog-s-paw-768x614.jpg 768w, https:\/\/riviana.com\/wp-content\/uploads\/2022\/03\/side-view-of-person-holding-dog-s-paw-1536x1229.jpg 1536w, https:\/\/riviana.com\/wp-content\/uploads\/2022\/03\/side-view-of-person-holding-dog-s-paw-1568x1254.jpg 1568w, https:\/\/riviana.com\/wp-content\/uploads\/2022\/03\/side-view-of-person-holding-dog-s-paw.jpg 1920w\" sizes=\"auto, (max-width: 1024px) 100vw, 1024px\" \/><\/figure><\/div>\n\n\n\n<div class=\"wp-block-media-text alignwide is-stacked-on-mobile\"><figure class=\"wp-block-media-text__media\"><img loading=\"lazy\" decoding=\"async\" width=\"1024\" height=\"864\" src=\"https:\/\/riviana.com\/wp-content\/uploads\/2022\/03\/hot-rice-e1685630392228-1024x864.jpg\" alt=\"hot rice in a bowl\" class=\"wp-image-2385 size-full\" srcset=\"https:\/\/riviana.com\/wp-content\/uploads\/2022\/03\/hot-rice-e1685630392228-1024x864.jpg 1024w, https:\/\/riviana.com\/wp-content\/uploads\/2022\/03\/hot-rice-e1685630392228-300x253.jpg 300w, https:\/\/riviana.com\/wp-content\/uploads\/2022\/03\/hot-rice-e1685630392228-768x648.jpg 768w, https:\/\/riviana.com\/wp-content\/uploads\/2022\/03\/hot-rice-e1685630392228.jpg 1281w\" sizes=\"auto, (max-width: 1024px) 100vw, 1024px\" \/><\/figure><div class=\"wp-block-media-text__content\">\n<h3 class=\"wp-block-heading has-large-font-size\">Innovaci\u00f3n en productos de arroz instant\u00e1neo y vaporizado Clean Label<\/h3>\n\n\n\n<p><em>White Paper<\/em>, espa\u00f1ol&nbsp;\u2013 El actual estilo de vida acelerado de la mayor\u00eda de los consumidores les lleva a elegir opciones alimenticias m\u00e1s sencillas y saludables. El arroz instant\u00e1neo y vaporizado se cuece y deshidrata para ofrecer una soluci\u00f3n de comida m\u00e1s r\u00e1pida y c\u00f3moda.<\/p>\n\n\n\n<div class=\"wp-block-buttons is-layout-flex wp-block-buttons-is-layout-flex\">\n<div class=\"wp-block-button\"><a class=\"wp-block-button__link wp-element-button\" href=\"https:\/\/rivianaindustrial.com\/wp-content\/uploads\/2022\/09\/White-Papers_Innovacionproductosarrozinstantaneo_0922.pdf\" target=\"_blank\" rel=\"noreferrer noopener nofollow\">Ver m\u00e1s<\/a><\/div>\n<\/div>\n<\/div><\/div>\n","protected":false},"excerpt":{"rendered":"<p>Make sure to stay up to date with all of the latest research and development related news from Riviana Foods.<\/p>\n","protected":false},"author":2,"featured_media":0,"parent":0,"menu_order":5,"comment_status":"closed","ping_status":"closed","template":"","meta":{"_acf_changed":false,"footnotes":""},"class_list":["post-5518","page","type-page","status-publish","hentry","entry"],"acf":[],"_links":{"self":[{"href":"https:\/\/riviana.com\/es\/wp-json\/wp\/v2\/pages\/5518","targetHints":{"allow":["GET"]}}],"collection":[{"href":"https:\/\/riviana.com\/es\/wp-json\/wp\/v2\/pages"}],"about":[{"href":"https:\/\/riviana.com\/es\/wp-json\/wp\/v2\/types\/page"}],"author":[{"embeddable":true,"href":"https:\/\/riviana.com\/es\/wp-json\/wp\/v2\/users\/2"}],"replies":[{"embeddable":true,"href":"https:\/\/riviana.com\/es\/wp-json\/wp\/v2\/comments?post=5518"}],"version-history":[{"count":9,"href":"https:\/\/riviana.com\/es\/wp-json\/wp\/v2\/pages\/5518\/revisions"}],"predecessor-version":[{"id":18908,"href":"https:\/\/riviana.com\/es\/wp-json\/wp\/v2\/pages\/5518\/revisions\/18908"}],"wp:attachment":[{"href":"https:\/\/riviana.com\/es\/wp-json\/wp\/v2\/media?parent=5518"}],"curies":[{"name":"wp","href":"https:\/\/api.w.org\/{rel}","templated":true}]}}