{"id":5514,"date":"2021-12-01T06:21:25","date_gmt":"2021-12-01T12:21:25","guid":{"rendered":"https:\/\/riviana.com\/csr\/"},"modified":"2023-10-18T11:30:37","modified_gmt":"2023-10-18T16:30:37","slug":"csr","status":"publish","type":"page","link":"https:\/\/riviana.com\/es\/csr\/","title":{"rendered":"Responsabilidad social corporativa"},"content":{"rendered":"\n<div class=\"wp-block-cover alignfull\"><span aria-hidden=\"true\" class=\"wp-block-cover__background has-background-dim-100 has-background-dim wp-block-cover__gradient-background has-background-gradient\" style=\"background:linear-gradient(290deg,rgba(255,255,255,0) 30%,rgba(255,255,255,0.8) 71%)\"><\/span><img loading=\"lazy\" decoding=\"async\" width=\"1724\" height=\"600\" class=\"wp-block-cover__image-background wp-image-3294\" alt=\"CSR\" src=\"https:\/\/riviana.com\/wp-content\/uploads\/2022\/11\/slider-home-2-1.jpg\" style=\"object-position:90% 50%\" data-object-fit=\"cover\" data-object-position=\"90% 50%\" srcset=\"https:\/\/riviana.com\/wp-content\/uploads\/2022\/11\/slider-home-2-1.jpg 1724w, https:\/\/riviana.com\/wp-content\/uploads\/2022\/11\/slider-home-2-1-300x104.jpg 300w, https:\/\/riviana.com\/wp-content\/uploads\/2022\/11\/slider-home-2-1-1024x356.jpg 1024w, https:\/\/riviana.com\/wp-content\/uploads\/2022\/11\/slider-home-2-1-768x267.jpg 768w, https:\/\/riviana.com\/wp-content\/uploads\/2022\/11\/slider-home-2-1-1536x535.jpg 1536w, https:\/\/riviana.com\/wp-content\/uploads\/2022\/11\/slider-home-2-1-1568x546.jpg 1568w\" sizes=\"auto, (max-width: 1724px) 100vw, 1724px\" \/><div class=\"wp-block-cover__inner-container is-layout-flow wp-block-cover-is-layout-flow\">\n<div class=\"wp-block-columns alignwide are-vertically-aligned-center is-layout-flex wp-container-core-columns-is-layout-9d6595d7 wp-block-columns-is-layout-flex\">\n<div class=\"wp-block-column is-vertically-aligned-center is-layout-flow wp-block-column-is-layout-flow\">\n<p class=\"hero-subtitle has-usafa-blue-color has-text-color has-extra-small-font-size\"><strong><strong>EMPRESA<\/strong><\/strong><\/p>\n\n\n\n<h1 class=\"wp-block-heading has-dazzled-blue-color has-text-color\">Responsabilidad social corporativa<\/h1>\n<\/div>\n\n\n\n<div class=\"wp-block-column is-vertically-aligned-center is-layout-flow wp-block-column-is-layout-flow\"><\/div>\n<\/div>\n<\/div><\/div>\n\n\n<div class=\"yoast-breadcrumbs breadcrumbs\"><span><span><a href=\"https:\/\/riviana.com\/es\/\">Home<\/a><\/span> &gt; <span class=\"breadcrumb_last\" aria-current=\"page\">Responsabilidad social corporativa<\/span><\/span><\/div>\n\n\n<div class=\"wp-block-columns alignwide is-layout-flex wp-container-core-columns-is-layout-9d6595d7 wp-block-columns-is-layout-flex\">\n<div class=\"wp-block-column is-layout-flow wp-block-column-is-layout-flow\">\n<h2 class=\"wp-block-heading\">Orgullosos de ser Riviana Foods<\/h2>\n\n\n\n<hr class=\"wp-block-separator has-text-color has-red-color has-alpha-channel-opacity has-red-background-color has-background\"\/>\n\n\n\n<p>Gracias a nuestros clientes, Riviana Foods lleva m\u00e1s de 100 a\u00f1os ofreciendo los productos de mayor calidad del mercado. Esto es posible gracias a todos nuestros extraordinarios y dedicados empleados que, d\u00e9cada tras d\u00e9cada, est\u00e1n orgullosos de servir a su familia.<\/p>\n\n\n\n<p>Nos enorgullecemos de nuestra larga tradici\u00f3n de pr\u00e1cticas empresariales \u00e9ticas y de nuestro compromiso inquebrantable por ofrecer productos de calidad en los que usted y su familia puedan confiar. Una parte integral de nuestro negocio es un excelente comportamiento en materia de salud, seguridad y medio ambiente. Nos esforzamos por llevar a cabo nuestra actividad con los m\u00e1s altos niveles de integridad, respeto y responsabilidad.<\/p>\n<\/div>\n<\/div>\n\n\n\n<div class=\"wp-block-group alignwide\"><div class=\"wp-block-group__inner-container is-layout-flow wp-block-group-is-layout-flow\">\n<div class=\"wp-block-columns alignwide is-layout-flex wp-container-core-columns-is-layout-9d6595d7 wp-block-columns-is-layout-flex\">\n<div class=\"wp-block-column is-layout-flow wp-block-column-is-layout-flow\">\n<h2 class=\"wp-block-heading border-left\">Orgullosos de ser parte de Ebro Foods<\/h2>\n\n\n\n<p>Con sede en Espa\u00f1a, Ebro Foods opera en el sector del arroz en todo el mundo a trav\u00e9s de su extensa red de filiales y marcas, a lo largo de m\u00e1s de ochenta pa\u00edses de Europa, Norteam\u00e9rica, Asia y \u00c1frica. Esta relaci\u00f3n mejora tanto nuestros productos como la empresa en su conjunto, al proporcionar acceso a la mejor red mundial de abastecimiento de materias primas, centros de investigaci\u00f3n y desarrollo de innovaciones, tecnolog\u00eda punta y novedades de productos.<\/p>\n\n\n\n<p>Riviana Foods, como parte de Ebro Foods, est\u00e1 alineada con el plan global de sostenibilidad denominado \u00abTowards 2030\u00bb, que incluye objetivos y acciones para avanzar en su compromiso con la sostenibilidad.<\/p>\n<\/div>\n<\/div>\n\n\n\n<div class=\"wp-block-columns is-layout-flex wp-container-core-columns-is-layout-9d6595d7 wp-block-columns-is-layout-flex\">\n<div class=\"wp-block-column is-layout-flow wp-block-column-is-layout-flow\">\n<figure class=\"wp-block-embed aligncenter is-type-video is-provider-youtube wp-block-embed-youtube wp-embed-aspect-16-9 wp-has-aspect-ratio\"><div class=\"wp-block-embed__wrapper\">\n<iframe loading=\"lazy\" title=\"EBRO SUSTAINABILITY 2022\" width=\"750\" height=\"422\" src=\"https:\/\/www.youtube.com\/embed\/JO0NWafxjCM?feature=oembed&#038;enablejsapi=1&#038;origin=https:\/\/riviana.com\" frameborder=\"0\" allow=\"accelerometer; autoplay; clipboard-write; encrypted-media; gyroscope; picture-in-picture; web-share\" allowfullscreen><\/iframe>\n<\/div><\/figure>\n<\/div>\n<\/div>\n<\/div><\/div>\n\n\n\n<div class=\"wp-block-group alignwide\"><div class=\"wp-block-group__inner-container is-layout-flow wp-block-group-is-layout-flow\">\n<div class=\"wp-block-columns alignwide is-layout-flex wp-container-core-columns-is-layout-9d6595d7 wp-block-columns-is-layout-flex\">\n<div class=\"wp-block-column is-layout-flow wp-block-column-is-layout-flow\">\n<figure class=\"wp-block-image size-full\"><img loading=\"lazy\" decoding=\"async\" width=\"475\" height=\"149\" src=\"https:\/\/riviana.com\/wp-content\/uploads\/2023\/05\/logo-ebro-caring.png\" alt=\"logo ebro caring\" class=\"wp-image-4448\" srcset=\"https:\/\/riviana.com\/wp-content\/uploads\/2023\/05\/logo-ebro-caring.png 475w, https:\/\/riviana.com\/wp-content\/uploads\/2023\/05\/logo-ebro-caring-300x94.png 300w\" sizes=\"auto, (max-width: 475px) 100vw, 475px\" \/><\/figure>\n<\/div>\n\n\n\n<div class=\"wp-block-column is-layout-flow wp-block-column-is-layout-flow\">\n<h2 class=\"wp-block-heading border-left\">Caring For You and The Planet<\/h2>\n\n\n\n<p>CARING FOR YOU &amp; THE PLANET es el compromiso de Ebro Foods de crecimiento sostenible y responsabilidad social. Su objetivo es crear un modelo de negocio rentable y eficiente que ayude al progreso de la sociedad y que, al mismo tiempo, aporte tambi\u00e9n valor a los lugares donde Ebro Foods desarrolla su actividad junto a sus clientes, empleados y accionistas, al entorno social y al medio ambiente.<\/p>\n\n\n\n<p>Este plan se basa en tres \u00e1reas: <strong>Caring for You, Caring for the Planet and Caring for Food.<\/strong> Puede <a href=\"https:\/\/www.caringforyouandtheplanet.com\/\" target=\"_blank\" rel=\"noreferrer noopener nofollow\">encontrar m\u00e1s informaci\u00f3n sobre estos proyectos aqu\u00ed.<\/a><\/p>\n<\/div>\n<\/div>\n<\/div><\/div>\n\n\n\n<div style=\"height:10vh\" aria-hidden=\"true\" class=\"wp-block-spacer\"><\/div>\n\n\n\n<div class=\"wp-block-group alignwide\"><div class=\"wp-block-group__inner-container is-layout-flow wp-block-group-is-layout-flow\">\n<div class=\"wp-block-cover alignfull\" id=\"cfy\"><span aria-hidden=\"true\" class=\"wp-block-cover__background has-background-dim-70 has-background-dim wp-block-cover__gradient-background has-background-gradient\" style=\"background:linear-gradient(135deg,rgb(123,213,49) 0%,rgb(52,181,136) 35%,rgb(26,157,190) 68%,rgb(34,117,185) 100%)\"><\/span><img loading=\"lazy\" decoding=\"async\" width=\"680\" height=\"310\" class=\"wp-block-cover__image-background wp-image-3285\" alt=\"\" src=\"https:\/\/riviana.com\/wp-content\/uploads\/2022\/11\/caring-for-you.jpg\" data-object-fit=\"cover\" srcset=\"https:\/\/riviana.com\/wp-content\/uploads\/2022\/11\/caring-for-you.jpg 680w, https:\/\/riviana.com\/wp-content\/uploads\/2022\/11\/caring-for-you-300x137.jpg 300w\" sizes=\"auto, (max-width: 680px) 100vw, 680px\" \/><div class=\"wp-block-cover__inner-container is-layout-flow wp-block-cover-is-layout-flow\"><div class=\"wp-block-image\">\n<figure class=\"aligncenter size-thumbnail is-resized\"><a href=\"https:\/\/www.caringforyouandtheplanet.com\/las-personas-caring-for-you\/\" target=\"_blank\" rel=\"noreferrer noopener\"><img loading=\"lazy\" decoding=\"async\" src=\"https:\/\/riviana.com\/wp-content\/uploads\/2022\/11\/icono-you3-150x150.png\" alt=\"\" class=\"wp-image-3231\" style=\"width:150px;height:150px\" width=\"150\" height=\"150\"\/><\/a><\/figure>\n<\/div>\n\n\n<h3 class=\"wp-block-heading has-text-align-center\"><a href=\"https:\/\/www.caringforyouandtheplanet.com\/las-personas-caring-for-you\/\" target=\"_blank\" rel=\"noreferrer noopener nofollow\">CARING FOR YOU<\/a><\/h3>\n\n\n\n<p class=\"has-text-align-center\">Riviana Foods se preocupa por usted y su familia. Nuestra misi\u00f3n como parte de Ebro Foods es producir productos de arroz y granos de la m\u00e1s alta calidad disponible.<\/p>\n\n\n\n<p class=\"has-text-align-center\">Estamos orgullosos de nuestra larga tradici\u00f3n de pr\u00e1ctica empresarial \u00e9tica y de nuestro compromiso inquebrantable con la protecci\u00f3n del medio ambiente, la salud y la seguridad de nuestros empleados y las comunidades en las que trabajamos. Riviana Foods se compromete a mantener un lugar de trabajo diverso y a respetar los principios de igualdad de oportunidades en el empleo.<\/p>\n\n\n\n<p class=\"has-text-align-center\">En l\u00ednea con la estrategia trazada por Ebro Foods, Riviana Foods se centra en promover la seguridad laboral y mejorar la igualdad y la diversidad dentro de nuestra plantilla. Estamos comprometidos con la promoci\u00f3n de nuestros propios proyectos de responsabilidad social corporativa, as\u00ed como con el apoyo a las iniciativas sociales de diversas organizaciones dentro de nuestras comunidades locales.<\/p>\n<\/div><\/div>\n\n\n\n<div class=\"wp-block-cover alignfull\" id=\"cfp\"><span aria-hidden=\"true\" class=\"wp-block-cover__background has-background-dim-70 has-background-dim wp-block-cover__gradient-background has-background-gradient\" style=\"background:linear-gradient(135deg,rgb(123,213,49) 0%,rgb(52,181,136) 35%,rgb(26,157,190) 68%,rgb(34,117,185) 100%)\"><\/span><img loading=\"lazy\" decoding=\"async\" width=\"680\" height=\"300\" class=\"wp-block-cover__image-background wp-image-3287\" alt=\"\" src=\"https:\/\/riviana.com\/wp-content\/uploads\/2022\/11\/caring-for-the-planet.jpg\" style=\"object-position:50% 50%\" data-object-fit=\"cover\" data-object-position=\"50% 50%\" srcset=\"https:\/\/riviana.com\/wp-content\/uploads\/2022\/11\/caring-for-the-planet.jpg 680w, https:\/\/riviana.com\/wp-content\/uploads\/2022\/11\/caring-for-the-planet-300x132.jpg 300w\" sizes=\"auto, (max-width: 680px) 100vw, 680px\" \/><div class=\"wp-block-cover__inner-container is-layout-flow wp-block-cover-is-layout-flow\"><div class=\"wp-block-image\">\n<figure class=\"aligncenter size-thumbnail\"><a href=\"https:\/\/www.caringforyouandtheplanet.com\/el-planeta-caring-for-the-planet\/\" target=\"_blank\" rel=\"noreferrer noopener\"><img loading=\"lazy\" decoding=\"async\" width=\"150\" height=\"150\" src=\"https:\/\/riviana.com\/wp-content\/uploads\/2022\/11\/icono-earth3-150x150.png\" alt=\"\" class=\"wp-image-3238\"\/><\/a><\/figure>\n<\/div>\n\n\n<h3 class=\"wp-block-heading has-text-align-center\"> <a href=\"https:\/\/www.caringforyouandtheplanet.com\/el-planeta-caring-for-the-planet\/\" target=\"_blank\" rel=\"noreferrer noopener nofollow\">CARING FOR THE PLANET <\/a><\/h3>\n\n\n\n<p class=\"has-text-align-center\">El arroz es el alimento b\u00e1sico de m\u00e1s de la mitad de la poblaci\u00f3n mundial. Como empresa dedicada a la producci\u00f3n de una fuente mundial de alimentos tan importante, debemos asegurarnos de tomar medidas para una producci\u00f3n sostenible. Nos asociamos con los agricultores para ayudarles a cultivar un arroz m\u00e1s sostenible. La reducci\u00f3n del agua, la energ\u00eda, las emisiones y los envases son \u00e1reas clave para Riviana Foods en nuestras instalaciones de fabricaci\u00f3n.<\/p>\n\n\n\n<p class=\"has-text-align-center\">M\u00e1s all\u00e1 de la importancia del arroz para alimentar al mundo, su cultivo en Estados Unidos desempe\u00f1a un papel fundamental en los h\u00e1bitats de patos y aves acu\u00e1ticas. Los arrozales inundados proporcionan el 35% de los recursos alimenticios de la mitad de los patos y aves acu\u00e1ticas que pasan el invierno en Norteam\u00e9rica.<\/p>\n<\/div><\/div>\n\n\n\n<div class=\"wp-block-cover alignfull\" id=\"cff\"><span aria-hidden=\"true\" class=\"wp-block-cover__background has-background-dim-70 has-background-dim wp-block-cover__gradient-background has-background-gradient\" style=\"background:linear-gradient(135deg,rgb(123,213,49) 0%,rgb(52,181,136) 35%,rgb(26,157,190) 68%,rgb(34,117,185) 100%)\"><\/span><img loading=\"lazy\" decoding=\"async\" width=\"1920\" height=\"1080\" class=\"wp-block-cover__image-background wp-image-3289\" alt=\"\" src=\"https:\/\/riviana.com\/wp-content\/uploads\/2022\/11\/caring-for-food.jpg\" data-object-fit=\"cover\" srcset=\"https:\/\/riviana.com\/wp-content\/uploads\/2022\/11\/caring-for-food.jpg 1920w, https:\/\/riviana.com\/wp-content\/uploads\/2022\/11\/caring-for-food-300x169.jpg 300w, https:\/\/riviana.com\/wp-content\/uploads\/2022\/11\/caring-for-food-1024x576.jpg 1024w, https:\/\/riviana.com\/wp-content\/uploads\/2022\/11\/caring-for-food-768x432.jpg 768w, https:\/\/riviana.com\/wp-content\/uploads\/2022\/11\/caring-for-food-1536x864.jpg 1536w, https:\/\/riviana.com\/wp-content\/uploads\/2022\/11\/caring-for-food-1568x882.jpg 1568w\" sizes=\"auto, (max-width: 1920px) 100vw, 1920px\" \/><div class=\"wp-block-cover__inner-container is-layout-flow wp-block-cover-is-layout-flow\"><div class=\"wp-block-image\">\n<figure class=\"aligncenter size-thumbnail\"><a href=\"https:\/\/www.caringforyouandtheplanet.com\/la-alimentacion-caring-for-food\/\" target=\"_blank\" rel=\"noreferrer noopener\"><img loading=\"lazy\" decoding=\"async\" width=\"150\" height=\"150\" src=\"https:\/\/riviana.com\/wp-content\/uploads\/2022\/11\/icono-food3-150x150.png\" alt=\"\" class=\"wp-image-3233\"\/><\/a><\/figure>\n<\/div>\n\n\n<h3 class=\"wp-block-heading has-text-align-center\"> <a href=\"https:\/\/www.caringforyouandtheplanet.com\/la-alimentacion-caring-for-food\/\" target=\"_blank\" rel=\"noreferrer noopener nofollow\">CARING FOR FOOD <\/a><\/h3>\n\n\n\n<p class=\"has-text-align-center\">Para Riviana Foods, el cuidado de los alimentos y su producci\u00f3n ha sido un compromiso constante durante d\u00e9cadas. Por esta raz\u00f3n, estamos muy orgullosos de formar parte de USA Rice. Como miembro de la organizaci\u00f3n, apoyamos firmemente el &#8216;Rice Stewardship Program&#8217; en sus esfuerzos por mejorar la conservaci\u00f3n de la producci\u00f3n de arroz como parte de nuestra responsabilidad con la producci\u00f3n de alimentos.<\/p>\n\n\n\n<p class=\"has-text-align-center\">Al trabajar con Farm Sustainability Assessment (FSA) de SAI Platform, un conjunto de herramientas para granjas y empresas en cadenas de valor agr\u00edcolas para ayudar a evaluar, mejorar y verificar el desempe\u00f1o de sostenibilidad en la granja, Riviana Foods puede apoyar el compromiso de los agricultores con pr\u00e1cticas agr\u00edcolas sostenibles. La compa\u00f1\u00eda se ha comprometido a comprar arroz de estos agricultores (usando un enfoque de balance de masas) en una cantidad que es igual al volumen de consumo de arroz blanco e integral de la marca Success\u00ae. Este es un primer paso en un viaje hacia un abastecimiento de arroz m\u00e1s sostenible. <\/p>\n\n\n\n<p class=\"has-text-align-center\">Riviana Foods desarrolla, evoluciona y mejora constantemente nuestros productos utilizando nuestras instalaciones de planta piloto de \u00faltima generaci\u00f3n. Adem\u00e1s, colaboramos con entidades de investigaci\u00f3n y universidades punteras que exploran y promueven las mejores pr\u00e1cticas para la producci\u00f3n sostenible de arroz. Ofrecer productos de alta calidad a nuestros clientes es uno de nuestros objetivos m\u00e1s importantes. Seguimos las directrices y pr\u00e1cticas empresariales y normativas m\u00e1s estrictas para garantizar que nuestros productos cumplen nuestros elevados est\u00e1ndares.<\/p>\n<\/div><\/div>\n<\/div><\/div>\n\n\n\n<div class=\"wp-block-cover alignfull is-light bg-news\" style=\"padding-top:5vh;padding-right:0vh;padding-bottom:20vh;padding-left:0vh\"><span aria-hidden=\"true\" class=\"wp-block-cover__background has-grayfa-background-color has-background-dim-0 has-background-dim\"><\/span><img loading=\"lazy\" decoding=\"async\" width=\"633\" height=\"372\" class=\"wp-block-cover__image-background wp-image-557\" alt=\"different bowls of rice\" src=\"https:\/\/riviana.com\/wp-content\/uploads\/2021\/11\/iStock-1193713529-arroz-5-e1663670918884.png\" data-object-fit=\"cover\" srcset=\"https:\/\/riviana.com\/wp-content\/uploads\/2021\/11\/iStock-1193713529-arroz-5-e1663670918884.png 633w, https:\/\/riviana.com\/wp-content\/uploads\/2021\/11\/iStock-1193713529-arroz-5-e1663670918884-300x176.png 300w\" sizes=\"auto, (max-width: 633px) 100vw, 633px\" \/><div class=\"wp-block-cover__inner-container is-layout-flow wp-block-cover-is-layout-flow\">\n<div class=\"wp-block-columns alignwide are-vertically-aligned-center is-layout-flex wp-container-core-columns-is-layout-9d6595d7 wp-block-columns-is-layout-flex\">\n<div class=\"wp-block-column is-vertically-aligned-center is-layout-flow wp-block-column-is-layout-flow\">\n<h2 class=\"wp-block-heading has-primary-color has-text-color\">\u00daltimas noticias<\/h2>\n\n\n\n<hr class=\"wp-block-separator has-text-color has-red-color has-alpha-channel-opacity has-red-background-color has-background\"\/>\n<\/div>\n\n\n\n<div class=\"wp-block-column is-vertically-aligned-center is-layout-flow wp-block-column-is-layout-flow\">\n<div class=\"wp-block-buttons is-horizontal is-content-justification-right is-layout-flex wp-container-core-buttons-is-layout-ae2fe186 wp-block-buttons-is-layout-flex\">\n<div class=\"wp-block-button\"><a class=\"wp-block-button__link wp-element-button\" href=\"https:\/\/riviana.com\/es\/amamos-el-arroz\/\">Ver todo<\/a><\/div>\n<\/div>\n<\/div>\n<\/div>\n\n\n\n<div class=\"wp-block-query alignwide is-layout-flow wp-block-query-is-layout-flow\"><ul class=\"is-flex-container columns-3 alignwide info-card wp-block-post-template is-layout-flow wp-block-post-template-is-layout-flow\"><li class=\"wp-block-post post-26478 post type-post status-publish format-standard has-post-thumbnail hentry category-amamos-el-arroz category-notas-de-prensa tag-noticias entry\">\n<figure class=\"alignwide wp-block-post-featured-image\"><a href=\"https:\/\/riviana.com\/es\/notas-de-prensa\/minute-rice-cups-recibe-el-prestigioso-premio-producto-del-ano-usa\/\" target=\"_self\"  ><img loading=\"lazy\" decoding=\"async\" width=\"300\" height=\"236\" src=\"https:\/\/riviana.com\/wp-content\/uploads\/2025\/02\/Riviana_Foods_Inc_2025_Product_of_the_Year_USA_Awards-300x236.jpg\" class=\"attachment-latest-news-thumb size-latest-news-thumb wp-post-image\" alt=\"Minute\u00ae Rice Cups recibe el prestigioso premio Producto del A\u00f1o USA\" style=\"width:100%;height:177.67%;max-width:300px;object-fit:contain;\" \/><\/a><\/figure>\n\n\n<div class=\"wp-block-group\"><div class=\"wp-block-group__inner-container is-layout-flow wp-block-group-is-layout-flow\"><h4 class=\"wp-block-post-title has-text-color has-dazzled-blue-color\"><a href=\"https:\/\/riviana.com\/es\/notas-de-prensa\/minute-rice-cups-recibe-el-prestigioso-premio-producto-del-ano-usa\/\" target=\"_self\" >Minute\u00ae Rice Cups recibe el prestigioso premio Producto del A\u00f1o USA<\/a><\/h4>\n\n<div class=\"taxonomy-post_tag tags-links wp-block-post-terms has-text-color has-red-color\"><a href=\"https:\/\/riviana.com\/es\/tag\/noticias\/\" rel=\"tag\">Noticias<\/a><\/div>\n\n<div class=\"wp-block-post-excerpt has-text-color has-gray-3-color\"><p class=\"wp-block-post-excerpt__excerpt\">El sello de Producto del A\u00f1o es un s\u00edmbolo de calidad e innovaci\u00f3n y es otorgado a aquellos productos referentes en sus respectivos sectores.<\/p><p class=\"wp-block-post-excerpt__more-text\"><a class=\"wp-block-post-excerpt__more-link\" href=\"https:\/\/riviana.com\/es\/notas-de-prensa\/minute-rice-cups-recibe-el-prestigioso-premio-producto-del-ano-usa\/\">CONTINUAR LEYENDO<\/a><\/p><\/div><\/div><\/div>\n\n<\/li><li class=\"wp-block-post post-26471 post type-post status-publish format-standard has-post-thumbnail hentry category-amamos-el-arroz category-notas-de-prensa tag-compromiso-con-la-comunidad entry\">\n<figure class=\"alignwide wp-block-post-featured-image\"><a href=\"https:\/\/riviana.com\/es\/amamos-el-arroz\/el-programa-jars-of-hope-de-riceselect-ayuda-a-combatir-la-inseguridad-alimentaria-en-california\/\" target=\"_self\"  ><img loading=\"lazy\" decoding=\"async\" width=\"366\" height=\"236\" src=\"https:\/\/riviana.com\/wp-content\/uploads\/2025\/02\/Riviana_Rice_Donation_Jars_of_Hope-366x236.jpg\" class=\"attachment-latest-news-thumb size-latest-news-thumb wp-post-image\" alt=\"El programa \u00abJars of Hope\u00bb de RiceSelect\u00ae ayuda a combatir la inseguridad alimentaria en California\" style=\"width:100%;height:133.33%;max-width:600px;object-fit:contain;\" \/><\/a><\/figure>\n\n\n<div class=\"wp-block-group\"><div class=\"wp-block-group__inner-container is-layout-flow wp-block-group-is-layout-flow\"><h4 class=\"wp-block-post-title has-text-color has-dazzled-blue-color\"><a href=\"https:\/\/riviana.com\/es\/amamos-el-arroz\/el-programa-jars-of-hope-de-riceselect-ayuda-a-combatir-la-inseguridad-alimentaria-en-california\/\" target=\"_self\" >El programa \u00abJars of Hope\u00bb de RiceSelect\u00ae ayuda a combatir la inseguridad alimentaria en California<\/a><\/h4>\n\n<div class=\"taxonomy-post_tag tags-links wp-block-post-terms has-text-color has-red-color\"><a href=\"https:\/\/riviana.com\/es\/tag\/compromiso-con-la-comunidad\/\" rel=\"tag\">Compromiso con la Comunidad<\/a><\/div>\n\n<div class=\"wp-block-post-excerpt has-text-color has-gray-3-color\"><p class=\"wp-block-post-excerpt__excerpt\">Riviana Foods entreg\u00f3 un cheque de $25,000 a la Asociaci\u00f3n de Bancos de Alimentos de California y m\u00e1s de 15,000 libras de productos de arroz.<\/p><p class=\"wp-block-post-excerpt__more-text\"><a class=\"wp-block-post-excerpt__more-link\" href=\"https:\/\/riviana.com\/es\/amamos-el-arroz\/el-programa-jars-of-hope-de-riceselect-ayuda-a-combatir-la-inseguridad-alimentaria-en-california\/\">CONTINUAR LEYENDO<\/a><\/p><\/div><\/div><\/div>\n\n<\/li><li class=\"wp-block-post post-22720 post type-post status-publish format-standard has-post-thumbnail hentry category-amamos-el-arroz tag-compromiso-con-la-comunidad tag-noticias entry\">\n<figure class=\"alignwide wp-block-post-featured-image\"><a href=\"https:\/\/riviana.com\/es\/amamos-el-arroz\/riviana-foods-y-la-asociacion-de-bancos-de-alimentos-de-california-unen-fuerzas-para-combatir-el-hambre-a-traves-de-la-iniciativa-jars-of-hope\/\" target=\"_self\"  ><img loading=\"lazy\" decoding=\"async\" width=\"366\" height=\"236\" src=\"https:\/\/riviana.com\/wp-content\/uploads\/2024\/10\/jars-of-hope-366x236.png\" class=\"attachment-latest-news-thumb size-latest-news-thumb wp-post-image\" alt=\"Riviana Foods y la Asociaci\u00f3n de Bancos de Alimentos de California Unen Fuerzas para Combatir el Hambre a Trav\u00e9s de la Iniciativa \u201cJars of Hope\u201d\" style=\"width:100%;height:63.33%;max-width:938px;object-fit:contain;\" \/><\/a><\/figure>\n\n\n<div class=\"wp-block-group\"><div class=\"wp-block-group__inner-container is-layout-flow wp-block-group-is-layout-flow\"><h4 class=\"wp-block-post-title has-text-color has-dazzled-blue-color\"><a href=\"https:\/\/riviana.com\/es\/amamos-el-arroz\/riviana-foods-y-la-asociacion-de-bancos-de-alimentos-de-california-unen-fuerzas-para-combatir-el-hambre-a-traves-de-la-iniciativa-jars-of-hope\/\" target=\"_self\" >Riviana Foods y la Asociaci\u00f3n de Bancos de Alimentos de California Unen Fuerzas para Combatir el Hambre a Trav\u00e9s de la Iniciativa \u201cJars of Hope\u201d<\/a><\/h4>\n\n<div class=\"taxonomy-post_tag tags-links wp-block-post-terms has-text-color has-red-color\"><a href=\"https:\/\/riviana.com\/es\/tag\/compromiso-con-la-comunidad\/\" rel=\"tag\">Compromiso con la Comunidad<\/a><span class=\"wp-block-post-terms__separator\">, <\/span><a href=\"https:\/\/riviana.com\/es\/tag\/noticias\/\" rel=\"tag\">Noticias<\/a><\/div>\n\n<div class=\"wp-block-post-excerpt has-text-color has-gray-3-color\"><p class=\"wp-block-post-excerpt__excerpt\">Los fondos recaudados a trav\u00e9s de la campa\u00f1a se destinar\u00e1n a apoyar el programa Farm to Family de la CAFB y su misi\u00f3n de erradicar el hambre.<\/p><p class=\"wp-block-post-excerpt__more-text\"><a class=\"wp-block-post-excerpt__more-link\" href=\"https:\/\/riviana.com\/es\/amamos-el-arroz\/riviana-foods-y-la-asociacion-de-bancos-de-alimentos-de-california-unen-fuerzas-para-combatir-el-hambre-a-traves-de-la-iniciativa-jars-of-hope\/\">CONTINUAR LEYENDO<\/a><\/p><\/div><\/div><\/div>\n\n<\/li><\/ul><\/div>\n<\/div><\/div>\n","protected":false},"excerpt":{"rendered":"<p>Learn more about our long-standing tradition of ethical business practices and how Riviana work to protect our employees.<\/p>\n","protected":false},"author":2,"featured_media":0,"parent":0,"menu_order":7,"comment_status":"closed","ping_status":"closed","template":"","meta":{"_acf_changed":false,"footnotes":""},"class_list":["post-5514","page","type-page","status-publish","hentry","entry"],"acf":[],"_links":{"self":[{"href":"https:\/\/riviana.com\/es\/wp-json\/wp\/v2\/pages\/5514","targetHints":{"allow":["GET"]}}],"collection":[{"href":"https:\/\/riviana.com\/es\/wp-json\/wp\/v2\/pages"}],"about":[{"href":"https:\/\/riviana.com\/es\/wp-json\/wp\/v2\/types\/page"}],"author":[{"embeddable":true,"href":"https:\/\/riviana.com\/es\/wp-json\/wp\/v2\/users\/2"}],"replies":[{"embeddable":true,"href":"https:\/\/riviana.com\/es\/wp-json\/wp\/v2\/comments?post=5514"}],"version-history":[{"count":4,"href":"https:\/\/riviana.com\/es\/wp-json\/wp\/v2\/pages\/5514\/revisions"}],"predecessor-version":[{"id":11976,"href":"https:\/\/riviana.com\/es\/wp-json\/wp\/v2\/pages\/5514\/revisions\/11976"}],"wp:attachment":[{"href":"https:\/\/riviana.com\/es\/wp-json\/wp\/v2\/media?parent=5514"}],"curies":[{"name":"wp","href":"https:\/\/api.w.org\/{rel}","templated":true}]}}