{"id":5497,"date":"2021-11-29T06:09:59","date_gmt":"2021-11-29T12:09:59","guid":{"rendered":"https:\/\/riviana.com\/comercio\/iqf\/"},"modified":"2025-02-24T03:00:02","modified_gmt":"2025-02-24T09:00:02","slug":"iqf","status":"publish","type":"page","link":"https:\/\/riviana.com\/es\/business\/iqf\/","title":{"rendered":"IQF"},"content":{"rendered":"\n<div class=\"wp-block-cover alignfull\"><span aria-hidden=\"true\" class=\"wp-block-cover__background has-background-dim-100 has-background-dim wp-block-cover__gradient-background has-background-gradient\" style=\"background:linear-gradient(290deg,rgba(255,255,255,0) 30%,rgba(255,255,255,0.8) 71%)\"><\/span><img loading=\"lazy\" decoding=\"async\" width=\"1254\" height=\"836\" class=\"wp-block-cover__image-background wp-image-3473\" alt=\"IQF products\" src=\"https:\/\/riviana.com\/wp-content\/uploads\/2022\/11\/iqf-624510230.jpg\" data-object-fit=\"cover\" srcset=\"https:\/\/riviana.com\/wp-content\/uploads\/2022\/11\/iqf-624510230.jpg 1254w, https:\/\/riviana.com\/wp-content\/uploads\/2022\/11\/iqf-624510230-300x200.jpg 300w, https:\/\/riviana.com\/wp-content\/uploads\/2022\/11\/iqf-624510230-1024x683.jpg 1024w, https:\/\/riviana.com\/wp-content\/uploads\/2022\/11\/iqf-624510230-768x512.jpg 768w\" sizes=\"auto, (max-width: 1254px) 100vw, 1254px\" \/><div class=\"wp-block-cover__inner-container is-layout-flow wp-block-cover-is-layout-flow\">\n<div class=\"wp-block-columns alignwide are-vertically-aligned-center is-layout-flex wp-container-core-columns-is-layout-9d6595d7 wp-block-columns-is-layout-flex\">\n<div class=\"wp-block-column is-vertically-aligned-center is-layout-flow wp-block-column-is-layout-flow\">\n<p class=\"hero-subtitle has-usafa-blue-color has-text-color has-extra-small-font-size\"><strong><strong><strong>BUSINESS<\/strong><\/strong><\/strong><\/p>\n\n\n\n<h1 class=\"wp-block-heading has-dazzled-blue-color has-text-color\">IQF: Individual Quick Frozen<\/h1>\n\n\n\n<p class=\"has-gray-1-color has-text-color\" style=\"font-size:19px\">A medida que los consumidores buscan m\u00e1s productos de primera calidad con normas de producci\u00f3n m\u00e1s seguras, que reduzcan el desperdicio de alimentos, la tecnolog\u00eda IQF aumenta continuamente su popularidad, ya que permite a la industria alimentaria satisfacer las demandas actuales de los consumidores.<\/p>\n\n\n\n<div class=\"wp-block-buttons is-layout-flex wp-block-buttons-is-layout-flex\">\n<div class=\"wp-block-button\"><a class=\"wp-block-button__link wp-element-button\" href=\"https:\/\/rivianaindustrial.com\/es\/iqf\/\" target=\"_blank\" rel=\"noreferrer noopener\">Ir al sitio web<\/a><\/div>\n<\/div>\n<\/div>\n\n\n\n<div class=\"wp-block-column is-vertically-aligned-center is-layout-flow wp-block-column-is-layout-flow\"><\/div>\n<\/div>\n<\/div><\/div>\n\n\n<div class=\"yoast-breadcrumbs breadcrumbs\"><span><span><a href=\"https:\/\/riviana.com\/es\/\">Home<\/a><\/span> &gt; <span class=\"breadcrumb_last\" aria-current=\"page\">IQF<\/span><\/span><\/div>\n\n\n<div class=\"wp-block-group alignfull\" style=\"padding-top:5vh;padding-right:0vh;padding-bottom:5vh;padding-left:0vh\"><div class=\"wp-block-group__inner-container is-layout-flow wp-block-group-is-layout-flow\">\n<div class=\"wp-block-columns alignwide is-layout-flex wp-container-core-columns-is-layout-9d6595d7 wp-block-columns-is-layout-flex\">\n<div class=\"wp-block-column is-layout-flow wp-block-column-is-layout-flow\" style=\"padding-top:vh;padding-right:vh;padding-bottom:5vh;padding-left:vh\">\n<h2 class=\"wp-block-heading\">Mejor bocado, sabor superior, textura m\u00e1s suave<\/h2>\n\n\n\n<hr class=\"wp-block-separator has-text-color has-red-color has-alpha-channel-opacity has-red-background-color has-background\"\/>\n\n\n\n<p>Bas\u00e1ndose en un amplio historial de t\u00e9cnicas de innovaci\u00f3n, el Grupo ha dedicado a\u00f1os al perfeccionamiento de la ciencia del cocinado y la congelaci\u00f3n de productos convencionales y org\u00e1nicos en un \u00fanico proceso continuo. Como resultado se obtienen productos deliciosos de arroz, cereales y pasta IQF de alta calidad.<\/p>\n\n\n\n<p>En 2017, inauguramos nuestras instalaciones de \u00faltima generaci\u00f3n en Memphis, TN. Nuestra cuidada operativa, unida a una alta capacidad, nos permite utilizar las mejores t\u00e9cnicas para tratar y obtener los ingredientes IQF. Nuestro almac\u00e9n frigor\u00edfico, totalmente automatizado, ofrece a los clientes la flexibilidad de cargas mixtas y una respuesta r\u00e1pida a los pedidos, posicion\u00e1ndonos como l\u00edder en el sector. <a href=\"https:\/\/rivianaindustrial.com\/iqf\/\">M\u00e1s informaci\u00f3n sobre IQF<\/a>.<\/p>\n<\/div>\n\n\n\n<div class=\"wp-block-column is-layout-flow wp-block-column-is-layout-flow\" style=\"padding-top:vh;padding-right:vh;padding-bottom:5vh;padding-left:vh\">\n<div class=\"wp-block-media-text alignwide is-vertically-aligned-top icon card has-white-background-color has-background\" style=\"grid-template-columns:15% auto\"><figure class=\"wp-block-media-text__media\"><img loading=\"lazy\" decoding=\"async\" width=\"39\" height=\"38\" src=\"https:\/\/riviana.com\/wp-content\/uploads\/2021\/11\/icon-1.png\" alt=\"\" class=\"wp-image-766 size-full\"\/><\/figure><div class=\"wp-block-media-text__content\">\n<h6 class=\"wp-block-heading\">Almac\u00e9n frigor\u00edfico exclusivo<\/h6>\n\n\n\n<p>A dedicated cold store facility holds safety stock of any product in the portfolio, allowing the security of supplies, flexible ordering options and keeping lead times low.<\/p>\n<\/div><\/div>\n\n\n\n<div class=\"wp-block-media-text alignwide is-vertically-aligned-top icon card has-white-background-color has-background\" style=\"grid-template-columns:15% auto\"><figure class=\"wp-block-media-text__media\"><img loading=\"lazy\" decoding=\"async\" width=\"39\" height=\"38\" src=\"https:\/\/riviana.com\/wp-content\/uploads\/2021\/11\/icon-1.png\" alt=\"\" class=\"wp-image-766 size-full\"\/><\/figure><div class=\"wp-block-media-text__content\">\n<h6 class=\"wp-block-heading\">Parte de Grupo EBRO Foods<\/h6>\n\n\n\n<p>Cadena de suministro global y acuerdos de abastecimiento controlados que proporcionan productos consistentes y fiables.<\/p>\n<\/div><\/div>\n<\/div>\n\n\n\n<div class=\"wp-block-column is-layout-flow wp-block-column-is-layout-flow\" style=\"padding-top:vh;padding-right:vh;padding-bottom:5vh;padding-left:vh\">\n<div class=\"wp-block-media-text alignwide is-vertically-aligned-top icon card has-white-background-color has-background\" style=\"grid-template-columns:15% auto\"><figure class=\"wp-block-media-text__media\"><img loading=\"lazy\" decoding=\"async\" width=\"39\" height=\"38\" src=\"https:\/\/riviana.com\/wp-content\/uploads\/2021\/11\/icon-1.png\" alt=\"\" class=\"wp-image-766 size-full\"\/><\/figure><div class=\"wp-block-media-text__content\">\n<h6 class=\"wp-block-heading\">Reducci\u00f3n del desperdicio de alimentos<\/h6>\n\n\n\n<p>AFFI, el Instituto Americano de Alimentos Congelados,<br>public\u00f3 un informe reciente seg\u00fan el cual, los alimentos congelados generan menos residuos que los no congelados.<\/p>\n<\/div><\/div>\n\n\n\n<div class=\"wp-block-media-text alignwide is-vertically-aligned-top icon card has-white-background-color has-background\" style=\"grid-template-columns:15% auto\"><figure class=\"wp-block-media-text__media\"><img loading=\"lazy\" decoding=\"async\" width=\"39\" height=\"38\" src=\"https:\/\/riviana.com\/wp-content\/uploads\/2021\/11\/icon-1.png\" alt=\"\" class=\"wp-image-766 size-full\"\/><\/figure><div class=\"wp-block-media-text__content\">\n<h6 class=\"wp-block-heading\">Programas de seguridad alimentaria<\/h6>\n\n\n\n<p>Riviana Foods est\u00e1 a la vanguardia de la innovaci\u00f3n con ingredientes IQF. Sus programas de calidad y seguridad alimentaria, reconocidos internacionalmente, dan tranquilidad a sus clientes.<\/p>\n<\/div><\/div>\n<\/div>\n<\/div>\n\n\n\n<h2 class=\"wp-block-heading has-text-align-center has-huge-font-size\"><strong>Nuestra cuidada operativa y gran capacidad nos permite utilizar las mejores t\u00e9cnicas para tratar y obtener los ingredientes IQF<\/strong><\/h2>\n\n\n\n<figure class=\"wp-block-embed is-type-video is-provider-youtube wp-block-embed-youtube wp-embed-aspect-16-9 wp-has-aspect-ratio\"><div class=\"wp-block-embed__wrapper\">\n<iframe loading=\"lazy\" title=\"Pushing the IQF Industry Forward\" width=\"750\" height=\"422\" src=\"https:\/\/www.youtube.com\/embed\/r-RAEQzkJnk?start=3&#038;feature=oembed&#038;enablejsapi=1&#038;origin=https:\/\/riviana.com\" frameborder=\"0\" allow=\"accelerometer; autoplay; clipboard-write; encrypted-media; gyroscope; picture-in-picture; web-share\" referrerpolicy=\"strict-origin-when-cross-origin\" allowfullscreen><\/iframe>\n<\/div><\/figure>\n<\/div><\/div>\n\n\n\n<div class=\"wp-block-group alignwide\" style=\"padding-top:vh;padding-right:vh;padding-bottom:8vh;padding-left:vh\"><div class=\"wp-block-group__inner-container is-layout-flow wp-block-group-is-layout-flow\">\n<div class=\"wp-block-cover alignwide\" style=\"min-height:200px;aspect-ratio:unset;\"><span aria-hidden=\"true\" class=\"wp-block-cover__background has-background-dim-60 has-background-dim wp-block-cover__gradient-background has-background-gradient\" style=\"background:linear-gradient(0deg,rgb(0,0,0) 0%,rgba(0,0,0,0) 100%)\"><\/span><img loading=\"lazy\" decoding=\"async\" width=\"1254\" height=\"836\" class=\"wp-block-cover__image-background wp-image-3473\" alt=\"IQF products\" src=\"https:\/\/riviana.com\/wp-content\/uploads\/2022\/11\/iqf-624510230.jpg\" style=\"object-position:56% 49%\" data-object-fit=\"cover\" data-object-position=\"56% 49%\" srcset=\"https:\/\/riviana.com\/wp-content\/uploads\/2022\/11\/iqf-624510230.jpg 1254w, https:\/\/riviana.com\/wp-content\/uploads\/2022\/11\/iqf-624510230-300x200.jpg 300w, https:\/\/riviana.com\/wp-content\/uploads\/2022\/11\/iqf-624510230-1024x683.jpg 1024w, https:\/\/riviana.com\/wp-content\/uploads\/2022\/11\/iqf-624510230-768x512.jpg 768w\" sizes=\"auto, (max-width: 1254px) 100vw, 1254px\" \/><div class=\"wp-block-cover__inner-container is-layout-flow wp-block-cover-is-layout-flow\">\n<div class=\"wp-block-columns alignwide are-vertically-aligned-center is-layout-flex wp-container-core-columns-is-layout-9d6595d7 wp-block-columns-is-layout-flex\">\n<div class=\"wp-block-column is-vertically-aligned-center is-layout-flow wp-block-column-is-layout-flow\" style=\"flex-basis:100%\">\n<p>Riviana Foods IQF suministra y procesa arroz, cereales y pasta sin gluten IQF de \u00faltima generaci\u00f3n. Su<strong> almac\u00e9n frigor\u00edfico especializado, y su sistema de almacenamiento y recuperaci\u00f3n totalmente automatizado,<\/strong> proporcionan un control de calidad a\u00fan mayor. Mantener nuestro stock en nuestras instalaciones no s\u00f3lo mejora el control de nuestros productos, sino que tambi\u00e9n nos permite ofrecer env\u00edos de menos de un cami\u00f3n y capacidades de carga mixta.<\/p>\n<\/div>\n\n\n\n<div class=\"wp-block-column is-vertically-aligned-center is-layout-flow wp-block-column-is-layout-flow\" style=\"flex-basis:100%\">\n<div class=\"wp-block-buttons is-horizontal is-content-justification-right is-layout-flex wp-container-core-buttons-is-layout-ae2fe186 wp-block-buttons-is-layout-flex\">\n<div class=\"wp-block-button\"><a class=\"wp-block-button__link wp-element-button\" href=\"https:\/\/rivianaindustrial.com\/iqf\/\" target=\"_blank\" rel=\"noreferrer noopener\">M\u00e1s informaci\u00f3n<\/a><\/div>\n<\/div>\n<\/div>\n<\/div>\n<\/div><\/div>\n<\/div><\/div>\n\n\n\n<div class=\"wp-block-cover alignfull is-light bg-news\" style=\"padding-top:5vh;padding-right:0vh;padding-bottom:20vh;padding-left:0vh\"><span aria-hidden=\"true\" class=\"wp-block-cover__background has-grayfa-background-color has-background-dim-0 has-background-dim\"><\/span><img loading=\"lazy\" decoding=\"async\" width=\"633\" height=\"372\" class=\"wp-block-cover__image-background wp-image-557\" alt=\"different bowls of rice\" src=\"https:\/\/riviana.com\/wp-content\/uploads\/2021\/11\/iStock-1193713529-arroz-5-e1663670918884.png\" data-object-fit=\"cover\" srcset=\"https:\/\/riviana.com\/wp-content\/uploads\/2021\/11\/iStock-1193713529-arroz-5-e1663670918884.png 633w, https:\/\/riviana.com\/wp-content\/uploads\/2021\/11\/iStock-1193713529-arroz-5-e1663670918884-300x176.png 300w\" sizes=\"auto, (max-width: 633px) 100vw, 633px\" \/><div class=\"wp-block-cover__inner-container is-layout-flow wp-block-cover-is-layout-flow\">\n<div class=\"wp-block-columns alignwide are-vertically-aligned-center is-layout-flex wp-container-core-columns-is-layout-9d6595d7 wp-block-columns-is-layout-flex\">\n<div class=\"wp-block-column is-vertically-aligned-center is-layout-flow wp-block-column-is-layout-flow\">\n<h2 class=\"wp-block-heading has-primary-color has-text-color\">\u00daltimas noticias<\/h2>\n\n\n\n<hr class=\"wp-block-separator has-text-color has-red-color has-alpha-channel-opacity has-red-background-color has-background\"\/>\n<\/div>\n\n\n\n<div class=\"wp-block-column is-vertically-aligned-center is-layout-flow wp-block-column-is-layout-flow\">\n<div class=\"wp-block-buttons is-horizontal is-content-justification-right is-layout-flex wp-container-core-buttons-is-layout-ae2fe186 wp-block-buttons-is-layout-flex\">\n<div class=\"wp-block-button\"><a class=\"wp-block-button__link wp-element-button\" href=\"https:\/\/riviana.com\/es\/amamos-el-arroz\/\">Ver todo<\/a><\/div>\n<\/div>\n<\/div>\n<\/div>\n\n\n\n<div class=\"wp-block-query alignwide is-layout-flow wp-block-query-is-layout-flow\"><ul class=\"is-flex-container columns-3 alignwide info-card wp-block-post-template is-layout-flow wp-block-post-template-is-layout-flow\"><li class=\"wp-block-post post-26478 post type-post status-publish format-standard has-post-thumbnail hentry category-amamos-el-arroz category-notas-de-prensa tag-noticias entry\">\n<figure class=\"alignwide wp-block-post-featured-image\"><a href=\"https:\/\/riviana.com\/es\/notas-de-prensa\/minute-rice-cups-recibe-el-prestigioso-premio-producto-del-ano-usa\/\" target=\"_self\"  ><img loading=\"lazy\" decoding=\"async\" width=\"300\" height=\"236\" src=\"https:\/\/riviana.com\/wp-content\/uploads\/2025\/02\/Riviana_Foods_Inc_2025_Product_of_the_Year_USA_Awards-300x236.jpg\" class=\"attachment-latest-news-thumb size-latest-news-thumb wp-post-image\" alt=\"Minute\u00ae Rice Cups recibe el prestigioso premio Producto del A\u00f1o USA\" style=\"width:100%;height:177.67%;max-width:300px;object-fit:contain;\" \/><\/a><\/figure>\n\n\n<div class=\"wp-block-group\"><div class=\"wp-block-group__inner-container is-layout-flow wp-block-group-is-layout-flow\"><h4 class=\"wp-block-post-title has-text-color has-dazzled-blue-color\"><a href=\"https:\/\/riviana.com\/es\/notas-de-prensa\/minute-rice-cups-recibe-el-prestigioso-premio-producto-del-ano-usa\/\" target=\"_self\" >Minute\u00ae Rice Cups recibe el prestigioso premio Producto del A\u00f1o USA<\/a><\/h4>\n\n<div class=\"taxonomy-post_tag tags-links wp-block-post-terms has-text-color has-red-color\"><a href=\"https:\/\/riviana.com\/es\/tag\/noticias\/\" rel=\"tag\">Noticias<\/a><\/div>\n\n<div class=\"wp-block-post-excerpt has-text-color has-gray-3-color\"><p class=\"wp-block-post-excerpt__excerpt\">El sello de Producto del A\u00f1o es un s\u00edmbolo de calidad e innovaci\u00f3n y es otorgado a aquellos productos referentes en sus respectivos sectores.<\/p><p class=\"wp-block-post-excerpt__more-text\"><a class=\"wp-block-post-excerpt__more-link\" href=\"https:\/\/riviana.com\/es\/notas-de-prensa\/minute-rice-cups-recibe-el-prestigioso-premio-producto-del-ano-usa\/\">CONTINUAR LEYENDO<\/a><\/p><\/div><\/div><\/div>\n\n<\/li><li class=\"wp-block-post post-26471 post type-post status-publish format-standard has-post-thumbnail hentry category-amamos-el-arroz category-notas-de-prensa tag-compromiso-con-la-comunidad entry\">\n<figure class=\"alignwide wp-block-post-featured-image\"><a href=\"https:\/\/riviana.com\/es\/amamos-el-arroz\/el-programa-jars-of-hope-de-riceselect-ayuda-a-combatir-la-inseguridad-alimentaria-en-california\/\" target=\"_self\"  ><img loading=\"lazy\" decoding=\"async\" width=\"366\" height=\"236\" src=\"https:\/\/riviana.com\/wp-content\/uploads\/2025\/02\/Riviana_Rice_Donation_Jars_of_Hope-366x236.jpg\" class=\"attachment-latest-news-thumb size-latest-news-thumb wp-post-image\" alt=\"El programa \u00abJars of Hope\u00bb de RiceSelect\u00ae ayuda a combatir la inseguridad alimentaria en California\" style=\"width:100%;height:133.33%;max-width:600px;object-fit:contain;\" \/><\/a><\/figure>\n\n\n<div class=\"wp-block-group\"><div class=\"wp-block-group__inner-container is-layout-flow wp-block-group-is-layout-flow\"><h4 class=\"wp-block-post-title has-text-color has-dazzled-blue-color\"><a href=\"https:\/\/riviana.com\/es\/amamos-el-arroz\/el-programa-jars-of-hope-de-riceselect-ayuda-a-combatir-la-inseguridad-alimentaria-en-california\/\" target=\"_self\" >El programa \u00abJars of Hope\u00bb de RiceSelect\u00ae ayuda a combatir la inseguridad alimentaria en California<\/a><\/h4>\n\n<div class=\"taxonomy-post_tag tags-links wp-block-post-terms has-text-color has-red-color\"><a href=\"https:\/\/riviana.com\/es\/tag\/compromiso-con-la-comunidad\/\" rel=\"tag\">Compromiso con la Comunidad<\/a><\/div>\n\n<div class=\"wp-block-post-excerpt has-text-color has-gray-3-color\"><p class=\"wp-block-post-excerpt__excerpt\">Riviana Foods entreg\u00f3 un cheque de $25,000 a la Asociaci\u00f3n de Bancos de Alimentos de California y m\u00e1s de 15,000 libras de productos de arroz.<\/p><p class=\"wp-block-post-excerpt__more-text\"><a class=\"wp-block-post-excerpt__more-link\" href=\"https:\/\/riviana.com\/es\/amamos-el-arroz\/el-programa-jars-of-hope-de-riceselect-ayuda-a-combatir-la-inseguridad-alimentaria-en-california\/\">CONTINUAR LEYENDO<\/a><\/p><\/div><\/div><\/div>\n\n<\/li><li class=\"wp-block-post post-22720 post type-post status-publish format-standard has-post-thumbnail hentry category-amamos-el-arroz tag-compromiso-con-la-comunidad tag-noticias entry\">\n<figure class=\"alignwide wp-block-post-featured-image\"><a href=\"https:\/\/riviana.com\/es\/amamos-el-arroz\/riviana-foods-y-la-asociacion-de-bancos-de-alimentos-de-california-unen-fuerzas-para-combatir-el-hambre-a-traves-de-la-iniciativa-jars-of-hope\/\" target=\"_self\"  ><img loading=\"lazy\" decoding=\"async\" width=\"366\" height=\"236\" src=\"https:\/\/riviana.com\/wp-content\/uploads\/2024\/10\/jars-of-hope-366x236.png\" class=\"attachment-latest-news-thumb size-latest-news-thumb wp-post-image\" alt=\"Riviana Foods y la Asociaci\u00f3n de Bancos de Alimentos de California Unen Fuerzas para Combatir el Hambre a Trav\u00e9s de la Iniciativa \u201cJars of Hope\u201d\" style=\"width:100%;height:63.33%;max-width:938px;object-fit:contain;\" \/><\/a><\/figure>\n\n\n<div class=\"wp-block-group\"><div class=\"wp-block-group__inner-container is-layout-flow wp-block-group-is-layout-flow\"><h4 class=\"wp-block-post-title has-text-color has-dazzled-blue-color\"><a href=\"https:\/\/riviana.com\/es\/amamos-el-arroz\/riviana-foods-y-la-asociacion-de-bancos-de-alimentos-de-california-unen-fuerzas-para-combatir-el-hambre-a-traves-de-la-iniciativa-jars-of-hope\/\" target=\"_self\" >Riviana Foods y la Asociaci\u00f3n de Bancos de Alimentos de California Unen Fuerzas para Combatir el Hambre a Trav\u00e9s de la Iniciativa \u201cJars of Hope\u201d<\/a><\/h4>\n\n<div class=\"taxonomy-post_tag tags-links wp-block-post-terms has-text-color has-red-color\"><a href=\"https:\/\/riviana.com\/es\/tag\/compromiso-con-la-comunidad\/\" rel=\"tag\">Compromiso con la Comunidad<\/a><span class=\"wp-block-post-terms__separator\">, <\/span><a href=\"https:\/\/riviana.com\/es\/tag\/noticias\/\" rel=\"tag\">Noticias<\/a><\/div>\n\n<div class=\"wp-block-post-excerpt has-text-color has-gray-3-color\"><p class=\"wp-block-post-excerpt__excerpt\">Los fondos recaudados a trav\u00e9s de la campa\u00f1a se destinar\u00e1n a apoyar el programa Farm to Family de la CAFB y su misi\u00f3n de erradicar el hambre.<\/p><p class=\"wp-block-post-excerpt__more-text\"><a class=\"wp-block-post-excerpt__more-link\" href=\"https:\/\/riviana.com\/es\/amamos-el-arroz\/riviana-foods-y-la-asociacion-de-bancos-de-alimentos-de-california-unen-fuerzas-para-combatir-el-hambre-a-traves-de-la-iniciativa-jars-of-hope\/\">CONTINUAR LEYENDO<\/a><\/p><\/div><\/div><\/div>\n\n<\/li><\/ul><\/div>\n<\/div><\/div>\n","protected":false},"excerpt":{"rendered":"<p>IQF Technology is continually growing in popularity as it allows the food industry to meet current consumer demands.<\/p>\n","protected":false},"author":2,"featured_media":0,"parent":32917,"menu_order":5,"comment_status":"closed","ping_status":"closed","template":"","meta":{"_acf_changed":false,"footnotes":""},"class_list":["post-5497","page","type-page","status-publish","hentry","entry"],"acf":[],"_links":{"self":[{"href":"https:\/\/riviana.com\/es\/wp-json\/wp\/v2\/pages\/5497","targetHints":{"allow":["GET"]}}],"collection":[{"href":"https:\/\/riviana.com\/es\/wp-json\/wp\/v2\/pages"}],"about":[{"href":"https:\/\/riviana.com\/es\/wp-json\/wp\/v2\/types\/page"}],"author":[{"embeddable":true,"href":"https:\/\/riviana.com\/es\/wp-json\/wp\/v2\/users\/2"}],"replies":[{"embeddable":true,"href":"https:\/\/riviana.com\/es\/wp-json\/wp\/v2\/comments?post=5497"}],"version-history":[{"count":17,"href":"https:\/\/riviana.com\/es\/wp-json\/wp\/v2\/pages\/5497\/revisions"}],"predecessor-version":[{"id":26734,"href":"https:\/\/riviana.com\/es\/wp-json\/wp\/v2\/pages\/5497\/revisions\/26734"}],"up":[{"embeddable":true,"href":"https:\/\/riviana.com\/es\/wp-json\/wp\/v2\/pages\/32917"}],"wp:attachment":[{"href":"https:\/\/riviana.com\/es\/wp-json\/wp\/v2\/media?parent=5497"}],"curies":[{"name":"wp","href":"https:\/\/api.w.org\/{rel}","templated":true}]}}