{"id":5395,"date":"2021-12-01T06:21:40","date_gmt":"2021-12-01T12:21:40","guid":{"rendered":"https:\/\/riviana.com\/about-us\/"},"modified":"2023-10-19T01:22:21","modified_gmt":"2023-10-19T06:22:21","slug":"acerca-de","status":"publish","type":"page","link":"https:\/\/riviana.com\/es\/acerca-de\/","title":{"rendered":"Sobre nosotros"},"content":{"rendered":"\n<div class=\"wp-block-cover alignfull\"><span aria-hidden=\"true\" class=\"wp-block-cover__background has-background-dim-100 has-background-dim wp-block-cover__gradient-background has-background-gradient\" style=\"background:linear-gradient(290deg,rgba(255,255,255,0) 30%,rgba(255,255,255,0.8) 71%)\"><\/span><img loading=\"lazy\" decoding=\"async\" width=\"1920\" height=\"734\" class=\"wp-block-cover__image-background wp-image-4831\" alt=\"\" src=\"https:\/\/riviana.com\/wp-content\/uploads\/2023\/05\/about_us.jpg\" style=\"object-position:50% 20%\" data-object-fit=\"cover\" data-object-position=\"50% 20%\" srcset=\"https:\/\/riviana.com\/wp-content\/uploads\/2023\/05\/about_us.jpg 1920w, https:\/\/riviana.com\/wp-content\/uploads\/2023\/05\/about_us-300x115.jpg 300w, https:\/\/riviana.com\/wp-content\/uploads\/2023\/05\/about_us-1024x391.jpg 1024w, https:\/\/riviana.com\/wp-content\/uploads\/2023\/05\/about_us-768x294.jpg 768w, https:\/\/riviana.com\/wp-content\/uploads\/2023\/05\/about_us-1536x587.jpg 1536w, https:\/\/riviana.com\/wp-content\/uploads\/2023\/05\/about_us-1568x599.jpg 1568w\" sizes=\"auto, (max-width: 1920px) 100vw, 1920px\" \/><div class=\"wp-block-cover__inner-container is-layout-flow wp-block-cover-is-layout-flow\">\n<div class=\"wp-block-columns alignwide are-vertically-aligned-center is-layout-flex wp-container-core-columns-is-layout-9d6595d7 wp-block-columns-is-layout-flex\">\n<div class=\"wp-block-column is-vertically-aligned-center is-layout-flow wp-block-column-is-layout-flow\">\n<p class=\"hero-subtitle has-usafa-blue-color has-text-color has-extra-small-font-size\"><strong><strong>EMPRESA<\/strong><\/strong><\/p>\n\n\n\n<h1 class=\"wp-block-heading has-dazzled-blue-color has-text-color\">Sobre nosotros<br><\/h1>\n\n\n\n<p class=\"has-gray-1-color has-text-color\" style=\"font-size:19px\">Como filial \u00edntegramente participada por Ebro Foods, l\u00edder mundial en el sector del arroz, Riviana Foods es la empresa arrocera l\u00edder en Am\u00e9rica y el mayor comercializador de arroz salvaje del mundo.<\/p>\n<\/div>\n\n\n\n<div class=\"wp-block-column is-vertically-aligned-center is-layout-flow wp-block-column-is-layout-flow\"><\/div>\n<\/div>\n<\/div><\/div>\n\n\n<div class=\"yoast-breadcrumbs breadcrumbs\"><span><span><a href=\"https:\/\/riviana.com\/es\/\">Home<\/a><\/span> &gt; <span class=\"breadcrumb_last\" aria-current=\"page\">Sobre nosotros<\/span><\/span><\/div>\n\n\n<h2 class=\"wp-block-heading alignwide has-text-align-center\">Riviana Foods impulsa el sector<\/h2>\n\n\n\n<hr class=\"wp-block-separator has-text-color has-red-color has-alpha-channel-opacity has-red-background-color has-background aligncenter\"\/>\n\n\n\n<div class=\"wp-block-group alignfull\" style=\"padding-top:5vh;padding-right:0vh;padding-bottom:5vh;padding-left:0vh\"><div class=\"wp-block-group__inner-container is-layout-flow wp-block-group-is-layout-flow\">\n<div class=\"wp-block-columns alignwide is-layout-flex wp-container-core-columns-is-layout-9d6595d7 wp-block-columns-is-layout-flex\">\n<div class=\"wp-block-column is-layout-flow wp-block-column-is-layout-flow\" style=\"padding-top:vh;padding-right:vh;padding-bottom:5vh;padding-left:vh\">\n<h2 class=\"wp-block-heading\">Liderar con innovaci\u00f3n<\/h2>\n\n\n\n<hr class=\"wp-block-separator has-text-color has-red-color has-alpha-channel-opacity has-red-background-color has-background\"\/>\n\n\n\n<p>Estamos a la vanguardia de la tecnolog\u00eda punta como empresa l\u00edder del sector del arroz y los granos. Con m\u00e1s de 100 a\u00f1os de experiencia, hemos seguido persiguiendo productos superiores y la satisfacci\u00f3n completa del consumidor. <\/p>\n\n\n\n<p>Desde la cosecha hasta el consumidor, la empresa se compromete a producir los arroces m\u00e1s limpios y saludables del mercado.<\/p>\n\n\n\n<p>En constante desarrollo, evoluci\u00f3n y mejora de sus productos e instalaciones, Riviana Foods ampl\u00eda ahora su posici\u00f3n. Durante 2022, la empresa adquiri\u00f3 los activos de InHarvest, Inc. especializada en la producci\u00f3n, comercializaci\u00f3n y venta de arroz, quinoa y granos especiales de primera calidad.&nbsp;<\/p>\n<\/div>\n\n\n\n<div class=\"wp-block-column is-layout-flow wp-block-column-is-layout-flow\" style=\"padding-top:vh;padding-right:vh;padding-bottom:5vh;padding-left:vh\">\n<div class=\"wp-block-media-text alignwide is-vertically-aligned-top icon card has-white-background-color has-background\" style=\"grid-template-columns:15% auto\"><figure class=\"wp-block-media-text__media\"><img loading=\"lazy\" decoding=\"async\" width=\"39\" height=\"38\" src=\"https:\/\/riviana.com\/wp-content\/uploads\/2021\/11\/icon-1.png\" alt=\"\" class=\"wp-image-766 size-full\"\/><\/figure><div class=\"wp-block-media-text__content\">\n<h6 class=\"wp-block-heading\">Siempre estamos creciendo<\/h6>\n\n\n\n<p style=\"font-size:14px\">Riviana Foods, Inc. ha adquirido recientemente los activos de InHarvest, Inc., especializada en la producci\u00f3n, comercializaci\u00f3n y venta de arroz, quinoa y cereales especiales de primera calidad.<\/p>\n<\/div><\/div>\n\n\n\n<div class=\"wp-block-media-text alignwide is-vertically-aligned-top icon card has-white-background-color has-background\" style=\"grid-template-columns:15% auto\"><figure class=\"wp-block-media-text__media\"><img loading=\"lazy\" decoding=\"async\" width=\"39\" height=\"38\" src=\"https:\/\/riviana.com\/wp-content\/uploads\/2021\/11\/icon-1.png\" alt=\"\" class=\"wp-image-766 size-full\"\/><\/figure><div class=\"wp-block-media-text__content\">\n<h6 class=\"wp-block-heading\">Invertir<\/h6>\n\n\n\n<p style=\"font-size:14px\">Estamos muy orgullosos de anunciar la importante inversi\u00f3n de 80,6 millones de d\u00f3lares para ampliar y renovar nuestra vanguardista planta de procesado y envasado de Memphis (Tennessee). Esta inversi\u00f3n aumentar\u00e1 significativamente nuestra capacidad de producci\u00f3n y a\u00f1adir\u00e1 nuevos puestos de trabajo a tiempo completo.<\/p>\n<\/div><\/div>\n<\/div>\n\n\n\n<div class=\"wp-block-column is-layout-flow wp-block-column-is-layout-flow\" style=\"padding-top:vh;padding-right:vh;padding-bottom:5vh;padding-left:vh\">\n<div class=\"wp-block-media-text alignwide is-vertically-aligned-top icon card has-white-background-color has-background\" style=\"grid-template-columns:15% auto\"><figure class=\"wp-block-media-text__media\"><img loading=\"lazy\" decoding=\"async\" width=\"39\" height=\"38\" src=\"https:\/\/riviana.com\/wp-content\/uploads\/2021\/11\/icon-1.png\" alt=\"\" class=\"wp-image-766 size-full\"\/><\/figure><div class=\"wp-block-media-text__content\">\n<h6 class=\"wp-block-heading\">Orgullosos de formar parte de Ebro Foods <\/h6>\n\n\n\n<p style=\"font-size:14px\">Como filial de Ebro Foods, poseemos una visi\u00f3n completa del negocio del arroz que opera en todo el mundo y en m\u00e1s de ochenta pa\u00edses.<\/p>\n<\/div><\/div>\n\n\n\n<div class=\"wp-block-media-text alignwide is-vertically-aligned-top icon card has-white-background-color has-background\" style=\"grid-template-columns:15% auto\"><figure class=\"wp-block-media-text__media\"><img loading=\"lazy\" decoding=\"async\" width=\"39\" height=\"38\" src=\"https:\/\/riviana.com\/wp-content\/uploads\/2021\/11\/icon-1.png\" alt=\"\" class=\"wp-image-766 size-full\"\/><\/figure><div class=\"wp-block-media-text__content\">\n<h6 class=\"wp-block-heading\">Cuidado <\/h6>\n\n\n\n<p style=\"font-size:14px\">Una parte integral de nuestro negocio es una actuaci\u00f3n sobresaliente en materia de medio ambiente, salud y seguridad. Siempre nos esforzaremos por llevar a cabo nuestra actividad con los m\u00e1ximos niveles de integridad, respeto y responsabilidad.<\/p>\n<\/div><\/div>\n<\/div>\n<\/div>\n<\/div><\/div>\n\n\n\n<div class=\"wp-block-cover alignwide is-light bg-half-right\" style=\"padding-top:5vh;padding-right:vh;padding-bottom:5vh;padding-left:vh\"><span aria-hidden=\"true\" class=\"wp-block-cover__background has-background-dim-0 has-background-dim\"><\/span><img loading=\"lazy\" decoding=\"async\" width=\"387\" height=\"581\" class=\"wp-block-cover__image-background wp-image-2523\" alt=\"texmati rice grains in a field\" src=\"https:\/\/riviana.com\/wp-content\/uploads\/2022\/08\/texmati-shoot1.jpg\" data-object-fit=\"cover\" srcset=\"https:\/\/riviana.com\/wp-content\/uploads\/2022\/08\/texmati-shoot1.jpg 387w, https:\/\/riviana.com\/wp-content\/uploads\/2022\/08\/texmati-shoot1-200x300.jpg 200w\" sizes=\"auto, (max-width: 387px) 100vw, 387px\" \/><div class=\"wp-block-cover__inner-container is-layout-flow wp-block-cover-is-layout-flow\">\n<div class=\"wp-block-columns alignwide is-layout-flex wp-container-core-columns-is-layout-9d6595d7 wp-block-columns-is-layout-flex\">\n<div class=\"wp-block-column card has-white-background-color has-background is-layout-flow wp-block-column-is-layout-flow\" style=\"padding-top:4vw;padding-right:6vw;padding-bottom:7vw;padding-left:5vw;flex-basis:60%\">\n<h2 class=\"wp-block-heading has-dazzled-blue-color has-text-color\">Sobre Riviana Foods<\/h2>\n\n\n\n<p><mark style=\"background-color:rgba(0, 0, 0, 0)\" class=\"has-inline-color has-black-color\">Con m\u00e1s de 100 a\u00f1os de experiencia, Riviana Foods es la principal empresa arrocera de Am\u00e9rica y el mayor comercializador de arroz salvaje del mundo. La familia de marcas de Riviana Foods incluye Minute\u00ae, Success\u00ae, Mahatma\u00ae, Carolina\u00ae, RiceSelect\u00ae y Tilda\u00ae.<\/mark><\/p>\n\n\n\n<p class=\"has-usafa-blue-color has-text-color\" style=\"font-size:10px\"><em>\u201cTilda\u00ae es una marca registrada de Tilda Limited y utilizada bajo licencia por Riviana Foods Inc.\u201d<\/em><\/p>\n<\/div>\n\n\n\n<div class=\"wp-block-column is-layout-flow wp-block-column-is-layout-flow\" style=\"flex-basis:40%\"><\/div>\n<\/div>\n<\/div><\/div>\n\n\n\n<div class=\"wp-block-columns alignwide are-vertically-aligned-bottom is-layout-flex wp-container-core-columns-is-layout-9d6595d7 wp-block-columns-is-layout-flex\">\n<div class=\"wp-block-column is-vertically-aligned-bottom is-layout-flow wp-block-column-is-layout-flow\" style=\"flex-basis:66.66%\">\n<h2 class=\"wp-block-heading\">Sobre Ebro Foods<\/h2>\n\n\n\n<p>Con sede en Espa\u00f1a, <strong><a href=\"https:\/\/www.ebrofoods.es\/\" target=\"_blank\" rel=\"noreferrer noopener nofollow\">Ebro Foods<\/a><\/strong> es la primera empresa alimenticia de Espa\u00f1a y l\u00edder mundial en la producci\u00f3n de arroz, con una s\u00f3lida posici\u00f3n en todo el mundo en pasta fresca y de primera calidad.<\/p>\n\n\n\n<p>Esta relaci\u00f3n significa una mejora tanto en los productos como para la empresa de Riviana Foods al proporcionar acceso a una red mundial de abastecimiento de materias primas, centros de investigaci\u00f3n y desarrollo de categor\u00eda mundial, tecnolog\u00eda punta e innovaci\u00f3n de productos.<\/p>\n<\/div>\n\n\n\n<div class=\"wp-block-column is-vertically-aligned-bottom is-layout-flow wp-block-column-is-layout-flow\" style=\"flex-basis:33.33%\">\n<figure class=\"wp-block-image size-large is-resized\"><a href=\"https:\/\/www.ebrofoods.es\/en\/about-ebro\/\"><img loading=\"lazy\" decoding=\"async\" src=\"https:\/\/riviana.com\/wp-content\/uploads\/2022\/11\/logo-ebro-foods-1024x402.png\" alt=\"\" class=\"wp-image-3692\" style=\"width:256px;height:101px\" width=\"256\" height=\"101\" srcset=\"https:\/\/riviana.com\/wp-content\/uploads\/2022\/11\/logo-ebro-foods-1024x402.png 1024w, https:\/\/riviana.com\/wp-content\/uploads\/2022\/11\/logo-ebro-foods-300x118.png 300w, https:\/\/riviana.com\/wp-content\/uploads\/2022\/11\/logo-ebro-foods-768x301.png 768w, https:\/\/riviana.com\/wp-content\/uploads\/2022\/11\/logo-ebro-foods-1536x602.png 1536w, https:\/\/riviana.com\/wp-content\/uploads\/2022\/11\/logo-ebro-foods-1568x615.png 1568w, https:\/\/riviana.com\/wp-content\/uploads\/2022\/11\/logo-ebro-foods.png 1920w\" sizes=\"auto, (max-width: 256px) 100vw, 256px\" \/><\/a><\/figure>\n<\/div>\n<\/div>\n\n\n\n<div class=\"wp-block-cover alignfull is-light bg-news\" style=\"padding-top:5vh;padding-right:0vh;padding-bottom:20vh;padding-left:0vh\"><span aria-hidden=\"true\" class=\"wp-block-cover__background has-grayfa-background-color has-background-dim-0 has-background-dim\"><\/span><img loading=\"lazy\" decoding=\"async\" width=\"633\" height=\"372\" class=\"wp-block-cover__image-background wp-image-557\" alt=\"different bowls of rice\" src=\"https:\/\/riviana.com\/wp-content\/uploads\/2021\/11\/iStock-1193713529-arroz-5-e1663670918884.png\" data-object-fit=\"cover\" srcset=\"https:\/\/riviana.com\/wp-content\/uploads\/2021\/11\/iStock-1193713529-arroz-5-e1663670918884.png 633w, https:\/\/riviana.com\/wp-content\/uploads\/2021\/11\/iStock-1193713529-arroz-5-e1663670918884-300x176.png 300w\" sizes=\"auto, (max-width: 633px) 100vw, 633px\" \/><div class=\"wp-block-cover__inner-container is-layout-flow wp-block-cover-is-layout-flow\">\n<div class=\"wp-block-columns alignwide are-vertically-aligned-center is-layout-flex wp-container-core-columns-is-layout-9d6595d7 wp-block-columns-is-layout-flex\">\n<div class=\"wp-block-column is-vertically-aligned-center is-layout-flow wp-block-column-is-layout-flow\">\n<h2 class=\"wp-block-heading has-primary-color has-text-color\">\u00daltimas noticias<\/h2>\n\n\n\n<hr class=\"wp-block-separator has-text-color has-red-color has-alpha-channel-opacity has-red-background-color has-background\"\/>\n<\/div>\n\n\n\n<div class=\"wp-block-column is-vertically-aligned-center is-layout-flow wp-block-column-is-layout-flow\">\n<div class=\"wp-block-buttons is-horizontal is-content-justification-right is-layout-flex wp-container-core-buttons-is-layout-ae2fe186 wp-block-buttons-is-layout-flex\">\n<div class=\"wp-block-button\"><a class=\"wp-block-button__link wp-element-button\" href=\"https:\/\/riviana.com\/es\/amamos-el-arroz\/\">Ver todo<\/a><\/div>\n<\/div>\n<\/div>\n<\/div>\n\n\n\n<div class=\"wp-block-query alignwide is-layout-flow wp-block-query-is-layout-flow\"><ul class=\"is-flex-container columns-3 alignwide info-card wp-block-post-template is-layout-flow wp-block-post-template-is-layout-flow\"><li class=\"wp-block-post post-26478 post type-post status-publish format-standard has-post-thumbnail hentry category-amamos-el-arroz category-notas-de-prensa tag-noticias entry\">\n<figure class=\"alignwide wp-block-post-featured-image\"><a href=\"https:\/\/riviana.com\/es\/notas-de-prensa\/minute-rice-cups-recibe-el-prestigioso-premio-producto-del-ano-usa\/\" target=\"_self\"  ><img loading=\"lazy\" decoding=\"async\" width=\"300\" height=\"236\" src=\"https:\/\/riviana.com\/wp-content\/uploads\/2025\/02\/Riviana_Foods_Inc_2025_Product_of_the_Year_USA_Awards-300x236.jpg\" class=\"attachment-latest-news-thumb size-latest-news-thumb wp-post-image\" alt=\"Minute\u00ae Rice Cups recibe el prestigioso premio Producto del A\u00f1o USA\" style=\"width:100%;height:177.67%;max-width:300px;object-fit:contain;\" \/><\/a><\/figure>\n\n\n<div class=\"wp-block-group\"><div class=\"wp-block-group__inner-container is-layout-flow wp-block-group-is-layout-flow\"><h4 class=\"wp-block-post-title has-text-color has-dazzled-blue-color\"><a href=\"https:\/\/riviana.com\/es\/notas-de-prensa\/minute-rice-cups-recibe-el-prestigioso-premio-producto-del-ano-usa\/\" target=\"_self\" >Minute\u00ae Rice Cups recibe el prestigioso premio Producto del A\u00f1o USA<\/a><\/h4>\n\n<div class=\"taxonomy-post_tag tags-links wp-block-post-terms has-text-color has-red-color\"><a href=\"https:\/\/riviana.com\/es\/tag\/noticias\/\" rel=\"tag\">Noticias<\/a><\/div>\n\n<div class=\"wp-block-post-excerpt has-text-color has-gray-3-color\"><p class=\"wp-block-post-excerpt__excerpt\">El sello de Producto del A\u00f1o es un s\u00edmbolo de calidad e innovaci\u00f3n y es otorgado a aquellos productos referentes en sus respectivos sectores.<\/p><p class=\"wp-block-post-excerpt__more-text\"><a class=\"wp-block-post-excerpt__more-link\" href=\"https:\/\/riviana.com\/es\/notas-de-prensa\/minute-rice-cups-recibe-el-prestigioso-premio-producto-del-ano-usa\/\">CONTINUAR LEYENDO<\/a><\/p><\/div><\/div><\/div>\n\n<\/li><li class=\"wp-block-post post-26471 post type-post status-publish format-standard has-post-thumbnail hentry category-amamos-el-arroz category-notas-de-prensa tag-compromiso-con-la-comunidad entry\">\n<figure class=\"alignwide wp-block-post-featured-image\"><a href=\"https:\/\/riviana.com\/es\/amamos-el-arroz\/el-programa-jars-of-hope-de-riceselect-ayuda-a-combatir-la-inseguridad-alimentaria-en-california\/\" target=\"_self\"  ><img loading=\"lazy\" decoding=\"async\" width=\"366\" height=\"236\" src=\"https:\/\/riviana.com\/wp-content\/uploads\/2025\/02\/Riviana_Rice_Donation_Jars_of_Hope-366x236.jpg\" class=\"attachment-latest-news-thumb size-latest-news-thumb wp-post-image\" alt=\"El programa \u00abJars of Hope\u00bb de RiceSelect\u00ae ayuda a combatir la inseguridad alimentaria en California\" style=\"width:100%;height:133.33%;max-width:600px;object-fit:contain;\" \/><\/a><\/figure>\n\n\n<div class=\"wp-block-group\"><div class=\"wp-block-group__inner-container is-layout-flow wp-block-group-is-layout-flow\"><h4 class=\"wp-block-post-title has-text-color has-dazzled-blue-color\"><a href=\"https:\/\/riviana.com\/es\/amamos-el-arroz\/el-programa-jars-of-hope-de-riceselect-ayuda-a-combatir-la-inseguridad-alimentaria-en-california\/\" target=\"_self\" >El programa \u00abJars of Hope\u00bb de RiceSelect\u00ae ayuda a combatir la inseguridad alimentaria en California<\/a><\/h4>\n\n<div class=\"taxonomy-post_tag tags-links wp-block-post-terms has-text-color has-red-color\"><a href=\"https:\/\/riviana.com\/es\/tag\/compromiso-con-la-comunidad\/\" rel=\"tag\">Compromiso con la Comunidad<\/a><\/div>\n\n<div class=\"wp-block-post-excerpt has-text-color has-gray-3-color\"><p class=\"wp-block-post-excerpt__excerpt\">Riviana Foods entreg\u00f3 un cheque de $25,000 a la Asociaci\u00f3n de Bancos de Alimentos de California y m\u00e1s de 15,000 libras de productos de arroz.<\/p><p class=\"wp-block-post-excerpt__more-text\"><a class=\"wp-block-post-excerpt__more-link\" href=\"https:\/\/riviana.com\/es\/amamos-el-arroz\/el-programa-jars-of-hope-de-riceselect-ayuda-a-combatir-la-inseguridad-alimentaria-en-california\/\">CONTINUAR LEYENDO<\/a><\/p><\/div><\/div><\/div>\n\n<\/li><li class=\"wp-block-post post-22720 post type-post status-publish format-standard has-post-thumbnail hentry category-amamos-el-arroz tag-compromiso-con-la-comunidad tag-noticias entry\">\n<figure class=\"alignwide wp-block-post-featured-image\"><a href=\"https:\/\/riviana.com\/es\/amamos-el-arroz\/riviana-foods-y-la-asociacion-de-bancos-de-alimentos-de-california-unen-fuerzas-para-combatir-el-hambre-a-traves-de-la-iniciativa-jars-of-hope\/\" target=\"_self\"  ><img loading=\"lazy\" decoding=\"async\" width=\"366\" height=\"236\" src=\"https:\/\/riviana.com\/wp-content\/uploads\/2024\/10\/jars-of-hope-366x236.png\" class=\"attachment-latest-news-thumb size-latest-news-thumb wp-post-image\" alt=\"Riviana Foods y la Asociaci\u00f3n de Bancos de Alimentos de California Unen Fuerzas para Combatir el Hambre a Trav\u00e9s de la Iniciativa \u201cJars of Hope\u201d\" style=\"width:100%;height:63.33%;max-width:938px;object-fit:contain;\" \/><\/a><\/figure>\n\n\n<div class=\"wp-block-group\"><div class=\"wp-block-group__inner-container is-layout-flow wp-block-group-is-layout-flow\"><h4 class=\"wp-block-post-title has-text-color has-dazzled-blue-color\"><a href=\"https:\/\/riviana.com\/es\/amamos-el-arroz\/riviana-foods-y-la-asociacion-de-bancos-de-alimentos-de-california-unen-fuerzas-para-combatir-el-hambre-a-traves-de-la-iniciativa-jars-of-hope\/\" target=\"_self\" >Riviana Foods y la Asociaci\u00f3n de Bancos de Alimentos de California Unen Fuerzas para Combatir el Hambre a Trav\u00e9s de la Iniciativa \u201cJars of Hope\u201d<\/a><\/h4>\n\n<div class=\"taxonomy-post_tag tags-links wp-block-post-terms has-text-color has-red-color\"><a href=\"https:\/\/riviana.com\/es\/tag\/compromiso-con-la-comunidad\/\" rel=\"tag\">Compromiso con la Comunidad<\/a><span class=\"wp-block-post-terms__separator\">, <\/span><a href=\"https:\/\/riviana.com\/es\/tag\/noticias\/\" rel=\"tag\">Noticias<\/a><\/div>\n\n<div class=\"wp-block-post-excerpt has-text-color has-gray-3-color\"><p class=\"wp-block-post-excerpt__excerpt\">Los fondos recaudados a trav\u00e9s de la campa\u00f1a se destinar\u00e1n a apoyar el programa Farm to Family de la CAFB y su misi\u00f3n de erradicar el hambre.<\/p><p class=\"wp-block-post-excerpt__more-text\"><a class=\"wp-block-post-excerpt__more-link\" href=\"https:\/\/riviana.com\/es\/amamos-el-arroz\/riviana-foods-y-la-asociacion-de-bancos-de-alimentos-de-california-unen-fuerzas-para-combatir-el-hambre-a-traves-de-la-iniciativa-jars-of-hope\/\">CONTINUAR LEYENDO<\/a><\/p><\/div><\/div><\/div>\n\n<\/li><\/ul><\/div>\n<\/div><\/div>\n","protected":false},"excerpt":{"rendered":"<p>Learn more about Riviana Foods &#8211;  a subsidiary of Ebro Foods. Riviana Foods is the largest distributor of rice products in the USA. <\/p>\n","protected":false},"author":2,"featured_media":0,"parent":0,"menu_order":8,"comment_status":"closed","ping_status":"closed","template":"","meta":{"_acf_changed":false,"footnotes":""},"class_list":["post-5395","page","type-page","status-publish","hentry","entry"],"acf":[],"_links":{"self":[{"href":"https:\/\/riviana.com\/es\/wp-json\/wp\/v2\/pages\/5395","targetHints":{"allow":["GET"]}}],"collection":[{"href":"https:\/\/riviana.com\/es\/wp-json\/wp\/v2\/pages"}],"about":[{"href":"https:\/\/riviana.com\/es\/wp-json\/wp\/v2\/types\/page"}],"author":[{"embeddable":true,"href":"https:\/\/riviana.com\/es\/wp-json\/wp\/v2\/users\/2"}],"replies":[{"embeddable":true,"href":"https:\/\/riviana.com\/es\/wp-json\/wp\/v2\/comments?post=5395"}],"version-history":[{"count":5,"href":"https:\/\/riviana.com\/es\/wp-json\/wp\/v2\/pages\/5395\/revisions"}],"predecessor-version":[{"id":11977,"href":"https:\/\/riviana.com\/es\/wp-json\/wp\/v2\/pages\/5395\/revisions\/11977"}],"wp:attachment":[{"href":"https:\/\/riviana.com\/es\/wp-json\/wp\/v2\/media?parent=5395"}],"curies":[{"name":"wp","href":"https:\/\/api.w.org\/{rel}","templated":true}]}}