{"id":32757,"date":"2025-06-30T04:32:44","date_gmt":"2025-06-30T09:32:44","guid":{"rendered":"https:\/\/riviana.com\/comercio\/ready-to-eat-flour\/"},"modified":"2025-07-21T13:47:16","modified_gmt":"2025-07-21T18:47:16","slug":"ready-to-eat-flour","status":"publish","type":"page","link":"https:\/\/riviana.com\/es\/business\/ready-to-eat-flour\/","title":{"rendered":"Harina de Arroz Lista para Consumir"},"content":{"rendered":"\n<div class=\"wp-block-cover alignfull is-light\"><img loading=\"lazy\" decoding=\"async\" width=\"1920\" height=\"855\" class=\"wp-block-cover__image-background wp-image-30230\" alt=\"\" src=\"https:\/\/riviana.com\/wp-content\/uploads\/2025\/05\/ready-to-eat-rice-flours.jpg\" data-object-fit=\"cover\" srcset=\"https:\/\/riviana.com\/wp-content\/uploads\/2025\/05\/ready-to-eat-rice-flours.jpg 1920w, https:\/\/riviana.com\/wp-content\/uploads\/2025\/05\/ready-to-eat-rice-flours-300x134.jpg 300w, https:\/\/riviana.com\/wp-content\/uploads\/2025\/05\/ready-to-eat-rice-flours-1024x456.jpg 1024w, https:\/\/riviana.com\/wp-content\/uploads\/2025\/05\/ready-to-eat-rice-flours-768x342.jpg 768w, https:\/\/riviana.com\/wp-content\/uploads\/2025\/05\/ready-to-eat-rice-flours-1536x684.jpg 1536w, https:\/\/riviana.com\/wp-content\/uploads\/2025\/05\/ready-to-eat-rice-flours-1568x698.jpg 1568w\" sizes=\"auto, (max-width: 1920px) 100vw, 1920px\" \/><span aria-hidden=\"true\" class=\"wp-block-cover__background has-background-dim-100 has-background-dim wp-block-cover__gradient-background has-background-gradient\" style=\"background-color:#beab8d;background:linear-gradient(290deg,rgba(255,255,255,0) 30%,rgba(255,255,255,0.8) 71%)\"><\/span><div class=\"wp-block-cover__inner-container is-layout-flow wp-block-cover-is-layout-flow\">\n<div class=\"wp-block-columns alignwide are-vertically-aligned-center is-layout-flex wp-container-core-columns-is-layout-9d6595d7 wp-block-columns-is-layout-flex\">\n<div class=\"wp-block-column is-vertically-aligned-center is-layout-flow wp-block-column-is-layout-flow\">\n<p class=\"hero-subtitle has-usafa-blue-color has-text-color has-extra-small-font-size\"><strong><strong><strong>NEGOCIO<\/strong><\/strong><\/strong><\/p>\n\n\n\n<h1 class=\"wp-block-heading has-dazzled-blue-color has-text-color\"><strong>Harina de Arroz Lista para Consumir<\/strong><\/h1>\n\n\n\n<p class=\"has-gray-1-color has-text-color\" style=\"font-size:19px\">La nueva harina de arroz lista para consumir de Riviana te permite desarrollar productos clean label, ricos en prote\u00ednas y sin gluten, como demanda el consumidor actual.<\/p>\n<\/div>\n\n\n\n<div class=\"wp-block-column is-vertically-aligned-center is-layout-flow wp-block-column-is-layout-flow\"><\/div>\n<\/div>\n<\/div><\/div>\n\n\n\n<div class=\"wp-block-group alignwide\" style=\"padding-top:0vw;padding-bottom:0vw\"><div class=\"wp-block-group__inner-container is-layout-flow wp-block-group-is-layout-flow\">\n<h2 class=\"wp-block-heading alignwide border-left\">Rendimiento que se une a un prop\u00f3sito<\/h2>\n\n\n\n<hr class=\"wp-block-separator has-text-color has-red-color has-alpha-channel-opacity has-red-background-color has-background\"\/>\n\n\n\n<p class=\"alignwide\">La harina de arroz lista para consumir de Riviana ha sido desarrollada espec\u00edficamente para cumplir con los m\u00e1s altos est\u00e1ndares de seguridad alimentaria y eficiencia en el procesamiento. Nuestra harina de arroz precocida ofrece distintos perfiles de viscosidad y est\u00e1 disponible en varios tama\u00f1os de part\u00edcula. <\/p>\n\n\n\n<p class=\"alignwide\">Riviana ofrece tanto harinas de arroz totalmente pregelatinizadas como parcialmente pregelatinizadas. Esta harina es un excelente ingrediente <em>clean label<\/em> para aquellas aplicaciones en las que se necesita viscosidad en fr\u00edo, sin pasos de cocci\u00f3n adicionales (como productos listos para consumir o beber), o cuando se busca una textura crujiente en el producto final.<\/p>\n\n\n\n<p class=\"alignwide\">Totalmente conforme con las regulaciones de la FDA, la harina de arroz lista para consumir de Riviana elimina la necesidad de cocci\u00f3n adicional en tus procesos, ofreciendo una soluci\u00f3n segura y pr\u00e1ctica para aplicaciones <em>ready-to-eat<\/em>.<\/p>\n\n\n\n<h2 class=\"wp-block-heading alignwide\">\ud83c\udf31 Compromiso Clean Label<\/h2>\n\n\n\n<p class=\"alignwide\">En Riviana Foods estamos comprometidos con el desarrollo de ingredientes alineados con los est\u00e1ndares del etiquetado limpio.<\/p>\n\n\n\n<p class=\"alignwide\">Nuestros productos est\u00e1n libres de modificaciones qu\u00edmicas y aditivos sint\u00e9ticos, lo que garantiza alimentos transparentes, seguros y confiables para los consumidores.<\/p>\n<\/div><\/div>\n\n\n\n<div class=\"wp-block-group alignwide\" style=\"padding-top:5vw;padding-bottom:5vw\"><div class=\"wp-block-group__inner-container is-layout-constrained wp-block-group-is-layout-constrained\">\n<div class=\"wp-block-columns alignwide is-style-default is-layout-flex wp-container-core-columns-is-layout-53642b31 wp-block-columns-is-layout-flex\" style=\"padding-top:0;padding-right:0;padding-bottom:0;padding-left:0\">\n<div class=\"wp-block-column is-layout-flow wp-block-column-is-layout-flow\">\n<h3 class=\"wp-block-heading\">\ud83c\udf3e Beneficios Nutricionales<\/h3>\n\n\n\n<ul class=\"wp-block-list\">\n<li>Hipoalerg\u00e9nica<\/li>\n\n\n\n<li>Sin gluten<\/li>\n\n\n\n<li>Rica en vitaminas, minerales y antioxidantes<\/li>\n\n\n\n<li>Alto contenido en fibra<\/li>\n\n\n\n<li>Fuente de carbohidratos de liberaci\u00f3n lenta<\/li>\n\n\n\n<li>Excelente digestibilidad<\/li>\n\n\n\n<li>Apta para etiquetado <em>clean label<\/em><\/li>\n<\/ul>\n<\/div>\n\n\n\n<div class=\"wp-block-column is-layout-flow wp-block-column-is-layout-flow\">\n<h3 class=\"wp-block-heading\">\ud83c\udf5e Beneficios Funcionales<\/h3>\n\n\n\n<ul class=\"wp-block-list\">\n<li>Agente aglutinante y espesante<\/li>\n\n\n\n<li>Retenci\u00f3n de agua<\/li>\n\n\n\n<li>Control de pegajosidad<\/li>\n\n\n\n<li>Texturizante y mejora del <em>mouthfeel<\/em><\/li>\n\n\n\n<li>Aporta crocancia y crujido<\/li>\n\n\n\n<li>Mejora la suavidad<\/li>\n\n\n\n<li>Prolonga la vida \u00fatil del producto<\/li>\n<\/ul>\n<\/div>\n<\/div>\n<\/div><\/div>\n\n\n\n<div class=\"wp-block-cover alignwide is-light\" style=\"min-height:200px;aspect-ratio:unset;\"><img loading=\"lazy\" decoding=\"async\" width=\"1024\" height=\"359\" class=\"wp-block-cover__image-background wp-image-31962 size-large\" alt=\"\" src=\"https:\/\/riviana.com\/wp-content\/uploads\/2025\/06\/RTE-image-wide-1024x359.jpg\" data-object-fit=\"cover\" srcset=\"https:\/\/riviana.com\/wp-content\/uploads\/2025\/06\/RTE-image-wide-1024x359.jpg 1024w, https:\/\/riviana.com\/wp-content\/uploads\/2025\/06\/RTE-image-wide-300x105.jpg 300w, https:\/\/riviana.com\/wp-content\/uploads\/2025\/06\/RTE-image-wide-768x270.jpg 768w, https:\/\/riviana.com\/wp-content\/uploads\/2025\/06\/RTE-image-wide-1536x539.jpg 1536w, https:\/\/riviana.com\/wp-content\/uploads\/2025\/06\/RTE-image-wide-1568x550.jpg 1568w, https:\/\/riviana.com\/wp-content\/uploads\/2025\/06\/RTE-image-wide.jpg 1920w\" sizes=\"auto, (max-width: 1024px) 100vw, 1024px\" \/><span aria-hidden=\"true\" class=\"wp-block-cover__background has-background-dim-60 has-background-dim wp-block-cover__gradient-background has-background-gradient\" style=\"background-color:#ecbb8d;background:linear-gradient(0deg,rgb(0,0,0) 0%,rgba(0,0,0,0) 100%)\"><\/span><div class=\"wp-block-cover__inner-container is-layout-flow wp-block-cover-is-layout-flow\">\n<p class=\"has-text-align-center has-large-font-size\"><\/p>\n\n\n\n<p><\/p>\n\n\n\n<p><\/p>\n\n\n\n<p><\/p>\n\n\n\n<p><\/p>\n\n\n\n<p><\/p>\n<\/div><\/div>\n\n\n\n<div class=\"wp-block-group alignwide\"><div class=\"wp-block-group__inner-container is-layout-constrained wp-block-group-is-layout-constrained\">\n<h2 class=\"wp-block-heading has-text-align-center has-huge-font-size\"><strong><strong>Portfolio de Harinas de Arroz Lista para Consumir<\/strong><\/strong><\/h2>\n\n\n\n<div class=\"wp-block-columns alignwide is-style-default is-layout-flex wp-container-core-columns-is-layout-53642b31 wp-block-columns-is-layout-flex\" style=\"padding-top:0;padding-right:0;padding-bottom:0;padding-left:0\">\n<div class=\"wp-block-column is-layout-flow wp-block-column-is-layout-flow\">\n<h3 class=\"wp-block-heading\">OryzaNAT\u00ae H200R8<\/h3>\n\n\n\n<ul style=\"padding-left:20px\" class=\"wp-block-list\">\n<li>Granulometr\u00eda: 200\u202f\u03bcm<\/li>\n\n\n\n<li>Harina de arroz blanco LG<\/li>\n\n\n\n<li>Alto contenido en amilosa, textura firme<\/li>\n<\/ul>\n<\/div>\n\n\n\n<div class=\"wp-block-column is-layout-flow wp-block-column-is-layout-flow\">\n<h3 class=\"wp-block-heading\">OryzaNAT\u00ae M200R8<\/h3>\n\n\n\n<ul style=\"padding-left:20px\" class=\"wp-block-list\">\n<li>Granulometr\u00eda: 200\u202f\u03bcm<\/li>\n\n\n\n<li>Harina de arroz blanco MG<\/li>\n\n\n\n<li>Contenido medio de amilosa, textura suave<\/li>\n<\/ul>\n<\/div>\n\n\n\n<div class=\"wp-block-column is-layout-flow wp-block-column-is-layout-flow\">\n<h3 class=\"wp-block-heading\">OryzaNAT\u00ae W200R<\/h3>\n\n\n\n<ul style=\"padding-left:20px\" class=\"wp-block-list\">\n<li>Harina de arroz integral con grano completo<\/li>\n\n\n\n<li>Granulometr\u00eda: 200\u202f\u03bcm<\/li>\n<\/ul>\n<\/div>\n\n\n\n<div class=\"wp-block-column is-layout-flow wp-block-column-is-layout-flow\">\n<h3 class=\"wp-block-heading\">OryzaPURE\u00aeBIO W200R<\/h3>\n\n\n\n<ul style=\"padding-left:20px\" class=\"wp-block-list\">\n<li>Harina de arroz integral ecol\u00f3gica con grano completo<\/li>\n\n\n\n<li>Procedente de cultivos propios en Espa\u00f1a y Argentina<\/li>\n<\/ul>\n<\/div>\n<\/div>\n\n\n\n<div class=\"wp-block-columns alignwide is-style-default is-layout-flex wp-container-core-columns-is-layout-53642b31 wp-block-columns-is-layout-flex\" style=\"padding-top:0;padding-right:0;padding-bottom:0;padding-left:0\">\n<div class=\"wp-block-column is-layout-flow wp-block-column-is-layout-flow\">\n<h3 class=\"wp-block-heading\">OryzaPURE\u00aeBIO BF W200R<\/h3>\n\n\n\n<ul style=\"padding-left:20px\" class=\"wp-block-list\">\n<li>Harina de arroz integral ecol\u00f3gica para alimentaci\u00f3n infantil<\/li>\n\n\n\n<li>Bajo contenido en ars\u00e9nico inorg\u00e1nico (&lt;100 ppb)<\/li>\n\n\n\n<li>Procedente de cultivos propios en Espa\u00f1a y Argentina<\/li>\n<\/ul>\n<\/div>\n\n\n\n<div class=\"wp-block-column is-layout-flow wp-block-column-is-layout-flow\">\n<h3 class=\"wp-block-heading\">OryzaPURE\u00aeBIO BF M300R8<\/h3>\n\n\n\n<ul style=\"padding-left:20px\" class=\"wp-block-list\">\n<li>Harina de arroz blanco ecol\u00f3gica para alimentaci\u00f3n infantil<\/li>\n\n\n\n<li>Bajo contenido en ars\u00e9nico inorg\u00e1nico (&lt;100 ppb)<\/li>\n\n\n\n<li>Procedente de cultivos propios en Espa\u00f1a y Argentina<\/li>\n<\/ul>\n<\/div>\n\n\n\n<div class=\"wp-block-column is-layout-flow wp-block-column-is-layout-flow\">\n<h3 class=\"wp-block-heading\">OryzaGEL<\/h3>\n\n\n\n<ul style=\"padding-left:20px\" class=\"wp-block-list\">\n<li>Harinas de arroz pregelatinizadas con viscosidad alta o baja en fr\u00edo<\/li>\n\n\n\n<li>Alta viscosidad al disolverse en agua<\/li>\n<\/ul>\n<\/div>\n\n\n\n<div class=\"wp-block-column is-layout-flow wp-block-column-is-layout-flow\">\n<h3 class=\"wp-block-heading\">OryzaPURE\u00ae\u00a0BIO 200R8<\/h3>\n\n\n\n<ul class=\"wp-block-list\">\n<li>Harina blanca ecol\u00f3gica LG<\/li>\n\n\n\n<li>Tratada t\u00e9rmicamente y lista para consumir<\/li>\n<\/ul>\n<\/div>\n<\/div>\n<\/div><\/div>\n\n\n\n<div class=\"wp-block-cover alignwide is-light\" style=\"min-height:200px;aspect-ratio:unset;\"><img loading=\"lazy\" decoding=\"async\" width=\"1024\" height=\"323\" class=\"wp-block-cover__image-background wp-image-31959 size-large\" alt=\"\" src=\"https:\/\/riviana.com\/wp-content\/uploads\/2025\/06\/RTE-banner-wide-1024x323.jpg\" data-object-fit=\"cover\" srcset=\"https:\/\/riviana.com\/wp-content\/uploads\/2025\/06\/RTE-banner-wide-1024x323.jpg 1024w, https:\/\/riviana.com\/wp-content\/uploads\/2025\/06\/RTE-banner-wide-300x95.jpg 300w, https:\/\/riviana.com\/wp-content\/uploads\/2025\/06\/RTE-banner-wide-768x242.jpg 768w, https:\/\/riviana.com\/wp-content\/uploads\/2025\/06\/RTE-banner-wide-1536x484.jpg 1536w, https:\/\/riviana.com\/wp-content\/uploads\/2025\/06\/RTE-banner-wide-1568x494.jpg 1568w, https:\/\/riviana.com\/wp-content\/uploads\/2025\/06\/RTE-banner-wide.jpg 1920w\" sizes=\"auto, (max-width: 1024px) 100vw, 1024px\" \/><span aria-hidden=\"true\" class=\"wp-block-cover__background has-background-dim-60 has-background-dim wp-block-cover__gradient-background has-background-gradient\" style=\"background-color:#c0ad92;background:linear-gradient(0deg,rgb(0,0,0) 0%,rgba(0,0,0,0) 100%)\"><\/span><div class=\"wp-block-cover__inner-container is-layout-flow wp-block-cover-is-layout-flow\">\n<div class=\"wp-block-columns alignwide are-vertically-aligned-center is-layout-flex wp-container-core-columns-is-layout-9d6595d7 wp-block-columns-is-layout-flex\">\n<div class=\"wp-block-column is-vertically-aligned-center is-layout-flow wp-block-column-is-layout-flow\" style=\"flex-basis:100%\">\n<p>La nueva harina de arroz lista para consumir de Riviana te ayuda a crear productos clean label, ricos en prote\u00ednas y sin gluten, que responden a las demandas de tus consumidores. Para m\u00e1s informaci\u00f3n, visita nuestra web de <strong><a href=\"https:\/\/rivianaindustrial.com\/es\/ready-to-eat-flour\/\">Ventas Industriales de Riviana<\/a>.<\/strong><\/p>\n<\/div>\n\n\n\n<div class=\"wp-block-column is-vertically-aligned-center is-layout-flow wp-block-column-is-layout-flow\" style=\"flex-basis:100%\">\n<div class=\"wp-block-buttons is-horizontal is-content-justification-right is-layout-flex wp-container-core-buttons-is-layout-ae2fe186 wp-block-buttons-is-layout-flex\">\n<div class=\"wp-block-button\"><a class=\"wp-block-button__link wp-element-button\" href=\"https:\/\/rivianaindustrial.com\/es\/ready-to-eat-flour\/\" target=\"_blank\" rel=\"noreferrer noopener\">Descubrir<\/a><\/div>\n<\/div>\n<\/div>\n<\/div>\n<\/div><\/div>\n\n\n\n<div class=\"wp-block-cover alignfull is-light bg-news\" style=\"padding-top:5vh;padding-right:0vh;padding-bottom:20vh;padding-left:0vh\"><span aria-hidden=\"true\" class=\"wp-block-cover__background has-grayfa-background-color has-background-dim-0 has-background-dim\"><\/span><img loading=\"lazy\" decoding=\"async\" width=\"633\" height=\"372\" class=\"wp-block-cover__image-background wp-image-557\" alt=\"different bowls of rice\" src=\"https:\/\/riviana.com\/wp-content\/uploads\/2021\/11\/iStock-1193713529-arroz-5-e1663670918884.png\" data-object-fit=\"cover\" srcset=\"https:\/\/riviana.com\/wp-content\/uploads\/2021\/11\/iStock-1193713529-arroz-5-e1663670918884.png 633w, https:\/\/riviana.com\/wp-content\/uploads\/2021\/11\/iStock-1193713529-arroz-5-e1663670918884-300x176.png 300w\" sizes=\"auto, (max-width: 633px) 100vw, 633px\" \/><div class=\"wp-block-cover__inner-container is-layout-flow wp-block-cover-is-layout-flow\">\n<div class=\"wp-block-columns alignwide are-vertically-aligned-center is-layout-flex wp-container-core-columns-is-layout-9d6595d7 wp-block-columns-is-layout-flex\">\n<div class=\"wp-block-column is-vertically-aligned-center is-layout-flow wp-block-column-is-layout-flow\">\n<h2 class=\"wp-block-heading has-primary-color has-text-color\">\u00daltimas noticias<\/h2>\n\n\n\n<hr class=\"wp-block-separator has-text-color has-red-color has-alpha-channel-opacity has-red-background-color has-background\"\/>\n<\/div>\n\n\n\n<div class=\"wp-block-column is-vertically-aligned-center is-layout-flow wp-block-column-is-layout-flow\">\n<div class=\"wp-block-buttons is-horizontal is-content-justification-right is-layout-flex wp-container-core-buttons-is-layout-ae2fe186 wp-block-buttons-is-layout-flex\">\n<div class=\"wp-block-button\"><a class=\"wp-block-button__link wp-element-button\" href=\"https:\/\/riviana.com\/es\/amamos-el-arroz\/\">Ver todo<\/a><\/div>\n<\/div>\n<\/div>\n<\/div>\n\n\n\n<div class=\"wp-block-query alignwide is-layout-flow wp-block-query-is-layout-flow\"><ul class=\"is-flex-container columns-3 alignwide info-card wp-block-post-template is-layout-flow wp-block-post-template-is-layout-flow\"><li class=\"wp-block-post post-26478 post type-post status-publish format-standard has-post-thumbnail hentry category-amamos-el-arroz category-notas-de-prensa tag-noticias entry\">\n<figure class=\"alignwide wp-block-post-featured-image\"><a href=\"https:\/\/riviana.com\/es\/notas-de-prensa\/minute-rice-cups-recibe-el-prestigioso-premio-producto-del-ano-usa\/\" target=\"_self\"  ><img loading=\"lazy\" decoding=\"async\" width=\"300\" height=\"236\" src=\"https:\/\/riviana.com\/wp-content\/uploads\/2025\/02\/Riviana_Foods_Inc_2025_Product_of_the_Year_USA_Awards-300x236.jpg\" class=\"attachment-latest-news-thumb size-latest-news-thumb wp-post-image\" alt=\"Minute\u00ae Rice Cups recibe el prestigioso premio Producto del A\u00f1o USA\" style=\"width:100%;height:177.67%;max-width:300px;object-fit:contain;\" \/><\/a><\/figure>\n\n\n<div class=\"wp-block-group\"><div class=\"wp-block-group__inner-container is-layout-flow wp-block-group-is-layout-flow\"><h4 class=\"wp-block-post-title has-text-color has-dazzled-blue-color\"><a href=\"https:\/\/riviana.com\/es\/notas-de-prensa\/minute-rice-cups-recibe-el-prestigioso-premio-producto-del-ano-usa\/\" target=\"_self\" >Minute\u00ae Rice Cups recibe el prestigioso premio Producto del A\u00f1o USA<\/a><\/h4>\n\n<div class=\"taxonomy-post_tag tags-links wp-block-post-terms has-text-color has-red-color\"><a href=\"https:\/\/riviana.com\/es\/tag\/noticias\/\" rel=\"tag\">Noticias<\/a><\/div>\n\n<div class=\"wp-block-post-excerpt has-text-color has-gray-3-color\"><p class=\"wp-block-post-excerpt__excerpt\">El sello de Producto del A\u00f1o es un s\u00edmbolo de calidad e innovaci\u00f3n y es otorgado a aquellos productos referentes en sus respectivos sectores.<\/p><p class=\"wp-block-post-excerpt__more-text\"><a class=\"wp-block-post-excerpt__more-link\" href=\"https:\/\/riviana.com\/es\/notas-de-prensa\/minute-rice-cups-recibe-el-prestigioso-premio-producto-del-ano-usa\/\">CONTINUAR LEYENDO<\/a><\/p><\/div><\/div><\/div>\n\n<\/li><li class=\"wp-block-post post-26471 post type-post status-publish format-standard has-post-thumbnail hentry category-amamos-el-arroz category-notas-de-prensa tag-compromiso-con-la-comunidad entry\">\n<figure class=\"alignwide wp-block-post-featured-image\"><a href=\"https:\/\/riviana.com\/es\/amamos-el-arroz\/el-programa-jars-of-hope-de-riceselect-ayuda-a-combatir-la-inseguridad-alimentaria-en-california\/\" target=\"_self\"  ><img loading=\"lazy\" decoding=\"async\" width=\"366\" height=\"236\" src=\"https:\/\/riviana.com\/wp-content\/uploads\/2025\/02\/Riviana_Rice_Donation_Jars_of_Hope-366x236.jpg\" class=\"attachment-latest-news-thumb size-latest-news-thumb wp-post-image\" alt=\"El programa \u00abJars of Hope\u00bb de RiceSelect\u00ae ayuda a combatir la inseguridad alimentaria en California\" style=\"width:100%;height:133.33%;max-width:600px;object-fit:contain;\" \/><\/a><\/figure>\n\n\n<div class=\"wp-block-group\"><div class=\"wp-block-group__inner-container is-layout-flow wp-block-group-is-layout-flow\"><h4 class=\"wp-block-post-title has-text-color has-dazzled-blue-color\"><a href=\"https:\/\/riviana.com\/es\/amamos-el-arroz\/el-programa-jars-of-hope-de-riceselect-ayuda-a-combatir-la-inseguridad-alimentaria-en-california\/\" target=\"_self\" >El programa \u00abJars of Hope\u00bb de RiceSelect\u00ae ayuda a combatir la inseguridad alimentaria en California<\/a><\/h4>\n\n<div class=\"taxonomy-post_tag tags-links wp-block-post-terms has-text-color has-red-color\"><a href=\"https:\/\/riviana.com\/es\/tag\/compromiso-con-la-comunidad\/\" rel=\"tag\">Compromiso con la Comunidad<\/a><\/div>\n\n<div class=\"wp-block-post-excerpt has-text-color has-gray-3-color\"><p class=\"wp-block-post-excerpt__excerpt\">Riviana Foods entreg\u00f3 un cheque de $25,000 a la Asociaci\u00f3n de Bancos de Alimentos de California y m\u00e1s de 15,000 libras de productos de arroz.<\/p><p class=\"wp-block-post-excerpt__more-text\"><a class=\"wp-block-post-excerpt__more-link\" href=\"https:\/\/riviana.com\/es\/amamos-el-arroz\/el-programa-jars-of-hope-de-riceselect-ayuda-a-combatir-la-inseguridad-alimentaria-en-california\/\">CONTINUAR LEYENDO<\/a><\/p><\/div><\/div><\/div>\n\n<\/li><li class=\"wp-block-post post-22720 post type-post status-publish format-standard has-post-thumbnail hentry category-amamos-el-arroz tag-compromiso-con-la-comunidad tag-noticias entry\">\n<figure class=\"alignwide wp-block-post-featured-image\"><a href=\"https:\/\/riviana.com\/es\/amamos-el-arroz\/riviana-foods-y-la-asociacion-de-bancos-de-alimentos-de-california-unen-fuerzas-para-combatir-el-hambre-a-traves-de-la-iniciativa-jars-of-hope\/\" target=\"_self\"  ><img loading=\"lazy\" decoding=\"async\" width=\"366\" height=\"236\" src=\"https:\/\/riviana.com\/wp-content\/uploads\/2024\/10\/jars-of-hope-366x236.png\" class=\"attachment-latest-news-thumb size-latest-news-thumb wp-post-image\" alt=\"Riviana Foods y la Asociaci\u00f3n de Bancos de Alimentos de California Unen Fuerzas para Combatir el Hambre a Trav\u00e9s de la Iniciativa \u201cJars of Hope\u201d\" style=\"width:100%;height:63.33%;max-width:938px;object-fit:contain;\" \/><\/a><\/figure>\n\n\n<div class=\"wp-block-group\"><div class=\"wp-block-group__inner-container is-layout-flow wp-block-group-is-layout-flow\"><h4 class=\"wp-block-post-title has-text-color has-dazzled-blue-color\"><a href=\"https:\/\/riviana.com\/es\/amamos-el-arroz\/riviana-foods-y-la-asociacion-de-bancos-de-alimentos-de-california-unen-fuerzas-para-combatir-el-hambre-a-traves-de-la-iniciativa-jars-of-hope\/\" target=\"_self\" >Riviana Foods y la Asociaci\u00f3n de Bancos de Alimentos de California Unen Fuerzas para Combatir el Hambre a Trav\u00e9s de la Iniciativa \u201cJars of Hope\u201d<\/a><\/h4>\n\n<div class=\"taxonomy-post_tag tags-links wp-block-post-terms has-text-color has-red-color\"><a href=\"https:\/\/riviana.com\/es\/tag\/compromiso-con-la-comunidad\/\" rel=\"tag\">Compromiso con la Comunidad<\/a><span class=\"wp-block-post-terms__separator\">, <\/span><a href=\"https:\/\/riviana.com\/es\/tag\/noticias\/\" rel=\"tag\">Noticias<\/a><\/div>\n\n<div class=\"wp-block-post-excerpt has-text-color has-gray-3-color\"><p class=\"wp-block-post-excerpt__excerpt\">Los fondos recaudados a trav\u00e9s de la campa\u00f1a se destinar\u00e1n a apoyar el programa Farm to Family de la CAFB y su misi\u00f3n de erradicar el hambre.<\/p><p class=\"wp-block-post-excerpt__more-text\"><a class=\"wp-block-post-excerpt__more-link\" href=\"https:\/\/riviana.com\/es\/amamos-el-arroz\/riviana-foods-y-la-asociacion-de-bancos-de-alimentos-de-california-unen-fuerzas-para-combatir-el-hambre-a-traves-de-la-iniciativa-jars-of-hope\/\">CONTINUAR LEYENDO<\/a><\/p><\/div><\/div><\/div>\n\n<\/li><\/ul><\/div>\n<\/div><\/div>\n","protected":false},"excerpt":{"rendered":"<p>Rendimiento que se une a un prop\u00f3sito La harina de arroz lista para consumir de Riviana ha sido desarrollada espec\u00edficamente para cumplir con los m\u00e1s altos est\u00e1ndares de seguridad alimentaria y eficiencia en el procesamiento. Nuestra harina de arroz precocida ofrece distintos perfiles de viscosidad y est\u00e1 disponible en varios tama\u00f1os de part\u00edcula. Riviana ofrece&hellip; <a class=\"more-link\" href=\"https:\/\/riviana.com\/es\/business\/ready-to-eat-flour\/\">Seguir leyendo <span class=\"screen-reader-text\">Harina de Arroz Lista para Consumir<\/span><\/a><\/p>\n","protected":false},"author":101,"featured_media":0,"parent":32917,"menu_order":8,"comment_status":"closed","ping_status":"closed","template":"","meta":{"_acf_changed":false,"footnotes":""},"class_list":["post-32757","page","type-page","status-publish","hentry","entry"],"acf":[],"_links":{"self":[{"href":"https:\/\/riviana.com\/es\/wp-json\/wp\/v2\/pages\/32757","targetHints":{"allow":["GET"]}}],"collection":[{"href":"https:\/\/riviana.com\/es\/wp-json\/wp\/v2\/pages"}],"about":[{"href":"https:\/\/riviana.com\/es\/wp-json\/wp\/v2\/types\/page"}],"author":[{"embeddable":true,"href":"https:\/\/riviana.com\/es\/wp-json\/wp\/v2\/users\/101"}],"replies":[{"embeddable":true,"href":"https:\/\/riviana.com\/es\/wp-json\/wp\/v2\/comments?post=32757"}],"version-history":[{"count":1,"href":"https:\/\/riviana.com\/es\/wp-json\/wp\/v2\/pages\/32757\/revisions"}],"predecessor-version":[{"id":32760,"href":"https:\/\/riviana.com\/es\/wp-json\/wp\/v2\/pages\/32757\/revisions\/32760"}],"up":[{"embeddable":true,"href":"https:\/\/riviana.com\/es\/wp-json\/wp\/v2\/pages\/32917"}],"wp:attachment":[{"href":"https:\/\/riviana.com\/es\/wp-json\/wp\/v2\/media?parent=32757"}],"curies":[{"name":"wp","href":"https:\/\/api.w.org\/{rel}","templated":true}]}}