{"id":32738,"date":"2025-06-30T04:01:25","date_gmt":"2025-06-30T09:01:25","guid":{"rendered":"https:\/\/riviana.com\/comercio\/pulses\/"},"modified":"2025-07-21T13:07:11","modified_gmt":"2025-07-21T18:07:11","slug":"legumbres","status":"publish","type":"page","link":"https:\/\/riviana.com\/es\/business\/legumbres\/","title":{"rendered":"Pulses"},"content":{"rendered":"\n<div class=\"wp-block-cover alignfull is-light\"><img loading=\"lazy\" decoding=\"async\" width=\"1980\" height=\"761\" class=\"wp-block-cover__image-background wp-image-30211\" alt=\"\" src=\"https:\/\/riviana.com\/wp-content\/uploads\/2025\/05\/chickpeas-crakers-hero.jpg\" data-object-fit=\"cover\" srcset=\"https:\/\/riviana.com\/wp-content\/uploads\/2025\/05\/chickpeas-crakers-hero.jpg 1980w, https:\/\/riviana.com\/wp-content\/uploads\/2025\/05\/chickpeas-crakers-hero-300x115.jpg 300w, https:\/\/riviana.com\/wp-content\/uploads\/2025\/05\/chickpeas-crakers-hero-1024x394.jpg 1024w, https:\/\/riviana.com\/wp-content\/uploads\/2025\/05\/chickpeas-crakers-hero-768x295.jpg 768w, https:\/\/riviana.com\/wp-content\/uploads\/2025\/05\/chickpeas-crakers-hero-1536x590.jpg 1536w, https:\/\/riviana.com\/wp-content\/uploads\/2025\/05\/chickpeas-crakers-hero-1568x603.jpg 1568w\" sizes=\"auto, (max-width: 1980px) 100vw, 1980px\" \/><span aria-hidden=\"true\" class=\"wp-block-cover__background has-background-dim-100 has-background-dim wp-block-cover__gradient-background has-background-gradient\" style=\"background-color:#cdc6bb;background:linear-gradient(290deg,rgba(255,255,255,0) 30%,rgba(255,255,255,0.8) 71%)\"><\/span><div class=\"wp-block-cover__inner-container is-layout-flow wp-block-cover-is-layout-flow\">\n<div class=\"wp-block-columns alignwide are-vertically-aligned-center is-layout-flex wp-container-core-columns-is-layout-9d6595d7 wp-block-columns-is-layout-flex\">\n<div class=\"wp-block-column is-vertically-aligned-center is-layout-flow wp-block-column-is-layout-flow\">\n<p class=\"hero-subtitle has-usafa-blue-color has-text-color has-extra-small-font-size\"><strong><strong><strong>NEGOCIO<\/strong><\/strong><\/strong><\/p>\n\n\n\n<h1 class=\"wp-block-heading has-dazzled-blue-color has-text-color\">Soluciones Inteligentes a partir de los Mejores Ingredientes<\/h1>\n\n\n\n<p class=\"has-gray-1-color has-text-color\" style=\"font-size:19px\">Riviana presenta una nueva gama de ingredientes de legumbres ricos en nutrientes que aportan textura, valor nutricional y funcionalidad.<\/p>\n<\/div>\n\n\n\n<div class=\"wp-block-column is-vertically-aligned-center is-layout-flow wp-block-column-is-layout-flow\"><\/div>\n<\/div>\n<\/div><\/div>\n\n\n\n<div class=\"wp-block-group alignwide\" style=\"padding-top:0vw;padding-bottom:0vw\"><div class=\"wp-block-group__inner-container is-layout-flow wp-block-group-is-layout-flow\">\n<h2 class=\"wp-block-heading alignwide border-left\">Nuevos ingredientes. Mejor rendimiento. Soluciones inteligentes.<\/h2>\n\n\n\n<hr class=\"wp-block-separator has-text-color has-red-color has-alpha-channel-opacity has-red-background-color has-background\"\/>\n\n\n\n<p class=\"alignwide\">Nuestra pasi\u00f3n es ofrecer soluciones naturales a los desaf\u00edos actuales de la industria alimentaria, como sustituciones <em>clean label<\/em>, espesantes y texturizantes naturales, mejoras nutricionales, optimizaci\u00f3n de la vida \u00fatil, emulsionantes naturales o sustitutos del gluten.<\/p>\n<\/div><\/div>\n\n\n\n<div class=\"wp-block-group alignwide\"><div class=\"wp-block-group__inner-container is-layout-flow wp-block-group-is-layout-flow\">\n<div class=\"wp-block-columns alignwide is-layout-flex wp-container-core-columns-is-layout-9d6595d7 wp-block-columns-is-layout-flex\">\n<div class=\"wp-block-column is-layout-flow wp-block-column-is-layout-flow\">\n<figure class=\"wp-block-image size-full is-resized\"><img loading=\"lazy\" decoding=\"async\" width=\"574\" height=\"331\" src=\"https:\/\/riviana.com\/wp-content\/uploads\/2025\/05\/pea-protein-for-egg-replacement.jpg\" alt=\"\" class=\"wp-image-30204\" style=\"width:400px\" srcset=\"https:\/\/riviana.com\/wp-content\/uploads\/2025\/05\/pea-protein-for-egg-replacement.jpg 574w, https:\/\/riviana.com\/wp-content\/uploads\/2025\/05\/pea-protein-for-egg-replacement-300x173.jpg 300w\" sizes=\"auto, (max-width: 574px) 100vw, 574px\" \/><\/figure>\n<\/div>\n\n\n\n<div class=\"wp-block-column is-layout-flow wp-block-column-is-layout-flow\">\n<p>En <strong>Riviana Foods<\/strong>, s\u00f3lo fabricamos ingredientes naturales en l\u00ednea con los principios del <em>clean label<\/em>. No utilizamos productos modificados qu\u00edmicamente ni sint\u00e9ticos. No se a\u00f1aden conservantes ni aditivos durante el proceso de producci\u00f3n.<\/p>\n\n\n\n<p>En los \u00faltimos a\u00f1os, ha surgido una clara tendencia hacia los alimentos de origen vegetal en EE.\u202fUU., junto con un creciente inter\u00e9s por alternativas a las prote\u00ednas animales. Inspirados por las tendencias m\u00e1s actuales del sector, nuestros equipos de desarrollo de aplicaciones crean productos sabrosos, saludables y naturales.<\/p>\n\n\n\n<p>Contamos con dos centros de I+D dotados de plantas piloto completamente equipadas, donde desarrollamos los ingredientes m\u00e1s innovadores del mercado.<\/p>\n<\/div>\n<\/div>\n<\/div><\/div>\n\n\n\n<div class=\"wp-block-group alignwide\" style=\"padding-top:5vw\"><div class=\"wp-block-group__inner-container is-layout-constrained wp-block-group-is-layout-constrained\">\n<h2 class=\"wp-block-heading has-text-align-center has-huge-font-size\">Soluciones innovadoras con la mejor tecnolog\u00eda de vanguardia<\/h2>\n\n\n\n<p class=\"has-text-align-center\"><\/p>\n\n\n\n<div class=\"wp-block-columns alignwide is-style-default is-layout-flex wp-container-core-columns-is-layout-53642b31 wp-block-columns-is-layout-flex\" style=\"padding-top:0;padding-right:0;padding-bottom:0;padding-left:0\">\n<div class=\"wp-block-column is-layout-flow wp-block-column-is-layout-flow\">\n<figure class=\"wp-block-image size-full\"><img loading=\"lazy\" decoding=\"async\" width=\"1620\" height=\"1080\" src=\"https:\/\/riviana.com\/wp-content\/uploads\/2025\/05\/scrambled-eggs-on-toast-min.jpg\" alt=\"\" class=\"wp-image-30217\" style=\"aspect-ratio:4\/3;object-fit:cover\" srcset=\"https:\/\/riviana.com\/wp-content\/uploads\/2025\/05\/scrambled-eggs-on-toast-min.jpg 1620w, https:\/\/riviana.com\/wp-content\/uploads\/2025\/05\/scrambled-eggs-on-toast-min-300x200.jpg 300w, https:\/\/riviana.com\/wp-content\/uploads\/2025\/05\/scrambled-eggs-on-toast-min-1024x683.jpg 1024w, https:\/\/riviana.com\/wp-content\/uploads\/2025\/05\/scrambled-eggs-on-toast-min-768x512.jpg 768w, https:\/\/riviana.com\/wp-content\/uploads\/2025\/05\/scrambled-eggs-on-toast-min-1536x1024.jpg 1536w, https:\/\/riviana.com\/wp-content\/uploads\/2025\/05\/scrambled-eggs-on-toast-min-1568x1045.jpg 1568w\" sizes=\"auto, (max-width: 1620px) 100vw, 1620px\" \/><\/figure>\n\n\n\n<h3 class=\"wp-block-heading has-text-align-center\">Soluciones con Prote\u00edna de Guisante<\/h3>\n\n\n\n<ul class=\"wp-block-list\">\n<li><em><strong>PisumPRO<\/strong>:<\/em> concentrado de prote\u00edna de guisante amarillo, fraccionado en seco, con un 55\u202f% de prote\u00edna. Fuente sostenible, sin gluten y apta para aplicaciones alimentarias libres de al\u00e9rgenos.<\/li>\n\n\n\n<li><em><strong>PisumTEX<\/strong>:<\/em> prote\u00edna de guisante texturizada a partir de PisumPRO, dise\u00f1ada para hamburguesas veganas, picados vegetales, salchichas, etc.<\/li>\n\n\n\n<li><em><strong>PisumMYL<\/strong>: <\/em>concentrado de almid\u00f3n de guisante amarillo sin gluten, con excelente capacidad de gelificaci\u00f3n. A diferencia del arroz, sus gr\u00e1nulos de almid\u00f3n son m\u00e1s grandes y absorben m\u00e1s agua.<\/li>\n\n\n\n<li><em><strong>PisumNAT<\/strong>: <\/em>harina de guisante 100\u202f% sin gluten, ideal para productos sin al\u00e9rgenos.<\/li>\n\n\n\n<li><em><strong>PisumGEL<\/strong>:<\/em> soluci\u00f3n gelificante sin gluten dise\u00f1ada para aplicaciones <em>clean label<\/em>.<\/li>\n<\/ul>\n<\/div>\n\n\n\n<div class=\"wp-block-column is-layout-flow wp-block-column-is-layout-flow\">\n<figure class=\"wp-block-image size-full\"><img loading=\"lazy\" decoding=\"async\" width=\"1631\" height=\"1080\" src=\"https:\/\/riviana.com\/wp-content\/uploads\/2025\/05\/veggie-burger-min.jpg\" alt=\"\" class=\"wp-image-30219\" style=\"aspect-ratio:4\/3;object-fit:cover\" srcset=\"https:\/\/riviana.com\/wp-content\/uploads\/2025\/05\/veggie-burger-min.jpg 1631w, https:\/\/riviana.com\/wp-content\/uploads\/2025\/05\/veggie-burger-min-300x199.jpg 300w, https:\/\/riviana.com\/wp-content\/uploads\/2025\/05\/veggie-burger-min-1024x678.jpg 1024w, https:\/\/riviana.com\/wp-content\/uploads\/2025\/05\/veggie-burger-min-768x509.jpg 768w, https:\/\/riviana.com\/wp-content\/uploads\/2025\/05\/veggie-burger-min-1536x1017.jpg 1536w, https:\/\/riviana.com\/wp-content\/uploads\/2025\/05\/veggie-burger-min-1568x1038.jpg 1568w\" sizes=\"auto, (max-width: 1631px) 100vw, 1631px\" \/><\/figure>\n\n\n\n<h3 class=\"wp-block-heading has-text-align-center\">Soluciones con Prote\u00edna de Haba (Fava Bean)<\/h3>\n\n\n\n<ul class=\"wp-block-list\">\n<li><em><strong>ViciaPRO<\/strong>: <\/em>concentrado de prote\u00edna de haba fraccionado en seco, con hasta un 75\u202f% de prote\u00edna. Fuente sostenible, sin gluten y perfecta para aplicaciones libres de al\u00e9rgenos.<\/li>\n\n\n\n<li><em><strong>ViciaTEX<\/strong>: <\/em>prote\u00edna texturizada a partir de ViciaPRO, ideal para elaboraciones vegetales como hamburguesas, picados y embutidos. Excelente sabor y textura.<\/li>\n\n\n\n<li><em><strong>ViciaMYL<\/strong>: <\/em>concentrado de almid\u00f3n de haba sin gluten con gran capacidad de gelificaci\u00f3n. Aplicaciones: snacks laminados y extruidos, sustitutos de patata o ma\u00edz, pasta sin gluten.<\/li>\n\n\n\n<li><em><strong>ViciaNAT<\/strong>: <\/em>harina de haba sin gluten, ideal para aplicaciones libres de al\u00e9rgenos.<\/li>\n\n\n\n<li><em><strong>ViciaGEL<\/strong>:<\/em> soluci\u00f3n gelificante sin gluten, dise\u00f1ada para mantener la limpieza del etiquetado.<\/li>\n<\/ul>\n<\/div>\n<\/div>\n\n\n\n<div class=\"wp-block-columns alignwide is-style-default is-layout-flex wp-container-core-columns-is-layout-53642b31 wp-block-columns-is-layout-flex\" style=\"padding-top:0;padding-right:0;padding-bottom:0;padding-left:0\">\n<div class=\"wp-block-column is-layout-flow wp-block-column-is-layout-flow\">\n<figure class=\"wp-block-image size-full\"><img loading=\"lazy\" decoding=\"async\" width=\"1620\" height=\"1080\" src=\"https:\/\/riviana.com\/wp-content\/uploads\/2025\/05\/chickpeas-crakers-min.jpg\" alt=\"\" class=\"wp-image-30221\" style=\"aspect-ratio:4\/3;object-fit:cover\" srcset=\"https:\/\/riviana.com\/wp-content\/uploads\/2025\/05\/chickpeas-crakers-min.jpg 1620w, https:\/\/riviana.com\/wp-content\/uploads\/2025\/05\/chickpeas-crakers-min-300x200.jpg 300w, https:\/\/riviana.com\/wp-content\/uploads\/2025\/05\/chickpeas-crakers-min-1024x683.jpg 1024w, https:\/\/riviana.com\/wp-content\/uploads\/2025\/05\/chickpeas-crakers-min-768x512.jpg 768w, https:\/\/riviana.com\/wp-content\/uploads\/2025\/05\/chickpeas-crakers-min-1536x1024.jpg 1536w, https:\/\/riviana.com\/wp-content\/uploads\/2025\/05\/chickpeas-crakers-min-1568x1045.jpg 1568w\" sizes=\"auto, (max-width: 1620px) 100vw, 1620px\" \/><\/figure>\n\n\n\n<h3 class=\"wp-block-heading has-text-align-center\">Soluciones con Prote\u00edna de Garbanzo<\/h3>\n\n\n\n<ul class=\"wp-block-list\">\n<li><em><strong>CicerPEARL<\/strong>:<\/em> pellets en forma de perla elaborados con harina de garbanzo, desarrollados para aplicaciones infladas. Ideales para tortitas o snacks de garbanzo inflado.<\/li>\n\n\n\n<li><em><strong>CicerNAT<\/strong>:<\/em> harina de garbanzo sin gluten, ideal para productos sin al\u00e9rgenos.<\/li>\n\n\n\n<li><em><strong>CicerPRO<\/strong>: <\/em>prote\u00edna texturizada de garbanzo, creada para productos vegetales como hamburguesas, picados o salchichas.<\/li>\n\n\n\n<li><em><strong>CicerMYL<\/strong>:<\/em> concentrado de almid\u00f3n de garbanzo sin gluten con gran capacidad de gelificaci\u00f3n.<\/li>\n\n\n\n<li><em><strong>CicerTEX \/ CicerGEL<\/strong>:<\/em> soluciones sin gluten dise\u00f1adas para aplicaciones <em>clean label<\/em>.<\/li>\n<\/ul>\n<\/div>\n\n\n\n<div class=\"wp-block-column is-layout-flow wp-block-column-is-layout-flow\">\n<figure class=\"wp-block-image size-full\"><img loading=\"lazy\" decoding=\"async\" width=\"1620\" height=\"1080\" src=\"https:\/\/riviana.com\/wp-content\/uploads\/2025\/05\/LentilPEARL-054-min.jpg\" alt=\"\" class=\"wp-image-30223\" style=\"aspect-ratio:4\/3;object-fit:cover\" srcset=\"https:\/\/riviana.com\/wp-content\/uploads\/2025\/05\/LentilPEARL-054-min.jpg 1620w, https:\/\/riviana.com\/wp-content\/uploads\/2025\/05\/LentilPEARL-054-min-300x200.jpg 300w, https:\/\/riviana.com\/wp-content\/uploads\/2025\/05\/LentilPEARL-054-min-1024x683.jpg 1024w, https:\/\/riviana.com\/wp-content\/uploads\/2025\/05\/LentilPEARL-054-min-768x512.jpg 768w, https:\/\/riviana.com\/wp-content\/uploads\/2025\/05\/LentilPEARL-054-min-1536x1024.jpg 1536w, https:\/\/riviana.com\/wp-content\/uploads\/2025\/05\/LentilPEARL-054-min-1568x1045.jpg 1568w\" sizes=\"auto, (max-width: 1620px) 100vw, 1620px\" \/><\/figure>\n\n\n\n<h3 class=\"wp-block-heading has-text-align-center\">Soluciones con Prote\u00edna de Lenteja<\/h3>\n\n\n\n<ul class=\"wp-block-list\">\n<li><em><strong>LensPEARL<\/strong>:<\/em> pellets en forma de perla elaborados con harina de lenteja roja 100\u202f%. Desarrollados para aplicaciones infladas, como tortitas o snacks de lenteja.<\/li>\n\n\n\n<li><em><strong>LensTEX<\/strong>: <\/em>prote\u00edna texturizada de lenteja, dise\u00f1ada para elaboraciones vegetales como hamburguesas, picados y salchichas. Excelente textura y sabor.<\/li>\n\n\n\n<li><em><strong>LensGEL<\/strong>:<\/em> soluci\u00f3n gelificante sin gluten dise\u00f1ada para cumplir los est\u00e1ndares <em>clean label<\/em>.<\/li>\n\n\n\n<li><em><strong>LensNAT<\/strong>:<\/em> harina de lenteja sin gluten, ideal para aplicaciones sin al\u00e9rgenos.<\/li>\n<\/ul>\n<\/div>\n<\/div>\n<\/div><\/div>\n\n\n\n<div class=\"wp-block-cover alignwide is-light\" style=\"min-height:200px;aspect-ratio:unset;\"><img loading=\"lazy\" decoding=\"async\" width=\"1024\" height=\"364\" class=\"wp-block-cover__image-background wp-image-31956 size-large\" alt=\"\" src=\"https:\/\/riviana.com\/wp-content\/uploads\/2025\/06\/pulse-banner-web-1-1024x364.jpg\" data-object-fit=\"cover\" srcset=\"https:\/\/riviana.com\/wp-content\/uploads\/2025\/06\/pulse-banner-web-1-1024x364.jpg 1024w, https:\/\/riviana.com\/wp-content\/uploads\/2025\/06\/pulse-banner-web-1-300x107.jpg 300w, https:\/\/riviana.com\/wp-content\/uploads\/2025\/06\/pulse-banner-web-1-768x273.jpg 768w, https:\/\/riviana.com\/wp-content\/uploads\/2025\/06\/pulse-banner-web-1-1536x545.jpg 1536w, https:\/\/riviana.com\/wp-content\/uploads\/2025\/06\/pulse-banner-web-1-1568x557.jpg 1568w, https:\/\/riviana.com\/wp-content\/uploads\/2025\/06\/pulse-banner-web-1.jpg 2000w\" sizes=\"auto, (max-width: 1024px) 100vw, 1024px\" \/><span aria-hidden=\"true\" class=\"wp-block-cover__background has-background-dim-60 has-background-dim wp-block-cover__gradient-background has-background-gradient\" style=\"background-color:#cdc6bb;background:linear-gradient(0deg,rgb(0,0,0) 0%,rgba(0,0,0,0) 100%)\"><\/span><div class=\"wp-block-cover__inner-container is-layout-flow wp-block-cover-is-layout-flow\">\n<div class=\"wp-block-columns alignwide are-vertically-aligned-center is-layout-flex wp-container-core-columns-is-layout-9d6595d7 wp-block-columns-is-layout-flex\">\n<div class=\"wp-block-column is-vertically-aligned-center is-layout-flow wp-block-column-is-layout-flow\" style=\"flex-basis:100%\">\n<p>Riviana presenta ingredientes de legumbres ricos en nutrientes que aportan textura, valor nutricional y funcionalidad. Para m\u00e1s informaci\u00f3n, visita nuestra web de <strong><a href=\"https:\/\/rivianaindustrial.com\/es\/pulses\/\">Ventas Industriales de Riviana<\/a>.<\/strong><\/p>\n<\/div>\n\n\n\n<div class=\"wp-block-column is-vertically-aligned-center is-layout-flow wp-block-column-is-layout-flow\" style=\"flex-basis:100%\">\n<div class=\"wp-block-buttons is-horizontal is-content-justification-right is-layout-flex wp-container-core-buttons-is-layout-ae2fe186 wp-block-buttons-is-layout-flex\">\n<div class=\"wp-block-button\"><a class=\"wp-block-button__link wp-element-button\" href=\"https:\/\/rivianaindustrial.com\/es\/pulses\/\" target=\"_blank\" rel=\"noreferrer noopener\">Descubrir<\/a><\/div>\n<\/div>\n<\/div>\n<\/div>\n<\/div><\/div>\n\n\n\n<div class=\"wp-block-cover alignfull is-light bg-news\" style=\"padding-top:5vh;padding-right:0vh;padding-bottom:20vh;padding-left:0vh\"><span aria-hidden=\"true\" class=\"wp-block-cover__background has-grayfa-background-color has-background-dim-0 has-background-dim\"><\/span><img loading=\"lazy\" decoding=\"async\" width=\"633\" height=\"372\" class=\"wp-block-cover__image-background wp-image-557\" alt=\"different bowls of rice\" src=\"https:\/\/riviana.com\/wp-content\/uploads\/2021\/11\/iStock-1193713529-arroz-5-e1663670918884.png\" data-object-fit=\"cover\" srcset=\"https:\/\/riviana.com\/wp-content\/uploads\/2021\/11\/iStock-1193713529-arroz-5-e1663670918884.png 633w, https:\/\/riviana.com\/wp-content\/uploads\/2021\/11\/iStock-1193713529-arroz-5-e1663670918884-300x176.png 300w\" sizes=\"auto, (max-width: 633px) 100vw, 633px\" \/><div class=\"wp-block-cover__inner-container is-layout-flow wp-block-cover-is-layout-flow\">\n<div class=\"wp-block-columns alignwide are-vertically-aligned-center is-layout-flex wp-container-core-columns-is-layout-9d6595d7 wp-block-columns-is-layout-flex\">\n<div class=\"wp-block-column is-vertically-aligned-center is-layout-flow wp-block-column-is-layout-flow\">\n<h2 class=\"wp-block-heading has-primary-color has-text-color\">\u00daltimas noticias<\/h2>\n\n\n\n<hr class=\"wp-block-separator has-text-color has-red-color has-alpha-channel-opacity has-red-background-color has-background\"\/>\n<\/div>\n\n\n\n<div class=\"wp-block-column is-vertically-aligned-center is-layout-flow wp-block-column-is-layout-flow\">\n<div class=\"wp-block-buttons is-horizontal is-content-justification-right is-layout-flex wp-container-core-buttons-is-layout-ae2fe186 wp-block-buttons-is-layout-flex\">\n<div class=\"wp-block-button\"><a class=\"wp-block-button__link wp-element-button\" href=\"https:\/\/riviana.com\/es\/amamos-el-arroz\/\">Ver todo<\/a><\/div>\n<\/div>\n<\/div>\n<\/div>\n\n\n\n<div class=\"wp-block-query alignwide is-layout-flow wp-block-query-is-layout-flow\"><ul class=\"is-flex-container columns-3 alignwide info-card wp-block-post-template is-layout-flow wp-block-post-template-is-layout-flow\"><li class=\"wp-block-post post-26478 post type-post status-publish format-standard has-post-thumbnail hentry category-amamos-el-arroz category-notas-de-prensa tag-noticias entry\">\n<figure class=\"alignwide wp-block-post-featured-image\"><a href=\"https:\/\/riviana.com\/es\/notas-de-prensa\/minute-rice-cups-recibe-el-prestigioso-premio-producto-del-ano-usa\/\" target=\"_self\"  ><img loading=\"lazy\" decoding=\"async\" width=\"300\" height=\"236\" src=\"https:\/\/riviana.com\/wp-content\/uploads\/2025\/02\/Riviana_Foods_Inc_2025_Product_of_the_Year_USA_Awards-300x236.jpg\" class=\"attachment-latest-news-thumb size-latest-news-thumb wp-post-image\" alt=\"Minute\u00ae Rice Cups recibe el prestigioso premio Producto del A\u00f1o USA\" style=\"width:100%;height:177.67%;max-width:300px;object-fit:contain;\" \/><\/a><\/figure>\n\n\n<div class=\"wp-block-group\"><div class=\"wp-block-group__inner-container is-layout-flow wp-block-group-is-layout-flow\"><h4 class=\"wp-block-post-title has-text-color has-dazzled-blue-color\"><a href=\"https:\/\/riviana.com\/es\/notas-de-prensa\/minute-rice-cups-recibe-el-prestigioso-premio-producto-del-ano-usa\/\" target=\"_self\" >Minute\u00ae Rice Cups recibe el prestigioso premio Producto del A\u00f1o USA<\/a><\/h4>\n\n<div class=\"taxonomy-post_tag tags-links wp-block-post-terms has-text-color has-red-color\"><a href=\"https:\/\/riviana.com\/es\/tag\/noticias\/\" rel=\"tag\">Noticias<\/a><\/div>\n\n<div class=\"wp-block-post-excerpt has-text-color has-gray-3-color\"><p class=\"wp-block-post-excerpt__excerpt\">El sello de Producto del A\u00f1o es un s\u00edmbolo de calidad e innovaci\u00f3n y es otorgado a aquellos productos referentes en sus respectivos sectores.<\/p><p class=\"wp-block-post-excerpt__more-text\"><a class=\"wp-block-post-excerpt__more-link\" href=\"https:\/\/riviana.com\/es\/notas-de-prensa\/minute-rice-cups-recibe-el-prestigioso-premio-producto-del-ano-usa\/\">CONTINUAR LEYENDO<\/a><\/p><\/div><\/div><\/div>\n\n<\/li><li class=\"wp-block-post post-26471 post type-post status-publish format-standard has-post-thumbnail hentry category-amamos-el-arroz category-notas-de-prensa tag-compromiso-con-la-comunidad entry\">\n<figure class=\"alignwide wp-block-post-featured-image\"><a href=\"https:\/\/riviana.com\/es\/amamos-el-arroz\/el-programa-jars-of-hope-de-riceselect-ayuda-a-combatir-la-inseguridad-alimentaria-en-california\/\" target=\"_self\"  ><img loading=\"lazy\" decoding=\"async\" width=\"366\" height=\"236\" src=\"https:\/\/riviana.com\/wp-content\/uploads\/2025\/02\/Riviana_Rice_Donation_Jars_of_Hope-366x236.jpg\" class=\"attachment-latest-news-thumb size-latest-news-thumb wp-post-image\" alt=\"El programa \u00abJars of Hope\u00bb de RiceSelect\u00ae ayuda a combatir la inseguridad alimentaria en California\" style=\"width:100%;height:133.33%;max-width:600px;object-fit:contain;\" \/><\/a><\/figure>\n\n\n<div class=\"wp-block-group\"><div class=\"wp-block-group__inner-container is-layout-flow wp-block-group-is-layout-flow\"><h4 class=\"wp-block-post-title has-text-color has-dazzled-blue-color\"><a href=\"https:\/\/riviana.com\/es\/amamos-el-arroz\/el-programa-jars-of-hope-de-riceselect-ayuda-a-combatir-la-inseguridad-alimentaria-en-california\/\" target=\"_self\" >El programa \u00abJars of Hope\u00bb de RiceSelect\u00ae ayuda a combatir la inseguridad alimentaria en California<\/a><\/h4>\n\n<div class=\"taxonomy-post_tag tags-links wp-block-post-terms has-text-color has-red-color\"><a href=\"https:\/\/riviana.com\/es\/tag\/compromiso-con-la-comunidad\/\" rel=\"tag\">Compromiso con la Comunidad<\/a><\/div>\n\n<div class=\"wp-block-post-excerpt has-text-color has-gray-3-color\"><p class=\"wp-block-post-excerpt__excerpt\">Riviana Foods entreg\u00f3 un cheque de $25,000 a la Asociaci\u00f3n de Bancos de Alimentos de California y m\u00e1s de 15,000 libras de productos de arroz.<\/p><p class=\"wp-block-post-excerpt__more-text\"><a class=\"wp-block-post-excerpt__more-link\" href=\"https:\/\/riviana.com\/es\/amamos-el-arroz\/el-programa-jars-of-hope-de-riceselect-ayuda-a-combatir-la-inseguridad-alimentaria-en-california\/\">CONTINUAR LEYENDO<\/a><\/p><\/div><\/div><\/div>\n\n<\/li><li class=\"wp-block-post post-22720 post type-post status-publish format-standard has-post-thumbnail hentry category-amamos-el-arroz tag-compromiso-con-la-comunidad tag-noticias entry\">\n<figure class=\"alignwide wp-block-post-featured-image\"><a href=\"https:\/\/riviana.com\/es\/amamos-el-arroz\/riviana-foods-y-la-asociacion-de-bancos-de-alimentos-de-california-unen-fuerzas-para-combatir-el-hambre-a-traves-de-la-iniciativa-jars-of-hope\/\" target=\"_self\"  ><img loading=\"lazy\" decoding=\"async\" width=\"366\" height=\"236\" src=\"https:\/\/riviana.com\/wp-content\/uploads\/2024\/10\/jars-of-hope-366x236.png\" class=\"attachment-latest-news-thumb size-latest-news-thumb wp-post-image\" alt=\"Riviana Foods y la Asociaci\u00f3n de Bancos de Alimentos de California Unen Fuerzas para Combatir el Hambre a Trav\u00e9s de la Iniciativa \u201cJars of Hope\u201d\" style=\"width:100%;height:63.33%;max-width:938px;object-fit:contain;\" \/><\/a><\/figure>\n\n\n<div class=\"wp-block-group\"><div class=\"wp-block-group__inner-container is-layout-flow wp-block-group-is-layout-flow\"><h4 class=\"wp-block-post-title has-text-color has-dazzled-blue-color\"><a href=\"https:\/\/riviana.com\/es\/amamos-el-arroz\/riviana-foods-y-la-asociacion-de-bancos-de-alimentos-de-california-unen-fuerzas-para-combatir-el-hambre-a-traves-de-la-iniciativa-jars-of-hope\/\" target=\"_self\" >Riviana Foods y la Asociaci\u00f3n de Bancos de Alimentos de California Unen Fuerzas para Combatir el Hambre a Trav\u00e9s de la Iniciativa \u201cJars of Hope\u201d<\/a><\/h4>\n\n<div class=\"taxonomy-post_tag tags-links wp-block-post-terms has-text-color has-red-color\"><a href=\"https:\/\/riviana.com\/es\/tag\/compromiso-con-la-comunidad\/\" rel=\"tag\">Compromiso con la Comunidad<\/a><span class=\"wp-block-post-terms__separator\">, <\/span><a href=\"https:\/\/riviana.com\/es\/tag\/noticias\/\" rel=\"tag\">Noticias<\/a><\/div>\n\n<div class=\"wp-block-post-excerpt has-text-color has-gray-3-color\"><p class=\"wp-block-post-excerpt__excerpt\">Los fondos recaudados a trav\u00e9s de la campa\u00f1a se destinar\u00e1n a apoyar el programa Farm to Family de la CAFB y su misi\u00f3n de erradicar el hambre.<\/p><p class=\"wp-block-post-excerpt__more-text\"><a class=\"wp-block-post-excerpt__more-link\" href=\"https:\/\/riviana.com\/es\/amamos-el-arroz\/riviana-foods-y-la-asociacion-de-bancos-de-alimentos-de-california-unen-fuerzas-para-combatir-el-hambre-a-traves-de-la-iniciativa-jars-of-hope\/\">CONTINUAR LEYENDO<\/a><\/p><\/div><\/div><\/div>\n\n<\/li><\/ul><\/div>\n<\/div><\/div>\n","protected":false},"excerpt":{"rendered":"<p>Nuevos ingredientes. Mejor rendimiento. Soluciones inteligentes. Nuestra pasi\u00f3n es ofrecer soluciones naturales a los desaf\u00edos actuales de la industria alimentaria, como sustituciones clean label, espesantes y texturizantes naturales, mejoras nutricionales, optimizaci\u00f3n de la vida \u00fatil, emulsionantes naturales o sustitutos del gluten. En Riviana Foods, s\u00f3lo fabricamos ingredientes naturales en l\u00ednea con los principios del clean&hellip; <a class=\"more-link\" href=\"https:\/\/riviana.com\/es\/business\/legumbres\/\">Seguir leyendo <span class=\"screen-reader-text\">Pulses<\/span><\/a><\/p>\n","protected":false},"author":101,"featured_media":0,"parent":32917,"menu_order":6,"comment_status":"closed","ping_status":"closed","template":"","meta":{"_acf_changed":false,"footnotes":""},"class_list":["post-32738","page","type-page","status-publish","hentry","entry"],"acf":[],"_links":{"self":[{"href":"https:\/\/riviana.com\/es\/wp-json\/wp\/v2\/pages\/32738","targetHints":{"allow":["GET"]}}],"collection":[{"href":"https:\/\/riviana.com\/es\/wp-json\/wp\/v2\/pages"}],"about":[{"href":"https:\/\/riviana.com\/es\/wp-json\/wp\/v2\/types\/page"}],"author":[{"embeddable":true,"href":"https:\/\/riviana.com\/es\/wp-json\/wp\/v2\/users\/101"}],"replies":[{"embeddable":true,"href":"https:\/\/riviana.com\/es\/wp-json\/wp\/v2\/comments?post=32738"}],"version-history":[{"count":1,"href":"https:\/\/riviana.com\/es\/wp-json\/wp\/v2\/pages\/32738\/revisions"}],"predecessor-version":[{"id":32745,"href":"https:\/\/riviana.com\/es\/wp-json\/wp\/v2\/pages\/32738\/revisions\/32745"}],"up":[{"embeddable":true,"href":"https:\/\/riviana.com\/es\/wp-json\/wp\/v2\/pages\/32917"}],"wp:attachment":[{"href":"https:\/\/riviana.com\/es\/wp-json\/wp\/v2\/media?parent=32738"}],"curies":[{"name":"wp","href":"https:\/\/api.w.org\/{rel}","templated":true}]}}